{"id":6098,"date":"2017-08-26T18:04:21","date_gmt":"2017-08-26T16:04:21","guid":{"rendered":"https:\/\/www.pierrejohnson.eu\/?page_id=6098\/"},"modified":"2017-08-30T11:40:04","modified_gmt":"2017-08-30T09:40:04","slug":"enfoque","status":"publish","type":"page","link":"https:\/\/www.pierrejohnson.eu\/es\/servicios\/enfoque\/","title":{"rendered":"Enfoque"},"content":{"rendered":"<p>[et_pb_section bb_built=\u00bb1&#8243; fullwidth=\u00bboff\u00bb specialty=\u00bbon\u00bb][et_pb_column type=\u00bb3_4&#8243; specialty_columns=\u00bb3&#8243;][et_pb_row_inner admin_label=\u00bbLigne\u00bb][et_pb_column_inner type=\u00bb4_4&#8243; saved_specialty_column_type=\u00bb3_4&#8243;][et_pb_text _builder_version=\u00bb3.0.71&#8243; background_layout=\u00bblight\u00bb text_orientation=\u00bbleft\u00bb border_style=\u00bbsolid\u00bb]<\/p>\n<h3>Nuestro enfoque<\/h3>\n<p>El enfoque que proponemos se basa en la experiencia y los principios del movimiento de la <strong>transici\u00f3n<\/strong>, y la experiencia de varios herramientas, principalmente la permacultura y el biocomercio \u00e9tico. Como herramienta de dise\u00f1o de sitio y de comunidades humanas, la <strong>permacultura<\/strong> se concibe desde una escala muy local hasta una escala m\u00e1s amplia, por ejemplo al niveal de la <strong>bioregi\u00f3n<\/strong>. La perspectiva es entonc\u00e9s de utilizar los recursos locales para responder a las necesidades de alimentaci\u00f3n, de alojaminto, de energ\u00eda, de vestirse y de relaciones h\u00famanas.<\/p>\n<p>Por su parte, el <strong>biocomercio<\/strong> \u00e9tico ayuda a valorar la biodiversidad y el respeto de los pueblos que fueron capaces de preservar y desarrollar el conocimiento para un uso sostenible y eficiente de la misma (para alimentaci\u00f3n, cosm\u00e9ticos, textiles y otros usos), pas\u00e1ndolo de generaci\u00f3n\u00a0en generaci\u00f3n.<\/p>\n<p>Nuestro enfoque se basa en la teor\u00eda de <strong>sistemas<\/strong>, teniendo en cuenta por ejemplo, agricultura, alimentaci\u00f3n, estilos de vida, gesti\u00f3n de los recursos naturales como sistemas integrados que interact\u00faan entre s\u00ed, teniendo cada uno sus propios mecanismos internos. <span id=\"result_box\" class=\"\" lang=\"es\"><span class=\"\">Se basa en el <strong>di\u00e1logo<\/strong> y la escucha de las necesidades y percepciones de nuestros clientes, que consideramos como <strong>socios<\/strong>, y en una <strong>red de expertos y colaboradores<\/strong> que a menudo contribuyen a nuestras misiones.<\/span><\/span><\/p>\n<p>[\/et_pb_text][\/et_pb_column_inner][\/et_pb_row_inner][et_pb_row_inner admin_label=\u00bbLigne\u00bb][et_pb_column_inner type=\u00bb1_2&#8243; saved_specialty_column_type=\u00bb3_4&#8243;][et_pb_button _builder_version=\u00bb3.0.71&#8243; button_text=\u00bbNuestras referencias\u00bb button_url=\u00bb\/en\/who\/clients-references\/\u00bb url_new_window=\u00bboff\u00bb button_alignment=\u00bbcenter\u00bb background_layout=\u00bblight\u00bb custom_button=\u00bboff\u00bb button_letter_spacing=\u00bb0&#8243; button_icon_placement=\u00bbright\u00bb button_letter_spacing_hover=\u00bb0&#8243; \/][\/et_pb_column_inner][et_pb_column_inner type=\u00bb1_2&#8243; saved_specialty_column_type=\u00bb3_4&#8243;][et_pb_button _builder_version=\u00bb3.0.71&#8243; button_text=\u00bbNuestros servicios\u00bb button_url=\u00bb\/es\/servicios\/\u00bb url_new_window=\u00bboff\u00bb button_alignment=\u00bbcenter\u00bb background_layout=\u00bblight\u00bb custom_button=\u00bboff\u00bb button_letter_spacing=\u00bb0&#8243; button_icon_placement=\u00bbright\u00bb button_letter_spacing_hover=\u00bb0&#8243; \/][\/et_pb_column_inner][\/et_pb_row_inner][et_pb_row_inner admin_label=\u00bbLigne\u00bb][et_pb_column_inner type=\u00bb4_4&#8243; saved_specialty_column_type=\u00bb3_4&#8243;][et_pb_contact_form admin_label=\u00bbContacto\u00bb _builder_version=\u00bb3.0.71&#8243; captcha=\u00bbon\u00bb use_redirect=\u00bbon\u00bb input_border_radius=\u00bb0&#8243; border_style=\u00bbsolid\u00bb custom_button=\u00bboff\u00bb button_letter_spacing=\u00bb0&#8243; button_icon_placement=\u00bbright\u00bb button_letter_spacing_hover=\u00bb0&#8243; title=\u00bbContactarnos\u00bb success_message=\u00bbSu mensaje fue enviado con exito\u00bb submit_button_text=\u00bbEnviar\u00bb email=\u00bbcontact@pierrejohnson.eu\u00bb redirect_url=\u00bb\/es\/servicios\/\u00bb saved_tabs=\u00bball\u00bb global_module=\u00bb6271&#8243;] [et_pb_contact_field field_title=\u00bbNombre\u00bb field_type=\u00bbinput\u00bb field_id=\u00bbName\u00bb required_mark=\u00bbon\u00bb fullwidth_field=\u00bboff\u00bb checkbox_checked=\u00bboff\u00bb checkbox_options=\u00bb%91{%22value%22:%22Nom%22,%22checked%22:0}%93&#8243; radio_options=\u00bb%91{%22value%22:%22Nom%22,%22checked%22:0}%93&#8243; select_options=\u00bb%91{%22value%22:%22Nom%22,%22checked%22:0}%93&#8243; min_length=\u00bb0&#8243; max_length=\u00bb0&#8243; allowed_symbols=\u00bball\u00bb conditional_logic=\u00bboff\u00bb conditional_logic_relation=\u00bboff\u00bb conditional_logic_rules=\u00bb%91{%22field%22:%22email%22,%22condition%22:%22is%22,%22value%22:%22%22}%93&#8243; form_field_font_select=\u00bbdefault\u00bb form_field_font=\u00bb||||\u00bb use_border_color=\u00bboff\u00bb border_style=\u00bbsolid\u00bb \/][et_pb_contact_field field_title=\u00bbCorreo electr\u00f3nico\u00bb field_type=\u00bbemail\u00bb field_id=\u00bbEmail\u00bb required_mark=\u00bbon\u00bb fullwidth_field=\u00bboff\u00bb checkbox_checked=\u00bboff\u00bb checkbox_options=\u00bb%91{%22value%22:%22Adresse e-mail%22,%22checked%22:0}%93&#8243; radio_options=\u00bb%91{%22value%22:%22Adresse e-mail%22,%22checked%22:0}%93&#8243; select_options=\u00bb%91{%22value%22:%22Adresse e-mail%22,%22checked%22:0}%93&#8243; min_length=\u00bb0&#8243; max_length=\u00bb0&#8243; allowed_symbols=\u00bball\u00bb conditional_logic=\u00bboff\u00bb conditional_logic_relation=\u00bboff\u00bb conditional_logic_rules=\u00bb%91{%22field%22:%22name%22,%22condition%22:%22is%22,%22value%22:%22%22}%93&#8243; form_field_font_select=\u00bbdefault\u00bb form_field_font=\u00bb||||\u00bb use_border_color=\u00bboff\u00bb border_style=\u00bbsolid\u00bb \/][et_pb_contact_field field_title=\u00bbMensaje\u00bb field_type=\u00bbtext\u00bb field_id=\u00bbMessage\u00bb required_mark=\u00bbon\u00bb fullwidth_field=\u00bbon\u00bb checkbox_checked=\u00bboff\u00bb checkbox_options=\u00bb%91{%22value%22:%22Message%22,%22checked%22:0}%93&#8243; radio_options=\u00bb%91{%22value%22:%22Message%22,%22checked%22:0}%93&#8243; select_options=\u00bb%91{%22value%22:%22Message%22,%22checked%22:0}%93&#8243; min_length=\u00bb0&#8243; max_length=\u00bb0&#8243; allowed_symbols=\u00bball\u00bb conditional_logic=\u00bboff\u00bb conditional_logic_relation=\u00bboff\u00bb conditional_logic_rules=\u00bb%91{%22field%22:%22name%22,%22condition%22:%22is%22,%22value%22:%22%22}%93&#8243; form_field_font_select=\u00bbdefault\u00bb form_field_font=\u00bb||||\u00bb use_border_color=\u00bboff\u00bb border_style=\u00bbsolid\u00bb \/][et_pb_contact_field field_id=\u00bbTipo\u00bb field_title=\u00bbTipo de mensaje\u00bb field_type=\u00bbselect\u00bb checkbox_checked=\u00bboff\u00bb checkbox_options=\u00bb%91{%22value%22:%22%22,%22checked%22:0}%93&#8243; radio_options=\u00bb%91{%22value%22:%22%22,%22checked%22:0}%93&#8243; select_options=\u00bb%91{%22value%22:%22Pedido de informaci\u00f3n%22,%22checked%22:0},{%22value%22:%22Pedido de estimaci\u00f3n%22,%22checked%22:0},{%22value%22:%22Propuesta de negocio%22,%22checked%22:0}%93&#8243; min_length=\u00bb0&#8243; max_length=\u00bb0&#8243; allowed_symbols=\u00bball\u00bb required_mark=\u00bboff\u00bb conditional_logic=\u00bboff\u00bb conditional_logic_relation=\u00bboff\u00bb conditional_logic_rules=\u00bb%91{%22field%22:%22name%22,%22condition%22:%22is%22,%22value%22:%22%22}%93&#8243; fullwidth_field=\u00bbon\u00bb form_field_font_select=\u00bbdefault\u00bb form_field_font=\u00bb||||\u00bb use_border_color=\u00bboff\u00bb border_style=\u00bbsolid\u00bb \/] [\/et_pb_contact_form][\/et_pb_column_inner][\/et_pb_row_inner][\/et_pb_column][et_pb_column type=\u00bb1_4&#8243;][et_pb_sidebar _builder_version=\u00bb3.0.71&#8243; area=\u00bbsidebar-1&#8243; orientation=\u00bbleft\u00bb background_layout=\u00bblight\u00bb \/][\/et_pb_column][\/et_pb_section]<\/p>\n","protected":false},"excerpt":{"rendered":"<p>Nuestro enfoque El enfoque que proponemos se basa en la experiencia y los principios del movimiento de la transici\u00f3n, y la experiencia de varios herramientas, principalmente la permacultura y el biocomercio \u00e9tico. Como herramienta de dise\u00f1o de sitio y de comunidades humanas, la permacultura se concibe desde una escala muy local hasta una escala m\u00e1s [&hellip;]<\/p>\n","protected":false},"author":2,"featured_media":0,"parent":5657,"menu_order":0,"comment_status":"closed","ping_status":"closed","template":"","meta":{"_et_pb_use_builder":"on","_et_pb_old_content":"<p>L\u2019approche que nous proposons est bas\u00e9e sur l\u2019exp\u00e9rience et les principes du mouvement de la <strong><a href=\"https:\/\/www.pierrejohnson.eu\/transition\/\">transition<\/a><\/strong>, et sur plusieurs approches : la <strong>permaculture<\/strong> et le biocommerce \u00e9thique. Outil de conception de sites et de communaut\u00e9s humaines, la permaculture peut se concevoir du niveau tr\u00e8s local \u00e0 un niveau plus large, par exemple celui de la <strong>bior\u00e9gion<\/strong>. La perspective est alors de puiser dans les ressources locales et d'orchestrer les ressources humaines et naturelles pour assurer les besoins en alimentation, en logement, en \u00e9nergie, en habillement et en relations sociales.<\/p><p>Le <strong><a href=\"https:\/\/www.pierrejohnson.eu\/biocommerce\/\">biocommerce<\/a><\/strong> \u00e9thique, pour sa part, permet de valoriser la biodiversit\u00e9 tout en respectant celle-ci ainsi que les peuples qui ont su la conserver et d\u00e9velopper des connaissances permettant un usage p\u00e9renne et efficace de celle-ci (pour des usages alimentaires, cosm\u00e9tiques, textiles et autres), transmis de g\u00e9n\u00e9ration en g\u00e9n\u00e9ration.<\/p><p>Notre approche s\u2019appuie sur la th\u00e9orie des <strong>syst\u00e8mes<\/strong>, consid\u00e9rant par exemple l\u2019agriculture, l\u2019alimentation, les modes de vie, la gestion des ressources naturelles comme des syst\u00e8mes en interaction les uns avec les autres, tout en ayant chacun leurs propres m\u00e9canismes internes.<\/p><ul><li>L'ensemble des services que nous proposons est pr\u00e9sent\u00e9 <a href=\"https:\/\/www.pierrejohnson.eu\/services\/\">ici.<\/a><\/li><\/ul>","_et_gb_content_width":"","jetpack_post_was_ever_published":false,"footnotes":""},"class_list":["post-6098","page","type-page","status-publish","hentry"],"yoast_head":"<!-- This site is optimized with the Yoast SEO plugin v26.9 - https:\/\/yoast.com\/product\/yoast-seo-wordpress\/ -->\n<title>Enfoque - Pierre Johnson - Transition &amp; Cooperation<\/title>\n<meta name=\"robots\" content=\"index, follow, max-snippet:-1, max-image-preview:large, max-video-preview:-1\" \/>\n<link rel=\"canonical\" href=\"https:\/\/www.pierrejohnson.eu\/es\/servicios\/enfoque\/\" \/>\n<meta property=\"og:locale\" content=\"es_ES\" \/>\n<meta property=\"og:type\" content=\"article\" \/>\n<meta property=\"og:title\" content=\"Enfoque - Pierre Johnson - Transition &amp; Cooperation\" \/>\n<meta property=\"og:description\" content=\"Nuestro enfoque El enfoque que proponemos se basa en la experiencia y los principios del movimiento de la transici\u00f3n, y la experiencia de varios herramientas, principalmente la permacultura y el biocomercio \u00e9tico. Como herramienta de dise\u00f1o de sitio y de comunidades humanas, la permacultura se concibe desde una escala muy local hasta una escala m\u00e1s [&hellip;]\" \/>\n<meta property=\"og:url\" content=\"https:\/\/www.pierrejohnson.eu\/es\/servicios\/enfoque\/\" \/>\n<meta property=\"og:site_name\" content=\"Pierre Johnson - Transition &amp; Cooperation\" \/>\n<meta property=\"article:modified_time\" content=\"2017-08-30T09:40:04+00:00\" \/>\n<meta name=\"twitter:card\" content=\"summary_large_image\" \/>\n<meta name=\"twitter:label1\" content=\"Tiempo de lectura\" \/>\n\t<meta name=\"twitter:data1\" content=\"4 minutos\" \/>\n<script type=\"application\/ld+json\" class=\"yoast-schema-graph\">{\"@context\":\"https:\/\/schema.org\",\"@graph\":[{\"@type\":\"WebPage\",\"@id\":\"https:\/\/www.pierrejohnson.eu\/es\/servicios\/enfoque\/\",\"url\":\"https:\/\/www.pierrejohnson.eu\/es\/servicios\/enfoque\/\",\"name\":\"Enfoque - Pierre Johnson - Transition &amp; Cooperation\",\"isPartOf\":{\"@id\":\"https:\/\/www.pierrejohnson.eu\/es\/#website\"},\"datePublished\":\"2017-08-26T16:04:21+00:00\",\"dateModified\":\"2017-08-30T09:40:04+00:00\",\"breadcrumb\":{\"@id\":\"https:\/\/www.pierrejohnson.eu\/es\/servicios\/enfoque\/#breadcrumb\"},\"inLanguage\":\"es\",\"potentialAction\":[{\"@type\":\"ReadAction\",\"target\":[\"https:\/\/www.pierrejohnson.eu\/es\/servicios\/enfoque\/\"]}]},{\"@type\":\"BreadcrumbList\",\"@id\":\"https:\/\/www.pierrejohnson.eu\/es\/servicios\/enfoque\/#breadcrumb\",\"itemListElement\":[{\"@type\":\"ListItem\",\"position\":1,\"name\":\"Accueil\",\"item\":\"https:\/\/www.pierrejohnson.eu\/es\/\"},{\"@type\":\"ListItem\",\"position\":2,\"name\":\"Servicios\",\"item\":\"https:\/\/www.pierrejohnson.eu\/es\/servicios\/\"},{\"@type\":\"ListItem\",\"position\":3,\"name\":\"Enfoque\"}]},{\"@type\":\"WebSite\",\"@id\":\"https:\/\/www.pierrejohnson.eu\/es\/#website\",\"url\":\"https:\/\/www.pierrejohnson.eu\/es\/\",\"name\":\"Pierre Johnson - Transition &amp; Cooperation\",\"description\":\"Transition to sustainability requires cooperation\",\"potentialAction\":[{\"@type\":\"SearchAction\",\"target\":{\"@type\":\"EntryPoint\",\"urlTemplate\":\"https:\/\/www.pierrejohnson.eu\/es\/?s={search_term_string}\"},\"query-input\":{\"@type\":\"PropertyValueSpecification\",\"valueRequired\":true,\"valueName\":\"search_term_string\"}}],\"inLanguage\":\"es\"}]}<\/script>\n<!-- \/ Yoast SEO plugin. -->","yoast_head_json":{"title":"Enfoque - Pierre Johnson - Transition &amp; Cooperation","robots":{"index":"index","follow":"follow","max-snippet":"max-snippet:-1","max-image-preview":"max-image-preview:large","max-video-preview":"max-video-preview:-1"},"canonical":"https:\/\/www.pierrejohnson.eu\/es\/servicios\/enfoque\/","og_locale":"es_ES","og_type":"article","og_title":"Enfoque - Pierre Johnson - Transition &amp; Cooperation","og_description":"Nuestro enfoque El enfoque que proponemos se basa en la experiencia y los principios del movimiento de la transici\u00f3n, y la experiencia de varios herramientas, principalmente la permacultura y el biocomercio \u00e9tico. Como herramienta de dise\u00f1o de sitio y de comunidades humanas, la permacultura se concibe desde una escala muy local hasta una escala m\u00e1s [&hellip;]","og_url":"https:\/\/www.pierrejohnson.eu\/es\/servicios\/enfoque\/","og_site_name":"Pierre Johnson - Transition &amp; Cooperation","article_modified_time":"2017-08-30T09:40:04+00:00","twitter_card":"summary_large_image","twitter_misc":{"Tiempo de lectura":"4 minutos"},"schema":{"@context":"https:\/\/schema.org","@graph":[{"@type":"WebPage","@id":"https:\/\/www.pierrejohnson.eu\/es\/servicios\/enfoque\/","url":"https:\/\/www.pierrejohnson.eu\/es\/servicios\/enfoque\/","name":"Enfoque - Pierre Johnson - Transition &amp; Cooperation","isPartOf":{"@id":"https:\/\/www.pierrejohnson.eu\/es\/#website"},"datePublished":"2017-08-26T16:04:21+00:00","dateModified":"2017-08-30T09:40:04+00:00","breadcrumb":{"@id":"https:\/\/www.pierrejohnson.eu\/es\/servicios\/enfoque\/#breadcrumb"},"inLanguage":"es","potentialAction":[{"@type":"ReadAction","target":["https:\/\/www.pierrejohnson.eu\/es\/servicios\/enfoque\/"]}]},{"@type":"BreadcrumbList","@id":"https:\/\/www.pierrejohnson.eu\/es\/servicios\/enfoque\/#breadcrumb","itemListElement":[{"@type":"ListItem","position":1,"name":"Accueil","item":"https:\/\/www.pierrejohnson.eu\/es\/"},{"@type":"ListItem","position":2,"name":"Servicios","item":"https:\/\/www.pierrejohnson.eu\/es\/servicios\/"},{"@type":"ListItem","position":3,"name":"Enfoque"}]},{"@type":"WebSite","@id":"https:\/\/www.pierrejohnson.eu\/es\/#website","url":"https:\/\/www.pierrejohnson.eu\/es\/","name":"Pierre Johnson - Transition &amp; Cooperation","description":"Transition to sustainability requires cooperation","potentialAction":[{"@type":"SearchAction","target":{"@type":"EntryPoint","urlTemplate":"https:\/\/www.pierrejohnson.eu\/es\/?s={search_term_string}"},"query-input":{"@type":"PropertyValueSpecification","valueRequired":true,"valueName":"search_term_string"}}],"inLanguage":"es"}]}},"jetpack_shortlink":"https:\/\/wp.me\/P938H5-1Am","jetpack-related-posts":[],"jetpack_sharing_enabled":true,"_links":{"self":[{"href":"https:\/\/www.pierrejohnson.eu\/es\/wp-json\/wp\/v2\/pages\/6098","targetHints":{"allow":["GET"]}}],"collection":[{"href":"https:\/\/www.pierrejohnson.eu\/es\/wp-json\/wp\/v2\/pages"}],"about":[{"href":"https:\/\/www.pierrejohnson.eu\/es\/wp-json\/wp\/v2\/types\/page"}],"author":[{"embeddable":true,"href":"https:\/\/www.pierrejohnson.eu\/es\/wp-json\/wp\/v2\/users\/2"}],"replies":[{"embeddable":true,"href":"https:\/\/www.pierrejohnson.eu\/es\/wp-json\/wp\/v2\/comments?post=6098"}],"version-history":[{"count":11,"href":"https:\/\/www.pierrejohnson.eu\/es\/wp-json\/wp\/v2\/pages\/6098\/revisions"}],"predecessor-version":[{"id":6343,"href":"https:\/\/www.pierrejohnson.eu\/es\/wp-json\/wp\/v2\/pages\/6098\/revisions\/6343"}],"up":[{"embeddable":true,"href":"https:\/\/www.pierrejohnson.eu\/es\/wp-json\/wp\/v2\/pages\/5657"}],"wp:attachment":[{"href":"https:\/\/www.pierrejohnson.eu\/es\/wp-json\/wp\/v2\/media?parent=6098"}],"curies":[{"name":"wp","href":"https:\/\/api.w.org\/{rel}","templated":true}]}}