{"id":6069,"date":"2017-08-26T19:58:41","date_gmt":"2017-08-26T17:58:41","guid":{"rendered":"https:\/\/www.pierrejohnson.eu\/?page_id=6069\/"},"modified":"2017-08-29T10:56:26","modified_gmt":"2017-08-29T08:56:26","slug":"bioeconomia","status":"publish","type":"page","link":"https:\/\/www.pierrejohnson.eu\/es\/bioeconomia\/","title":{"rendered":"Bioeconom\u00eda"},"content":{"rendered":"<p>[et_pb_section bb_built=\u00bb1&#8243; admin_label=\u00bbsection\u00bb fullwidth=\u00bboff\u00bb specialty=\u00bbon\u00bb _builder_version=\u00bb3.0.60&#8243; background_position_1=\u00bbtop_left\u00bb background_repeat_1=\u00bbno-repeat\u00bb background_position_2=\u00bbtop_left\u00bb background_repeat_2=\u00bbno-repeat\u00bb custom_padding=\u00bb0px||0px|\u00bb][et_pb_column type=\u00bb3_4&#8243; specialty_columns=\u00bb3&#8243;][et_pb_row_inner _builder_version=\u00bb3.0.60&#8243; background_position_1=\u00bbtop_left\u00bb background_repeat_1=\u00bbno-repeat\u00bb custom_margin=\u00bb0px|||\u00bb][et_pb_column_inner type=\u00bb4_4&#8243; saved_specialty_column_type=\u00bb3_4&#8243;][et_pb_text admin_label=\u00bbTitre\u00bb _builder_version=\u00bb3.0.70&#8243; background_layout=\u00bblight\u00bb text_orientation=\u00bbleft\u00bb border_style=\u00bbsolid\u00bb]<\/p>\n<h1>Bioeconom\u00eda<\/h1>\n<p><span id=\"result_box\" class=\"\" lang=\"es\"><span class=\"\">La bioeconom\u00eda es un enfoque te\u00f3rico y pr\u00e1ctico que permite conciliar la actividad econ\u00f3mica con los principios de la vida, y de esta manera salir del camino sin salida del crecimiento del PIB y de la deuda ecol\u00f3gica, social y financiera.\u00a0<\/span> <\/span><\/p>\n<p>[\/et_pb_text][et_pb_image _builder_version=\u00bb3.0.70&#8243; src=\u00bbhttps:\/\/www.pierrejohnson.eu\/wp-content\/uploads\/2017\/08\/BandeauBioeconomie.png\u00bb show_in_lightbox=\u00bboff\u00bb url_new_window=\u00bboff\u00bb use_overlay=\u00bboff\u00bb sticky=\u00bboff\u00bb align=\u00bbleft\u00bb always_center_on_mobile=\u00bbon\u00bb border_style=\u00bbsolid\u00bb force_fullwidth=\u00bboff\u00bb animation=\u00bboff\u00bb \/][et_pb_text _builder_version=\u00bb3.0.70&#8243; background_layout=\u00bblight\u00bb text_orientation=\u00bbleft\u00bb border_style=\u00bbsolid\u00bb]<\/p>\n<p>La relaci\u00f3n actual de nuestra econom\u00eda con la vida est\u00e1 construida sobre una ilusi\u00f3n: poder escapar de la l\u00f3gica y de los ciclos naturales. Su l\u00f3gica es lineal: \u00ab\u00a0abastecimiento\u00bb de materias primas, procesamiento, consumo, y luego \u00abresiduos\u00bb descargados en la naturaleza. Los videos de Annie L\u00e9onard \u00abStory of Stuff\u00bb lo explica muy bien (<a href=\"https:\/\/youtu.be\/1SJtgtVDhMo\" target=\"_blank\" rel=\"noopener\">aqu\u00ed, subtitulado en espa\u00f1ol)<\/a>.<\/p>\n<blockquote><p>Tomemos por ejemplo el ciclo de vida de una lata de bebida gazeosa. Su producci\u00f3n requiere importantes recursos de materias primas (aluminio, hecho a partir de bauxita, agua, az\u00facar, aromas) y energ\u00eda (para extraer el aluminio de la bauxita, producir la lata, y finalmente transportar la bebida. Aquela bebida a veces pasa varios d\u00edas en un refrigerador, pero se consume en unos cuantos minutos, y luego su recipiente esta desechada con la \u00abbasura\u00bb. En Francia, s\u00f3lo 2 de cada 3 latas se reciclan. Esta cantidad puede parecer importante, pero significa que al menos 1,5 mil millones de latas al a\u00f1o no se reciclan en este pa\u00eds. Representa alrededor de 34.000 toneladas de toneladas de residuos no reciclados para este uso solo.<\/p><\/blockquote>\n<p>La noci\u00f3n de residuos es inexistente en los organismos vivos. Todo lo que sale de un ciclo de producci\u00f3n &#8211; procesamiento &#8211; consumo natural esta utilizado como materia prima para un otro organismo (animal, planta u hongo) y entra en otro ciclo. Al igual que el funcionamiento de los ecosistemas, la <strong>bioeconom\u00eda<\/strong> consiste en <strong>volver a sincronizar ciclos econ\u00f3micos<\/strong> (flujos de materia, energ\u00eda y valor) <strong>con los ciclos de la vida<\/strong>. Es una respuesta simple en su principio general, pero un reto en su aplicaci\u00f3n para salir de la econom\u00eda lineal, ya que se enfrenta a l\u00f3gicas financieras, representaciones y procedimientos profundamente arraigadas en nuestras sociedades. En nuestro ejemplo, una producci\u00f3n local de bebidas a partir de recursos locales (frutas, agua), articulada a la reutilizaci\u00f3n de recipientes ayudan a eliminar los residuos y reducir significativamente el gasto energ\u00e9tico relacionado con la producci\u00f3n y el transporte.<\/p>\n<p>Antes de ser recuperada por instituciones como la OCDE, la <strong>bioeconom\u00eda<\/strong> se ha definido con precisi\u00f3n por los economistas precursora de una econom\u00eda ecol\u00f3gica (Nicholas Georgescu-Roegen y Ren\u00e9 Passet) como la respuesta a la necesidad de conciliar la actividad econ\u00f3mica con\u00a0los principios de la vida, y por lo tanto vivir y trabajar dentro de los l\u00edmites planetarios. Algunos investigadores (como F. Capra o J. Banyuls, fundador de biomimetismo, Bill Mollison y David Holmgren, fundadores de la permacultura definieron principios que sirven como ideas directrices para progresar en esta direcci\u00f3n. Esta econom\u00eda se basa principalmente en la solidaridad con todos los seres vivos y entre los seres humanos, y esto a largo plazo. Se trata de dar valor a lo que hace una vida plena y saludable (felicidad, relaciones humanas, una base m\u00ednima de bienestar material) en lugar de la acumulaci\u00f3n de bienes.<\/p>\n<p>A su manera, el <strong>emprendimiento social<\/strong>, la econom\u00eda social, el biocomercio \u00e9tico, y enfoques tales como la econom\u00eda circular o la econom\u00eda\u00a0colaborativa, tratan de responder a estos desaf\u00edos. Estas respuestas son a menudo parciales (como en una forma de econom\u00eda colaborativa altamente capitalista), a veces mejor integradas. Los esfuerzos por ir adelante no son tanto te\u00f3ricos (como el esfuerzo de recopilaci\u00f3n y extensi\u00f3n desarrollado por I. Delannoy trav\u00e9s de una\u00a0econom\u00eda cualificada de\u00a0simbi\u00f3tica) que pr\u00e1cticas. Necesitamos m\u00e1s acci\u00f3n, experimentaci\u00f3n, m\u00e9todos, acompa\u00f1amiento que teor\u00eda. Sin embargo, a\u00fan queda mucho por hacer para introducir este enfoque en las organizaciones y los territorios.<\/p>\n<ul>\n<li><a href=\"https:\/\/www.pierrejohnson.eu\/es\/servicios\/enfoque\/\">Aprender m\u00e1s sobre nuestro enfoque<\/a><\/li>\n<\/ul>\n<p>[\/et_pb_text][et_pb_button _builder_version=\u00bb3.0.71&#8243; button_text=\u00bbNuestro enfoque\u00bb button_url=\u00bb\/es\/servicios\/enfoque\/\u00bb url_new_window=\u00bboff\u00bb button_alignment=\u00bbcenter\u00bb background_layout=\u00bblight\u00bb custom_button=\u00bboff\u00bb button_letter_spacing=\u00bb0&#8243; button_icon_placement=\u00bbright\u00bb button_letter_spacing_hover=\u00bb0&#8243; \/][\/et_pb_column_inner][\/et_pb_row_inner][et_pb_row_inner][et_pb_column_inner type=\u00bb1_2&#8243; saved_specialty_column_type=\u00bb3_4&#8243;][et_pb_button _builder_version=\u00bb3.0.71&#8243; button_text=\u00bbArt\u00edculos del blog\u00bb button_url=\u00bbhttp:\/\/www.pierrejohnson.eu\/category\/biotrade-es\/\u00bb url_new_window=\u00bboff\u00bb button_alignment=\u00bbcenter\u00bb background_layout=\u00bblight\u00bb custom_button=\u00bboff\u00bb button_letter_spacing=\u00bb0&#8243; button_icon_placement=\u00bbright\u00bb button_letter_spacing_hover=\u00bb0&#8243; \/][et_pb_blog admin_label=\u00bbArticles sur le biocommerce\u00bb _builder_version=\u00bb3.0.59&#8243; include_categories=\u00bb59&#8243; show_content=\u00bboff\u00bb offset_number=\u00bb0&#8243; show_thumbnail=\u00bbon\u00bb show_more=\u00bbon\u00bb show_author=\u00bbon\u00bb show_date=\u00bbon\u00bb show_categories=\u00bbon\u00bb show_comments=\u00bboff\u00bb show_pagination=\u00bbon\u00bb fullwidth=\u00bbon\u00bb use_dropshadow=\u00bboff\u00bb use_overlay=\u00bboff\u00bb background_layout=\u00bblight\u00bb border_style=\u00bbsolid\u00bb posts_number=\u00bb3&#8243; \/][\/et_pb_column_inner][et_pb_column_inner type=\u00bb1_2&#8243; saved_specialty_column_type=\u00bb3_4&#8243;][et_pb_button _builder_version=\u00bb3.0.71&#8243; button_text=\u00bbOtras categor\u00edas de art\u00edculos\u00bb url_new_window=\u00bboff\u00bb button_alignment=\u00bbcenter\u00bb background_layout=\u00bblight\u00bb custom_button=\u00bboff\u00bb button_letter_spacing=\u00bb0&#8243; button_icon_placement=\u00bbright\u00bb button_letter_spacing_hover=\u00bb0&#8243; button_url=\u00bbhttp:\/\/www.pierrejohnson.eu\/es\/blog\/\u00bb \/][et_pb_blog admin_label=\u00bbTous articles\u00bb _builder_version=\u00bb3.0.59&#8243; posts_number=\u00bb3&#8243; include_categories=\u00bb101,1,62&#8243; show_content=\u00bboff\u00bb offset_number=\u00bb0&#8243; show_thumbnail=\u00bbon\u00bb show_more=\u00bboff\u00bb show_author=\u00bboff\u00bb show_date=\u00bbon\u00bb show_categories=\u00bbon\u00bb show_comments=\u00bboff\u00bb show_pagination=\u00bbon\u00bb fullwidth=\u00bbon\u00bb use_dropshadow=\u00bboff\u00bb use_overlay=\u00bboff\u00bb background_layout=\u00bblight\u00bb border_style=\u00bbsolid\u00bb \/][\/et_pb_column_inner][\/et_pb_row_inner][\/et_pb_column][et_pb_column type=\u00bb1_4&#8243;][et_pb_sidebar _builder_version=\u00bb3.0.60&#8243; area=\u00bbsidebar-1&#8243; orientation=\u00bbleft\u00bb background_layout=\u00bblight\u00bb remove_border=\u00bbon\u00bb body_font_size=\u00bb12&#8243; \/][\/et_pb_column][\/et_pb_section]<\/p>\n","protected":false},"excerpt":{"rendered":"<p>Bioeconom\u00eda La bioeconom\u00eda es un enfoque te\u00f3rico y pr\u00e1ctico que permite conciliar la actividad econ\u00f3mica con los principios de la vida, y de esta manera salir del camino sin salida del crecimiento del PIB y de la deuda ecol\u00f3gica, social y financiera.\u00a0 La relaci\u00f3n actual de nuestra econom\u00eda con la vida est\u00e1 construida sobre una [&hellip;]<\/p>\n","protected":false},"author":2,"featured_media":0,"parent":0,"menu_order":0,"comment_status":"closed","ping_status":"closed","template":"","meta":{"_et_pb_use_builder":"on","_et_pb_old_content":"<div><strong>Le rapport actuel de notre \u00e9conomie au vivant est b\u00e2ti sur une illusion\u00a0: celle de pouvoir \u00e9chapper \u00e0 la logique et aux cycles naturels.<\/strong> Sa logique est lin\u00e9aire : \u00ab\u00a0approvisionnement\u00a0\u00bb en mati\u00e8res premi\u00e8res, transformation, consommation, puis production de \u00ab\u00a0d\u00e9chets\u00a0\u00bb rejet\u00e9s dans la nature.\u00a0La s\u00e9rie de vid\u00e9os \u00e9ducatives d'Annie L\u00e9onard pr\u00e9sent\u00e9s sous le titre \u00ab Story of Stuff\u00a0\u00bb explique tr\u00e8s bien cet \u00e9tat de fait (<a href=\"https:\/\/youtu.be\/rdunyX3jymk\">ici sous-titr\u00e9es en fran\u00e7ais<\/a>). Voici un autre exemple :<\/div><blockquote><div>\u00a0Prenons par exemple le cycle de vie\u00a0d\u2019une canette de boisson p\u00e9tillante. Sa production demande des ressources importantes en mati\u00e8res premi\u00e8res (aluminium, fabriqu\u00e9 \u00e0 partir de la bauxite, eau, sucre, ar\u00f4mes) et en \u00e9nergie (pour extraire l\u2019aluminium de la bauxite, puis fabriquer la canette, et finalement transporter la boisson de son lieu de fabrication \u00e0 ses points de vente, et de ceux-ci au domicile du consommateur, parfois en v\u00e9hicule individuel. La boisson, qui passe parfois plusieurs jours en r\u00e9frig\u00e9rateur, est consomm\u00e9e en quelques minutes, puis son contenant est jet\u00e9 avec les \u00ab\u00a0ordures\u00a0\u00bb. En France, seulement 2 canettes sur 3 sont recycl\u00e9es. Cela peut para\u00eetre important, mais cela signifie qu\u2019au moins 1,5 milliards de canettes par an ne sont pas recycl\u00e9s dans ce pays. Soit environ\u00a034000 tonnes tonnes de d\u00e9chets non recycl\u00e9s pour ce seul usage.<\/div><\/blockquote><div>\u00a0Or la notion de d\u00e9chets est inexistante dans le vivant. Tout ce qui \u00ab\u00a0sort\u00a0\u00bb d\u2019une boucle de production-transformation-consommation naturelle sert de mati\u00e8re premi\u00e8re \u00e0 un autre organisme (animal, v\u00e9g\u00e9tal ou champignon) et entre dans une autre boucle. \u00c0 l\u2019instar du fonctionnement des \u00e9cosyst\u00e8mes, la <strong>bio\u00e9conomie<\/strong> consiste \u00e0\u00a0<strong>resynchroniser les cycles \u00e9conomiques<\/strong> (flux de mati\u00e8re, d'\u00e9nergie et de valeur) <strong>aux cycles du vivant<\/strong>. C\u2019est une r\u00e9ponse,\u00a0simple dans son principe g\u00e9n\u00e9ral, difficile dans son application, aux impasses de l\u2019\u00e9conomie lin\u00e9aire, tant elle se heurte \u00e0 la logique financi\u00e8re, aux repr\u00e9sentations et aux modes op\u00e9ratoires profond\u00e9ment ancr\u00e9s dans nos soci\u00e9t\u00e9s.\u00a0Dans notre exemple, une production locale de boisson, \u00e0 partir de ressources locales (fruits, eau), coupl\u00e9e avec une r\u00e9utilisation des contenants contribuerait \u00e0 \u00e9liminer tout d\u00e9chet, et \u00e0 diminuer consid\u00e9rablement la d\u00e9pense d\u2019\u00e9nergie li\u00e9e \u00e0 la production et au transport.<\/div><div>\u00a0<\/div><div>Avant d'\u00eatre reprise par des institutions comme l'OCDE,\u00a0 la bio\u00e9conomie a \u00e9t\u00e9 d\u00e9finie pr\u00e9cis\u00e9ment\u00a0par des \u00e9conomistes pr\u00e9curseurs d'une \u00e9conomie \u00e9cologique (Nicholas Georgescu-Roegen et Ren\u00e9 Passet) comme la r\u00e9ponse \u00e0 la n\u00e9cessit\u00e9 de\u00a0 concilier l\u2019activit\u00e9 \u00e9conomique avec les principe du vivant, et donc de <a href=\"https:\/\/www.pierrejohnson.eu\/limites-planetaires\/\">vivre et de travailler dans les limites plan\u00e9taires<\/a>.\u00a0Certains chercheurs (comme\u00a0F. Capra ou J. Banyuls, fondatrice du biomim\u00e9tisme, Bill Mollison et David Holmgren fondateurs de la permaculture) ont d\u00e9fini des principes servant d\u2019id\u00e9es r\u00e9gulatrices pour avancer dans cette voie.\u00a0Une telle \u00e9conomie repose principalement sur la solidarit\u00e9 avec le vivant et entre les humains, et ceci sur le long terme.Elle suppose de donner de la valeur \u00e0 ce qui fait une vie pleine et saine (le bonheur, les relations humaines, sur un socle de bien-\u00eatre mat\u00e9riel minimal) plut\u00f4t qu'\u00e0 l'accumulation de biens.<\/div><div>\u00a0<\/div><div>\u00c0 leur fa\u00e7on, l'<a href=\"https:\/\/www.pierrejohnson.eu\/tag\/entre-social\/\"><strong>en<\/strong>trepreneuriat social<\/a>, l'\u00e9conomie sociale et solidaire, le <a href=\"https:\/\/www.pierrejohnson.eu\/biocommerce\/\">biocommerce<\/a> \u00e9thique, et des approches comme l'\u00e9conomie circulaire ou l'\u00e9conomie collaborative, essaient de r\u00e9pondre \u00e0 ces enjeux. Ces r\u00e9ponses sont souvent parfois partielles (comme dans une forme d'\u00e9conomie collaborative tr\u00e8s capitalistique), parfois mieux int\u00e9gr\u00e9es. Les efforts \u00e0 r\u00e9aliser ne sont pas tant th\u00e9oriques (effort de compilation et de vulgarisation \u00e9labor\u00e9 par I. Delannoy avec l'\u00e9conomie symbiotique) que pratiques. Nous avons davantage besoin d'actions, d'exp\u00e9rimentation, de m\u00e9thodes, d'accompagnement que de th\u00e9orie. Pourtant, beaucoup d'efforts restent \u00e0 faire pour introduire cette approche dans les organisations et sur les territoires.<\/div><div>\u00a0<\/div><div>L\u2019approche que nous proposons est bas\u00e9e sur l\u2019exp\u00e9rience et les principes du mouvement de la\u00a0<strong><a href=\"https:\/\/www.pierrejohnson.eu\/transition\/\">transition<\/a><\/strong>, et sur plusieurs approches : la <strong>permaculture<\/strong> et le biocommerce \u00e9thique. Outil de conception de sites et de communaut\u00e9s humaines, la permaculture peut se concevoir du niveau tr\u00e8s local \u00e0 un niveau plus large, par exemple celui de la <strong>bior\u00e9gion<\/strong>. La perspective est alors de puiser dans les ressources locales et d'orchestrer les ressources humaines et naturelles pour assurer les besoins en alimentation, en logement, en \u00e9nergie et en habillement. Le <strong><a href=\"https:\/\/www.pierrejohnson.eu\/biocommerce\/\">biocommerce<\/a><\/strong> \u00e9thique, pour sa part, permet de valoriser la biodiversit\u00e9 tout en respectant celle-ci ainsi que les peuples qui ont su la conserver et d\u00e9velopper des connaissances permettant un usage p\u00e9renne et efficace de celle-ci (pour des usages alimentaires, cosm\u00e9tiques, textiles et autres), transmis de g\u00e9n\u00e9ration en g\u00e9n\u00e9ration.<\/div><div>\u00a0<\/div><div>Notre approche s\u2019appuie sur la th\u00e9orie des <strong>syst\u00e8mes<\/strong>, consid\u00e9rant par exemple l\u2019agriculture, l\u2019alimentation, les modes de vie, la gestion des ressources naturelles comme des syst\u00e8mes en interaction les uns avec les autres, tout en ayant chacun leurs propres m\u00e9canismes internes.<\/div>","_et_gb_content_width":"","jetpack_post_was_ever_published":false,"footnotes":""},"class_list":["post-6069","page","type-page","status-publish","hentry"],"yoast_head":"<!-- This site is optimized with the Yoast SEO plugin v26.9 - https:\/\/yoast.com\/product\/yoast-seo-wordpress\/ -->\n<title>La bioeconom\u00eda para conciliar la actividad econ\u00f3mica con la vida<\/title>\n<meta name=\"description\" content=\"La bioeconom\u00eda es un enfoque te\u00f3rico y pr\u00e1ctico que permite conciliar la actividad econ\u00f3mica con los principios de la vida\" \/>\n<meta name=\"robots\" content=\"index, follow, max-snippet:-1, max-image-preview:large, max-video-preview:-1\" \/>\n<link rel=\"canonical\" href=\"https:\/\/www.pierrejohnson.eu\/es\/bioeconomia\/\" \/>\n<meta property=\"og:locale\" content=\"es_ES\" \/>\n<meta property=\"og:type\" content=\"article\" \/>\n<meta property=\"og:title\" content=\"La bioeconom\u00eda para conciliar la actividad econ\u00f3mica con la vida\" \/>\n<meta property=\"og:description\" content=\"La bioeconom\u00eda es un enfoque te\u00f3rico y pr\u00e1ctico que permite conciliar la actividad econ\u00f3mica con los principios de la vida\" \/>\n<meta property=\"og:url\" content=\"https:\/\/www.pierrejohnson.eu\/es\/bioeconomia\/\" \/>\n<meta property=\"og:site_name\" content=\"Pierre Johnson - Transition &amp; Cooperation\" \/>\n<meta property=\"article:modified_time\" content=\"2017-08-29T08:56:26+00:00\" \/>\n<meta name=\"twitter:card\" content=\"summary_large_image\" \/>\n<meta name=\"twitter:label1\" content=\"Tiempo de lectura\" \/>\n\t<meta name=\"twitter:data1\" content=\"6 minutos\" \/>\n<script type=\"application\/ld+json\" class=\"yoast-schema-graph\">{\"@context\":\"https:\/\/schema.org\",\"@graph\":[{\"@type\":\"WebPage\",\"@id\":\"https:\/\/www.pierrejohnson.eu\/es\/bioeconomia\/\",\"url\":\"https:\/\/www.pierrejohnson.eu\/es\/bioeconomia\/\",\"name\":\"La bioeconom\u00eda para conciliar la actividad econ\u00f3mica con la vida\",\"isPartOf\":{\"@id\":\"https:\/\/www.pierrejohnson.eu\/es\/#website\"},\"datePublished\":\"2017-08-26T17:58:41+00:00\",\"dateModified\":\"2017-08-29T08:56:26+00:00\",\"description\":\"La bioeconom\u00eda es un enfoque te\u00f3rico y pr\u00e1ctico que permite conciliar la actividad econ\u00f3mica con los principios de la vida\",\"breadcrumb\":{\"@id\":\"https:\/\/www.pierrejohnson.eu\/es\/bioeconomia\/#breadcrumb\"},\"inLanguage\":\"es\",\"potentialAction\":[{\"@type\":\"ReadAction\",\"target\":[\"https:\/\/www.pierrejohnson.eu\/es\/bioeconomia\/\"]}]},{\"@type\":\"BreadcrumbList\",\"@id\":\"https:\/\/www.pierrejohnson.eu\/es\/bioeconomia\/#breadcrumb\",\"itemListElement\":[{\"@type\":\"ListItem\",\"position\":1,\"name\":\"Accueil\",\"item\":\"https:\/\/www.pierrejohnson.eu\/es\/\"},{\"@type\":\"ListItem\",\"position\":2,\"name\":\"Bioeconom\u00eda\"}]},{\"@type\":\"WebSite\",\"@id\":\"https:\/\/www.pierrejohnson.eu\/es\/#website\",\"url\":\"https:\/\/www.pierrejohnson.eu\/es\/\",\"name\":\"Pierre Johnson - Transition &amp; Cooperation\",\"description\":\"Transition to sustainability requires cooperation\",\"potentialAction\":[{\"@type\":\"SearchAction\",\"target\":{\"@type\":\"EntryPoint\",\"urlTemplate\":\"https:\/\/www.pierrejohnson.eu\/es\/?s={search_term_string}\"},\"query-input\":{\"@type\":\"PropertyValueSpecification\",\"valueRequired\":true,\"valueName\":\"search_term_string\"}}],\"inLanguage\":\"es\"}]}<\/script>\n<!-- \/ Yoast SEO plugin. -->","yoast_head_json":{"title":"La bioeconom\u00eda para conciliar la actividad econ\u00f3mica con la vida","description":"La bioeconom\u00eda es un enfoque te\u00f3rico y pr\u00e1ctico que permite conciliar la actividad econ\u00f3mica con los principios de la vida","robots":{"index":"index","follow":"follow","max-snippet":"max-snippet:-1","max-image-preview":"max-image-preview:large","max-video-preview":"max-video-preview:-1"},"canonical":"https:\/\/www.pierrejohnson.eu\/es\/bioeconomia\/","og_locale":"es_ES","og_type":"article","og_title":"La bioeconom\u00eda para conciliar la actividad econ\u00f3mica con la vida","og_description":"La bioeconom\u00eda es un enfoque te\u00f3rico y pr\u00e1ctico que permite conciliar la actividad econ\u00f3mica con los principios de la vida","og_url":"https:\/\/www.pierrejohnson.eu\/es\/bioeconomia\/","og_site_name":"Pierre Johnson - Transition &amp; Cooperation","article_modified_time":"2017-08-29T08:56:26+00:00","twitter_card":"summary_large_image","twitter_misc":{"Tiempo de lectura":"6 minutos"},"schema":{"@context":"https:\/\/schema.org","@graph":[{"@type":"WebPage","@id":"https:\/\/www.pierrejohnson.eu\/es\/bioeconomia\/","url":"https:\/\/www.pierrejohnson.eu\/es\/bioeconomia\/","name":"La bioeconom\u00eda para conciliar la actividad econ\u00f3mica con la vida","isPartOf":{"@id":"https:\/\/www.pierrejohnson.eu\/es\/#website"},"datePublished":"2017-08-26T17:58:41+00:00","dateModified":"2017-08-29T08:56:26+00:00","description":"La bioeconom\u00eda es un enfoque te\u00f3rico y pr\u00e1ctico que permite conciliar la actividad econ\u00f3mica con los principios de la vida","breadcrumb":{"@id":"https:\/\/www.pierrejohnson.eu\/es\/bioeconomia\/#breadcrumb"},"inLanguage":"es","potentialAction":[{"@type":"ReadAction","target":["https:\/\/www.pierrejohnson.eu\/es\/bioeconomia\/"]}]},{"@type":"BreadcrumbList","@id":"https:\/\/www.pierrejohnson.eu\/es\/bioeconomia\/#breadcrumb","itemListElement":[{"@type":"ListItem","position":1,"name":"Accueil","item":"https:\/\/www.pierrejohnson.eu\/es\/"},{"@type":"ListItem","position":2,"name":"Bioeconom\u00eda"}]},{"@type":"WebSite","@id":"https:\/\/www.pierrejohnson.eu\/es\/#website","url":"https:\/\/www.pierrejohnson.eu\/es\/","name":"Pierre Johnson - Transition &amp; Cooperation","description":"Transition to sustainability requires cooperation","potentialAction":[{"@type":"SearchAction","target":{"@type":"EntryPoint","urlTemplate":"https:\/\/www.pierrejohnson.eu\/es\/?s={search_term_string}"},"query-input":{"@type":"PropertyValueSpecification","valueRequired":true,"valueName":"search_term_string"}}],"inLanguage":"es"}]}},"jetpack_shortlink":"https:\/\/wp.me\/P938H5-1zT","jetpack-related-posts":[],"jetpack_sharing_enabled":true,"_links":{"self":[{"href":"https:\/\/www.pierrejohnson.eu\/es\/wp-json\/wp\/v2\/pages\/6069","targetHints":{"allow":["GET"]}}],"collection":[{"href":"https:\/\/www.pierrejohnson.eu\/es\/wp-json\/wp\/v2\/pages"}],"about":[{"href":"https:\/\/www.pierrejohnson.eu\/es\/wp-json\/wp\/v2\/types\/page"}],"author":[{"embeddable":true,"href":"https:\/\/www.pierrejohnson.eu\/es\/wp-json\/wp\/v2\/users\/2"}],"replies":[{"embeddable":true,"href":"https:\/\/www.pierrejohnson.eu\/es\/wp-json\/wp\/v2\/comments?post=6069"}],"version-history":[{"count":13,"href":"https:\/\/www.pierrejohnson.eu\/es\/wp-json\/wp\/v2\/pages\/6069\/revisions"}],"predecessor-version":[{"id":6221,"href":"https:\/\/www.pierrejohnson.eu\/es\/wp-json\/wp\/v2\/pages\/6069\/revisions\/6221"}],"wp:attachment":[{"href":"https:\/\/www.pierrejohnson.eu\/es\/wp-json\/wp\/v2\/media?parent=6069"}],"curies":[{"name":"wp","href":"https:\/\/api.w.org\/{rel}","templated":true}]}}