{"id":5657,"date":"2017-06-10T23:39:12","date_gmt":"2017-06-10T21:39:12","guid":{"rendered":"http:\/\/www.pierrejohnson.eu\/services\/"},"modified":"2017-08-29T13:14:36","modified_gmt":"2017-08-29T11:14:36","slug":"servicios","status":"publish","type":"page","link":"https:\/\/www.pierrejohnson.eu\/es\/servicios\/","title":{"rendered":"Servicios"},"content":{"rendered":"<p>[et_pb_section bb_built=\u00bb1&#8243; fullwidth=\u00bboff\u00bb specialty=\u00bbon\u00bb][et_pb_column type=\u00bb3_4&#8243; specialty_columns=\u00bb3&#8243;][et_pb_row_inner admin_label=\u00bbLigne\u00bb][et_pb_column_inner type=\u00bb4_4&#8243; saved_specialty_column_type=\u00bb3_4&#8243;][et_pb_text _builder_version=\u00bb3.0.66&#8243; background_layout=\u00bblight\u00bb text_orientation=\u00bbleft\u00bb border_style=\u00bbsolid\u00bb]<\/p>\n<h1>Servicios<\/h1>\n<p>[\/et_pb_text][\/et_pb_column_inner][\/et_pb_row_inner][et_pb_row_inner admin_label=\u00bbLigne\u00bb][et_pb_column_inner type=\u00bb1_3&#8243; saved_specialty_column_type=\u00bb3_4&#8243;][et_pb_accordion _builder_version=\u00bb3.0.71&#8243; border_style=\u00bbsolid\u00bb] [et_pb_accordion_item title=\u00bbCreaci\u00f3n y desarrollo de productos \u00e9ticos y sostenibles\u00bb]<\/p>\n<ul>\n<li><span id=\"result_box\" class=\"\" lang=\"es\">Estudios de viabilidad y de impacto<\/span><\/li>\n<li><span id=\"result_box\" class=\"\" lang=\"es\">\u00c9tica de abastecimiento: org\u00e1nico, ecol\u00f3gico, justo.<\/span><\/li>\n<li><span id=\"result_box\" class=\"\" lang=\"es\">Acceso y distribuci\u00f3n de beneficios (Convenio sobre la Diversidad Biol\u00f3gica, Protocolo de Nagoya)<\/span><\/li>\n<li><span id=\"result_box\" class=\"\" lang=\"es\"><span class=\"\">Estudio de oportunidad<\/span> en los sistemas de certificaci\u00f3n y de garant\u00eda<\/span><\/li>\n<li><span id=\"result_box\" class=\"\" lang=\"es\"><span class=\"\">Preparaci\u00f3n<\/span> a las certificaciones previstas<\/span><\/li>\n<li><span id=\"result_box\" class=\"\" lang=\"es\">Gesti\u00f3n de <span class=\"\">asociaciones durables<\/span>, relaciones ciencias formales \/ conocimientos tradicionales<br \/>\n<\/span><\/li>\n<\/ul>\n<p>[\/et_pb_accordion_item][et_pb_accordion_item title=\u00bbDise\u00f1o en permacultura\u00bb]<\/p>\n<p>* Concepci\u00f3n de sitios en permacultura<br \/>\n* Cursos de introducci\u00f3n a la permacultura (1 a 2 d\u00edas)<\/p>\n<p>[\/et_pb_accordion_item] [\/et_pb_accordion][\/et_pb_column_inner][et_pb_column_inner type=\u00bb1_3&#8243; saved_specialty_column_type=\u00bb3_4&#8243;][et_pb_accordion _builder_version=\u00bb3.0.71&#8243; border_style=\u00bbsolid\u00bb] [et_pb_accordion_item title=\u00bbTransici\u00f3n ecol\u00f3gica\u00bb]<\/p>\n<ul>\n<li><span id=\"result_box\" class=\"\" lang=\"es\">Estudio del potencial de desarrollo simbi\u00f3tica del territorio o de negocios<\/span><\/li>\n<li><span id=\"result_box\" class=\"\" lang=\"es\">Estudio de los servicios prestados por los ecosistemas (en el territorio de <span class=\"\">una comunidad<\/span> o en un negocio)<\/span><\/li>\n<li><span id=\"result_box\" class=\"\" lang=\"es\"><span class=\"\">Disemo de planes de desarrollo<\/span> basados en la transici\u00f3n y la innovaci\u00f3n ecol\u00f3gica y social<\/span><\/li>\n<\/ul>\n<p>[\/et_pb_accordion_item][et_pb_accordion_item title=\u00bbFacilitar la inteligencia colectiva\u00bb]<\/p>\n<ul>\n<li>Ev<span id=\"result_box\" class=\"\" lang=\"es\">aluaci\u00f3n m\u00faltiactores y multicriterios<\/span><\/li>\n<li><span id=\"result_box\" class=\"\" lang=\"es\">Di\u00e1logo entre las partes involvidas<\/span><\/li>\n<li><span id=\"result_box\" class=\"\" lang=\"es\">Responsabilidad social: ISO 26000 y otros metodos<\/span><\/li>\n<li><span id=\"result_box\" class=\"\" lang=\"es\"><span class=\"\">Agenda<\/span> <span class=\"\">21<\/span> <span class=\"\">de<\/span> <span class=\"\">primera<\/span> <span class=\"\">y<\/span> <span class=\"\">segunda<\/span> generaci\u00f3n<\/span><\/li>\n<li><span id=\"result_box\" class=\"\" lang=\"es\"><span class=\"\">Cooperaci\u00f3n descentralizad<\/span><\/span><\/li>\n<\/ul>\n<p>[\/et_pb_accordion_item][et_pb_accordion_item title=\u00bbDi\u00e1logo y mediaci\u00f3n de partes involvidas\u00bb]<\/p>\n<p><span id=\"result_box\" class=\"\" lang=\"es\">La transici\u00f3n ecol\u00f3gica y el desarrollo sostenible comienzan con un di\u00e1logo con las partes interesadas y se refleja en compromisos mutuos entre los socios.<br \/>\n<\/span><span id=\"result_box\" class=\"\" lang=\"es\">Esta coordinaci\u00f3n no es f\u00e1cil, porque cada actor con raz\u00f3n considera que est\u00e1 sujeto a <span class=\"\">los problemas y<\/span> <span class=\"\">limitaciones espec\u00edficas<\/span>.<br \/>\nA menudo se necesita un tercero. <span class=\"\">Es por eso<\/span> <span class=\"\">que ofrecemos<\/span> <span class=\"\">nuestros<\/span> servicios de mediaci\u00f3n y facilitar el di\u00e1logo con sus grupos de inter\u00e9s.<\/span><\/p>\n<p>[\/et_pb_accordion_item] [\/et_pb_accordion][\/et_pb_column_inner][et_pb_column_inner type=\u00bb1_3&#8243; saved_specialty_column_type=\u00bb3_4&#8243;][et_pb_accordion _builder_version=\u00bb3.0.71&#8243; border_style=\u00bbsolid\u00bb] [et_pb_accordion_item title=\u00bbFormaci\u00f3n\u00bb]<\/p>\n<ul>\n<li>D<span id=\"result_box\" class=\"\" lang=\"es\">esarrollo sostenible y transici\u00f3n ecol\u00edgica y social<\/span><\/li>\n<li><span id=\"result_box\" class=\"\" lang=\"es\">Comercio \u00e9tico y justo<\/span><\/li>\n<li><span id=\"result_box\" class=\"\" lang=\"es\"><span class=\"\">Biodiversidad<\/span> <span class=\"\">y distribuci\u00f3n de beneficios<\/span><\/span><\/li>\n<li><span id=\"result_box\" class=\"\" lang=\"es\">Revisi\u00f3n de <span class=\"\">servicios prestados por los ecosistemas<\/span><\/span><\/li>\n<li>Introducci\u00f3n a la permacultura<\/li>\n<\/ul>\n<p style=\"text-align: center;\"><a href='http:\/\/www.pierrejohnson.eu\/services\/formations\/' class='small-button smallorange'>Oferta detallada (franc\u00e9s)<\/a>[\/et_pb_accordion_item][et_pb_accordion_item title=\u00bbMonitoreo\u00bb]<\/p>\n<p>&nbsp;<\/p>\n<p>&nbsp;<\/p>\n<ul>\n<li>T<span id=\"result_box\" class=\"\" lang=\"es\">endencias sociales<\/span><\/li>\n<li><span id=\"result_box\" class=\"\" lang=\"es\">Innovaciones sociales<\/span><\/li>\n<li><span id=\"result_box\" class=\"\" lang=\"es\">Certificaciones voluntarias y normas obligatorias<\/span><\/li>\n<li><span id=\"result_box\" class=\"\" lang=\"es\">Monitoreo personalizado sobre<span class=\"\"> demanda<\/span><span class=\"\">.<\/span><\/span><\/li>\n<\/ul>\n<p style=\"text-align: center;\"><a href='http:\/\/www.scoop.it\/u\/pierre-johnson' class='small-button smallgreen' target=\"_blank\">Monitoreo en Scoop.it<\/a>[\/et_pb_accordion_item] [\/et_pb_accordion][\/et_pb_column_inner][\/et_pb_row_inner][et_pb_row_inner admin_label=\u00bbLigne\u00bb][et_pb_column_inner type=\u00bb4_4&#8243; saved_specialty_column_type=\u00bb3_4&#8243;][et_pb_button _builder_version=\u00bb3.0.71&#8243; button_text=\u00bbNuestras referencias\u00bb button_url=\u00bb\/en\/who\/clients-references\/\u00bb url_new_window=\u00bboff\u00bb button_alignment=\u00bbcenter\u00bb background_layout=\u00bblight\u00bb custom_button=\u00bboff\u00bb button_letter_spacing=\u00bb0&#8243; button_icon_placement=\u00bbright\u00bb button_letter_spacing_hover=\u00bb0&#8243; \/][et_pb_contact_form admin_label=\u00bbContacto\u00bb _builder_version=\u00bb3.0.71&#8243; captcha=\u00bbon\u00bb use_redirect=\u00bbon\u00bb input_border_radius=\u00bb0&#8243; border_style=\u00bbsolid\u00bb custom_button=\u00bboff\u00bb button_letter_spacing=\u00bb0&#8243; button_icon_placement=\u00bbright\u00bb button_letter_spacing_hover=\u00bb0&#8243; title=\u00bbContactornos\u00bb success_message=\u00bbSu mensaje fue enviado con exito\u00bb submit_button_text=\u00bbEnviar\u00bb email=\u00bbcontact@pierrejohnson.eu\u00bb redirect_url=\u00bb\/es\/servicios\/\u00bb saved_tabs=\u00bball\u00bb global_module=\u00bb6271&#8243;] [et_pb_contact_field field_title=\u00bbNombre\u00bb field_type=\u00bbinput\u00bb field_id=\u00bbName\u00bb required_mark=\u00bbon\u00bb fullwidth_field=\u00bboff\u00bb checkbox_checked=\u00bboff\u00bb checkbox_options=\u00bb%91{%22value%22:%22Nom%22,%22checked%22:0}%93&#8243; radio_options=\u00bb%91{%22value%22:%22Nom%22,%22checked%22:0}%93&#8243; select_options=\u00bb%91{%22value%22:%22Nom%22,%22checked%22:0}%93&#8243; min_length=\u00bb0&#8243; max_length=\u00bb0&#8243; allowed_symbols=\u00bball\u00bb conditional_logic=\u00bboff\u00bb conditional_logic_relation=\u00bboff\u00bb conditional_logic_rules=\u00bb%91{%22field%22:%22email%22,%22condition%22:%22is%22,%22value%22:%22%22}%93&#8243; form_field_font_select=\u00bbdefault\u00bb form_field_font=\u00bb||||\u00bb use_border_color=\u00bboff\u00bb border_style=\u00bbsolid\u00bb \/][et_pb_contact_field field_title=\u00bbCorreo electr\u00f3nico\u00bb field_type=\u00bbemail\u00bb field_id=\u00bbEmail\u00bb required_mark=\u00bbon\u00bb fullwidth_field=\u00bboff\u00bb checkbox_checked=\u00bboff\u00bb checkbox_options=\u00bb%91{%22value%22:%22Adresse e-mail%22,%22checked%22:0}%93&#8243; radio_options=\u00bb%91{%22value%22:%22Adresse e-mail%22,%22checked%22:0}%93&#8243; select_options=\u00bb%91{%22value%22:%22Adresse e-mail%22,%22checked%22:0}%93&#8243; min_length=\u00bb0&#8243; max_length=\u00bb0&#8243; allowed_symbols=\u00bball\u00bb conditional_logic=\u00bboff\u00bb conditional_logic_relation=\u00bboff\u00bb conditional_logic_rules=\u00bb%91{%22field%22:%22name%22,%22condition%22:%22is%22,%22value%22:%22%22}%93&#8243; form_field_font_select=\u00bbdefault\u00bb form_field_font=\u00bb||||\u00bb use_border_color=\u00bboff\u00bb border_style=\u00bbsolid\u00bb \/][et_pb_contact_field field_title=\u00bbMensaje\u00bb field_type=\u00bbtext\u00bb field_id=\u00bbMessage\u00bb required_mark=\u00bbon\u00bb fullwidth_field=\u00bbon\u00bb checkbox_checked=\u00bboff\u00bb checkbox_options=\u00bb%91{%22value%22:%22Message%22,%22checked%22:0}%93&#8243; radio_options=\u00bb%91{%22value%22:%22Message%22,%22checked%22:0}%93&#8243; select_options=\u00bb%91{%22value%22:%22Message%22,%22checked%22:0}%93&#8243; min_length=\u00bb0&#8243; max_length=\u00bb0&#8243; allowed_symbols=\u00bball\u00bb conditional_logic=\u00bboff\u00bb conditional_logic_relation=\u00bboff\u00bb conditional_logic_rules=\u00bb%91{%22field%22:%22name%22,%22condition%22:%22is%22,%22value%22:%22%22}%93&#8243; form_field_font_select=\u00bbdefault\u00bb form_field_font=\u00bb||||\u00bb use_border_color=\u00bboff\u00bb border_style=\u00bbsolid\u00bb \/][et_pb_contact_field field_id=\u00bbTipo\u00bb field_title=\u00bbTipo de mensaje\u00bb field_type=\u00bbselect\u00bb checkbox_checked=\u00bboff\u00bb checkbox_options=\u00bb%91{%22value%22:%22%22,%22checked%22:0}%93&#8243; radio_options=\u00bb%91{%22value%22:%22%22,%22checked%22:0}%93&#8243; select_options=\u00bb%91{%22value%22:%22Pedido de informaci\u00f3n%22,%22checked%22:0},{%22value%22:%22Pedido de estimaci\u00f3n%22,%22checked%22:0},{%22value%22:%22Propuesta de negocio%22,%22checked%22:0}%93&#8243; min_length=\u00bb0&#8243; max_length=\u00bb0&#8243; allowed_symbols=\u00bball\u00bb required_mark=\u00bboff\u00bb conditional_logic=\u00bboff\u00bb conditional_logic_relation=\u00bboff\u00bb conditional_logic_rules=\u00bb%91{%22field%22:%22name%22,%22condition%22:%22is%22,%22value%22:%22%22}%93&#8243; fullwidth_field=\u00bbon\u00bb form_field_font_select=\u00bbdefault\u00bb form_field_font=\u00bb||||\u00bb use_border_color=\u00bboff\u00bb border_style=\u00bbsolid\u00bb \/] [\/et_pb_contact_form][\/et_pb_column_inner][\/et_pb_row_inner][\/et_pb_column][et_pb_column type=\u00bb1_4&#8243;][et_pb_sidebar _builder_version=\u00bb3.0.51&#8243; area=\u00bbsidebar-1&#8243; orientation=\u00bbleft\u00bb background_layout=\u00bblight\u00bb \/][\/et_pb_column][\/et_pb_section]<\/p>\n","protected":false},"excerpt":{"rendered":"<p>Servicios Estudios de viabilidad y de impacto \u00c9tica de abastecimiento: org\u00e1nico, ecol\u00f3gico, justo. Acceso y distribuci\u00f3n de beneficios (Convenio sobre la Diversidad Biol\u00f3gica, Protocolo de Nagoya) Estudio de oportunidad en los sistemas de certificaci\u00f3n y de garant\u00eda Preparaci\u00f3n a las certificaciones previstas Gesti\u00f3n de asociaciones durables, relaciones ciencias formales \/ conocimientos tradicionales * Concepci\u00f3n de [&hellip;]<\/p>\n","protected":false},"author":2,"featured_media":0,"parent":0,"menu_order":0,"comment_status":"closed","ping_status":"closed","template":"","meta":{"_et_pb_use_builder":"on","_et_pb_old_content":"<p>Mettre ici les services.<\/p><p>Lien ancienne page : <a href=\"http:\/\/pierrejohnson.eu\/wp\/services\/\">http:\/\/pierrejohnson.eu\/wp\/services\/<\/a><\/p>","_et_gb_content_width":"","jetpack_post_was_ever_published":false,"footnotes":""},"class_list":["post-5657","page","type-page","status-publish","hentry"],"yoast_head":"<!-- This site is optimized with the Yoast SEO plugin v26.9 - https:\/\/yoast.com\/product\/yoast-seo-wordpress\/ -->\n<title>Servicios - Pierre Johnson - Transition &amp; Cooperation<\/title>\n<meta name=\"robots\" content=\"index, follow, max-snippet:-1, max-image-preview:large, max-video-preview:-1\" \/>\n<link rel=\"canonical\" href=\"https:\/\/www.pierrejohnson.eu\/es\/servicios\/\" \/>\n<meta property=\"og:locale\" content=\"es_ES\" \/>\n<meta property=\"og:type\" content=\"article\" \/>\n<meta property=\"og:title\" content=\"Servicios - Pierre Johnson - Transition &amp; Cooperation\" \/>\n<meta property=\"og:description\" content=\"Servicios Estudios de viabilidad y de impacto \u00c9tica de abastecimiento: org\u00e1nico, ecol\u00f3gico, justo. Acceso y distribuci\u00f3n de beneficios (Convenio sobre la Diversidad Biol\u00f3gica, Protocolo de Nagoya) Estudio de oportunidad en los sistemas de certificaci\u00f3n y de garant\u00eda Preparaci\u00f3n a las certificaciones previstas Gesti\u00f3n de asociaciones durables, relaciones ciencias formales \/ conocimientos tradicionales * Concepci\u00f3n de [&hellip;]\" \/>\n<meta property=\"og:url\" content=\"https:\/\/www.pierrejohnson.eu\/es\/servicios\/\" \/>\n<meta property=\"og:site_name\" content=\"Pierre Johnson - Transition &amp; Cooperation\" \/>\n<meta property=\"article:modified_time\" content=\"2017-08-29T11:14:36+00:00\" \/>\n<meta name=\"twitter:card\" content=\"summary_large_image\" \/>\n<meta name=\"twitter:label1\" content=\"Tiempo de lectura\" \/>\n\t<meta name=\"twitter:data1\" content=\"5 minutos\" \/>\n<script type=\"application\/ld+json\" class=\"yoast-schema-graph\">{\"@context\":\"https:\/\/schema.org\",\"@graph\":[{\"@type\":\"WebPage\",\"@id\":\"https:\/\/www.pierrejohnson.eu\/es\/servicios\/\",\"url\":\"https:\/\/www.pierrejohnson.eu\/es\/servicios\/\",\"name\":\"Servicios - Pierre Johnson - Transition &amp; Cooperation\",\"isPartOf\":{\"@id\":\"https:\/\/www.pierrejohnson.eu\/es\/#website\"},\"datePublished\":\"2017-06-10T21:39:12+00:00\",\"dateModified\":\"2017-08-29T11:14:36+00:00\",\"breadcrumb\":{\"@id\":\"https:\/\/www.pierrejohnson.eu\/es\/servicios\/#breadcrumb\"},\"inLanguage\":\"es\",\"potentialAction\":[{\"@type\":\"ReadAction\",\"target\":[\"https:\/\/www.pierrejohnson.eu\/es\/servicios\/\"]}]},{\"@type\":\"BreadcrumbList\",\"@id\":\"https:\/\/www.pierrejohnson.eu\/es\/servicios\/#breadcrumb\",\"itemListElement\":[{\"@type\":\"ListItem\",\"position\":1,\"name\":\"Accueil\",\"item\":\"https:\/\/www.pierrejohnson.eu\/es\/\"},{\"@type\":\"ListItem\",\"position\":2,\"name\":\"Servicios\"}]},{\"@type\":\"WebSite\",\"@id\":\"https:\/\/www.pierrejohnson.eu\/es\/#website\",\"url\":\"https:\/\/www.pierrejohnson.eu\/es\/\",\"name\":\"Pierre Johnson - Transition &amp; Cooperation\",\"description\":\"Transition to sustainability requires cooperation\",\"potentialAction\":[{\"@type\":\"SearchAction\",\"target\":{\"@type\":\"EntryPoint\",\"urlTemplate\":\"https:\/\/www.pierrejohnson.eu\/es\/?s={search_term_string}\"},\"query-input\":{\"@type\":\"PropertyValueSpecification\",\"valueRequired\":true,\"valueName\":\"search_term_string\"}}],\"inLanguage\":\"es\"}]}<\/script>\n<!-- \/ Yoast SEO plugin. -->","yoast_head_json":{"title":"Servicios - Pierre Johnson - Transition &amp; Cooperation","robots":{"index":"index","follow":"follow","max-snippet":"max-snippet:-1","max-image-preview":"max-image-preview:large","max-video-preview":"max-video-preview:-1"},"canonical":"https:\/\/www.pierrejohnson.eu\/es\/servicios\/","og_locale":"es_ES","og_type":"article","og_title":"Servicios - Pierre Johnson - Transition &amp; Cooperation","og_description":"Servicios Estudios de viabilidad y de impacto \u00c9tica de abastecimiento: org\u00e1nico, ecol\u00f3gico, justo. Acceso y distribuci\u00f3n de beneficios (Convenio sobre la Diversidad Biol\u00f3gica, Protocolo de Nagoya) Estudio de oportunidad en los sistemas de certificaci\u00f3n y de garant\u00eda Preparaci\u00f3n a las certificaciones previstas Gesti\u00f3n de asociaciones durables, relaciones ciencias formales \/ conocimientos tradicionales * Concepci\u00f3n de [&hellip;]","og_url":"https:\/\/www.pierrejohnson.eu\/es\/servicios\/","og_site_name":"Pierre Johnson - Transition &amp; Cooperation","article_modified_time":"2017-08-29T11:14:36+00:00","twitter_card":"summary_large_image","twitter_misc":{"Tiempo de lectura":"5 minutos"},"schema":{"@context":"https:\/\/schema.org","@graph":[{"@type":"WebPage","@id":"https:\/\/www.pierrejohnson.eu\/es\/servicios\/","url":"https:\/\/www.pierrejohnson.eu\/es\/servicios\/","name":"Servicios - Pierre Johnson - Transition &amp; Cooperation","isPartOf":{"@id":"https:\/\/www.pierrejohnson.eu\/es\/#website"},"datePublished":"2017-06-10T21:39:12+00:00","dateModified":"2017-08-29T11:14:36+00:00","breadcrumb":{"@id":"https:\/\/www.pierrejohnson.eu\/es\/servicios\/#breadcrumb"},"inLanguage":"es","potentialAction":[{"@type":"ReadAction","target":["https:\/\/www.pierrejohnson.eu\/es\/servicios\/"]}]},{"@type":"BreadcrumbList","@id":"https:\/\/www.pierrejohnson.eu\/es\/servicios\/#breadcrumb","itemListElement":[{"@type":"ListItem","position":1,"name":"Accueil","item":"https:\/\/www.pierrejohnson.eu\/es\/"},{"@type":"ListItem","position":2,"name":"Servicios"}]},{"@type":"WebSite","@id":"https:\/\/www.pierrejohnson.eu\/es\/#website","url":"https:\/\/www.pierrejohnson.eu\/es\/","name":"Pierre Johnson - Transition &amp; Cooperation","description":"Transition to sustainability requires cooperation","potentialAction":[{"@type":"SearchAction","target":{"@type":"EntryPoint","urlTemplate":"https:\/\/www.pierrejohnson.eu\/es\/?s={search_term_string}"},"query-input":{"@type":"PropertyValueSpecification","valueRequired":true,"valueName":"search_term_string"}}],"inLanguage":"es"}]}},"jetpack_shortlink":"https:\/\/wp.me\/P938H5-1tf","jetpack-related-posts":[],"jetpack_sharing_enabled":true,"_links":{"self":[{"href":"https:\/\/www.pierrejohnson.eu\/es\/wp-json\/wp\/v2\/pages\/5657","targetHints":{"allow":["GET"]}}],"collection":[{"href":"https:\/\/www.pierrejohnson.eu\/es\/wp-json\/wp\/v2\/pages"}],"about":[{"href":"https:\/\/www.pierrejohnson.eu\/es\/wp-json\/wp\/v2\/types\/page"}],"author":[{"embeddable":true,"href":"https:\/\/www.pierrejohnson.eu\/es\/wp-json\/wp\/v2\/users\/2"}],"replies":[{"embeddable":true,"href":"https:\/\/www.pierrejohnson.eu\/es\/wp-json\/wp\/v2\/comments?post=5657"}],"version-history":[{"count":10,"href":"https:\/\/www.pierrejohnson.eu\/es\/wp-json\/wp\/v2\/pages\/5657\/revisions"}],"predecessor-version":[{"id":6276,"href":"https:\/\/www.pierrejohnson.eu\/es\/wp-json\/wp\/v2\/pages\/5657\/revisions\/6276"}],"wp:attachment":[{"href":"https:\/\/www.pierrejohnson.eu\/es\/wp-json\/wp\/v2\/media?parent=5657"}],"curies":[{"name":"wp","href":"https:\/\/api.w.org\/{rel}","templated":true}]}}