{"id":5637,"date":"2017-06-21T10:42:39","date_gmt":"2017-06-21T08:42:39","guid":{"rendered":"http:\/\/www.pierrejohnson.eu\/transition\/"},"modified":"2017-08-29T10:28:55","modified_gmt":"2017-08-29T08:28:55","slug":"transicion","status":"publish","type":"page","link":"https:\/\/www.pierrejohnson.eu\/es\/transicion\/","title":{"rendered":"Transici\u00f3n"},"content":{"rendered":"<p>[et_pb_section bb_built=\u00bb1&#8243; admin_label=\u00bbsection\u00bb fullwidth=\u00bboff\u00bb specialty=\u00bbon\u00bb][et_pb_column type=\u00bb3_4&#8243; specialty_columns=\u00bb3&#8243;][et_pb_row_inner _builder_version=\u00bb3.0.59&#8243;][et_pb_column_inner type=\u00bb4_4&#8243; saved_specialty_column_type=\u00bb3_4&#8243;][et_pb_text admin_label=\u00bbTitre\u00bb _builder_version=\u00bb3.0.65&#8243; background_layout=\u00bblight\u00bb text_orientation=\u00bbleft\u00bb border_style=\u00bbsolid\u00bb]<\/p>\n<h1>Transici\u00f3n<\/h1>\n<p><span id=\"result_box\" class=\"\" lang=\"es\">La <span class=\"\">transici\u00f3n ecol\u00f3gica<\/span> y social, <span class=\"\">una oportunidad<\/span> para repensar la acci\u00f3n econ\u00f3mica <span class=\"\">y social<\/span>.<\/span><\/p>\n<p>[\/et_pb_text][et_pb_image _builder_version=\u00bb3.0.66&#8243; src=\u00bbhttp:\/\/www.pierrejohnson.eu\/wp-content\/uploads\/2017\/06\/BandeauTransition.png\u00bb show_in_lightbox=\u00bboff\u00bb url_new_window=\u00bboff\u00bb use_overlay=\u00bboff\u00bb sticky=\u00bboff\u00bb align=\u00bbleft\u00bb always_center_on_mobile=\u00bbon\u00bb border_style=\u00bbsolid\u00bb force_fullwidth=\u00bboff\u00bb animation=\u00bboff\u00bb \/][et_pb_text _builder_version=\u00bb3.0.71&#8243; background_layout=\u00bblight\u00bb text_orientation=\u00bbleft\u00bb border_style=\u00bbsolid\u00bb]<\/p>\n<h3>Contexto<\/h3>\n<p>La econom\u00eda y la sociedad actuales se separan dr\u00e1sticamente los ciclos actuales y de los elementos naturales. El impacto en las relaciones sociales y de bienestar son a menudo importantes, sobre el medio ambiente son dram\u00e1ticas y sugieren un posible colapso de los sistemas socio-t\u00e9cnicos ingeniosamente instalados.<\/p>\n<p>En varias ocasiones, la comunidad internacional se ha comprometido a una transici\u00f3n de los modos de producci\u00f3n y consumo de energ\u00eda, pero que carecen de una visi\u00f3n, de una narrativa alternativa para el futuro de nuestras sociedades. Sin embargo, para muchas comunidades locales y las empresas pioneras, la transici\u00f3n de la econom\u00eda y de la sociedad hacia un futuro sostenible ya ha comenzado.<\/p>\n<p>El hiato entre la vieja y la nueva econom\u00eda, sin embargo, parece tan importante que muchas personas carecen de puntos de referencia para imaginar y participar en la sociedad emergente, a pesar de que entienden el estancamiento de programa que a\u00fan opera en la mayor\u00eda de los sistemas econ\u00f3micos y pol\u00edticos. El proceso de transici\u00f3n ecol\u00f3gica y social es a la vez individual y colectiva, solidaria en su enfoque, para contribuir a un futuro sostenible para nuestras sociedades, partiendo de la solidaridad y de la experiencia local, del dinamismo de la iniciativa empresarial social, individual o colectiva y de la investigaci\u00f3n cient\u00edfica orientada hacia ese futuro.<\/p>\n<h3>Lo que proponemos<\/h3>\n<h4>Desarrollo econ\u00f3mico basado en el potencial humano y los ecosistemas<\/h4>\n<ul>\n<li>Estudio del potencial de desarrollo simbi\u00f3tica del territorio o de las empresas (incluyendo pero no limitado a: estudio de los servicios prestados por los ecosistemas, saberes e inovaciones ecol\u00f3gicas, econ\u00f3micas y sociales)<\/li>\n<li>Dise\u00f1o y animaci\u00f3n de planes de transici\u00f3n<\/li>\n<li>Concepci\u00f3n de sitios en permacultura y formaci\u00f3n en permacultura<\/li>\n<li>Animaci\u00f3n de proyectos de econom\u00eda social y solidaria, agricultura \u00farbana, etc.<\/li>\n<\/ul>\n<h4>Estudios de factibilidad y estudios de impacto<\/h4>\n<ul>\n<li>Estudios de viabilidad de proyectos de desarrollo<\/li>\n<li>Estudios sobre el impacto y los resultados de las cadenas productivas y de proyectos de desarrollo<\/li>\n<li>Evaluaci\u00f3n multicriteria, mediaci\u00f3n ambiental<\/li>\n<li>Asociaci\u00f3n y di\u00e1logo m\u00faltiactor<\/li>\n<\/ul>\n<h4>Mediaci\u00f3n y di\u00e1logo entre partes<\/h4>\n<p>La transici\u00f3n ecol\u00f3gica y el desarrollo sostenible comienza con un di\u00e1logo con las partes interesadas y se refleja en compromisos mutuos entre los socios. Esta coordinaci\u00f3n no es f\u00e1cil, porque todo el mundo est\u00e1 sujeto a los problemas y limitaciones espec\u00edficas. A menudo se necesita un tercero. Es por eso que ofrecemos nuestros servicios de mediaci\u00f3n y facilitaci\u00f3n del di\u00e1logo con sus grupos de inter\u00e9s.<\/p>\n<p>[\/et_pb_text][et_pb_button _builder_version=\u00bb3.0.71&#8243; button_text=\u00bbNuestros servicios\u00bb button_url=\u00bb\/es\/servicios\/\u00bb url_new_window=\u00bboff\u00bb button_alignment=\u00bbcenter\u00bb background_layout=\u00bblight\u00bb custom_button=\u00bboff\u00bb button_letter_spacing=\u00bb0&#8243; button_icon_placement=\u00bbright\u00bb button_letter_spacing_hover=\u00bb0&#8243; \/][et_pb_text _builder_version=\u00bb3.0.71&#8243; background_layout=\u00bblight\u00bb text_orientation=\u00bbleft\u00bb border_style=\u00bbsolid\u00bb]<\/p>\n<h3>M\u00e1s (en franc\u00e9s)<\/h3>\n<p>Entender mejor los problemas de la <strong>transici\u00f3n <\/strong>ecol\u00f3gica:<\/p>\n<ul>\n<li><a href=\"\/?p=5196\">Limites plan\u00e9taires et transition \u00e9cologique<\/a><\/li>\n<li><a title=\"Les apports de la biodiversit\u00e9\" href=\"\/?p=5208\">La biodiversit\u00e9 : un enjeu commun<\/a><\/li>\n<li><a title=\"L\u2019\u00e9conomie en transition\" href=\"\/?p=5219\">L\u2019\u00e9conomie en transition<\/a><\/li>\n<li>Les villes et territoires en transition : un mouvement citoyen<\/li>\n<\/ul>\n<p>[\/et_pb_text][\/et_pb_column_inner][\/et_pb_row_inner][et_pb_row_inner][et_pb_column_inner type=\u00bb1_2&#8243; saved_specialty_column_type=\u00bb3_4&#8243;][et_pb_button _builder_version=\u00bb3.0.71&#8243; button_text=\u00bbArt\u00edculos del blog\u00bb button_url=\u00bb\/es\/category\/transicion\/\u00bb url_new_window=\u00bboff\u00bb button_alignment=\u00bbcenter\u00bb background_layout=\u00bblight\u00bb custom_button=\u00bboff\u00bb button_letter_spacing=\u00bb0&#8243; button_icon_placement=\u00bbright\u00bb button_letter_spacing_hover=\u00bb0&#8243; \/][et_pb_blog admin_label=\u00bbArticles sur la transition\u00bb _builder_version=\u00bb3.0.59&#8243; include_categories=\u00bb62&#8243; show_content=\u00bboff\u00bb offset_number=\u00bb0&#8243; show_thumbnail=\u00bbon\u00bb show_more=\u00bbon\u00bb show_author=\u00bbon\u00bb show_date=\u00bbon\u00bb show_categories=\u00bbon\u00bb show_comments=\u00bboff\u00bb show_pagination=\u00bbon\u00bb fullwidth=\u00bbon\u00bb use_dropshadow=\u00bboff\u00bb use_overlay=\u00bboff\u00bb background_layout=\u00bblight\u00bb border_style=\u00bbsolid\u00bb posts_number=\u00bb3&#8243; \/][\/et_pb_column_inner][et_pb_column_inner type=\u00bb1_2&#8243; saved_specialty_column_type=\u00bb3_4&#8243;][et_pb_button _builder_version=\u00bb3.0.71&#8243; button_text=\u00bbOtras categor\u00edas de art\u00edculos\u00bb button_url=\u00bb\/es\/blog\/\u00bb url_new_window=\u00bboff\u00bb button_alignment=\u00bbcenter\u00bb background_layout=\u00bblight\u00bb custom_button=\u00bboff\u00bb button_letter_spacing=\u00bb0&#8243; button_icon_placement=\u00bbright\u00bb button_letter_spacing_hover=\u00bb0&#8243; \/][et_pb_blog admin_label=\u00bbTous articles\u00bb _builder_version=\u00bb3.0.59&#8243; posts_number=\u00bb3&#8243; include_categories=\u00bb59,101,1&#8243; show_content=\u00bboff\u00bb offset_number=\u00bb0&#8243; show_thumbnail=\u00bbon\u00bb show_more=\u00bboff\u00bb show_author=\u00bboff\u00bb show_date=\u00bbon\u00bb show_categories=\u00bbon\u00bb show_comments=\u00bboff\u00bb show_pagination=\u00bbon\u00bb fullwidth=\u00bbon\u00bb use_dropshadow=\u00bboff\u00bb use_overlay=\u00bboff\u00bb background_layout=\u00bblight\u00bb border_style=\u00bbsolid\u00bb \/][\/et_pb_column_inner][\/et_pb_row_inner][\/et_pb_column][et_pb_column type=\u00bb1_4&#8243;][et_pb_sidebar _builder_version=\u00bb3.0.60&#8243; area=\u00bbsidebar-1&#8243; orientation=\u00bbleft\u00bb background_layout=\u00bblight\u00bb remove_border=\u00bbon\u00bb body_font_size=\u00bb12&#8243; \/][\/et_pb_column][\/et_pb_section]<\/p>\n","protected":false},"excerpt":{"rendered":"<p>Transici\u00f3n La transici\u00f3n ecol\u00f3gica y social, una oportunidad para repensar la acci\u00f3n econ\u00f3mica y social. Contexto La econom\u00eda y la sociedad actuales se separan dr\u00e1sticamente los ciclos actuales y de los elementos naturales. El impacto en las relaciones sociales y de bienestar son a menudo importantes, sobre el medio ambiente son dram\u00e1ticas y sugieren un [&hellip;]<\/p>\n","protected":false},"author":2,"featured_media":0,"parent":0,"menu_order":0,"comment_status":"closed","ping_status":"closed","template":"","meta":{"_et_pb_use_builder":"on","_et_pb_old_content":"","_et_gb_content_width":"","jetpack_post_was_ever_published":false,"footnotes":""},"class_list":["post-5637","page","type-page","status-publish","hentry"],"yoast_head":"<!-- This site is optimized with the Yoast SEO plugin v26.9 - https:\/\/yoast.com\/product\/yoast-seo-wordpress\/ -->\n<title>Transici\u00f3n - Pierre Johnson - Transition &amp; Cooperation<\/title>\n<meta name=\"robots\" content=\"index, follow, max-snippet:-1, max-image-preview:large, max-video-preview:-1\" \/>\n<link rel=\"canonical\" href=\"https:\/\/www.pierrejohnson.eu\/es\/transicion\/\" \/>\n<meta property=\"og:locale\" content=\"es_ES\" \/>\n<meta property=\"og:type\" content=\"article\" \/>\n<meta property=\"og:title\" content=\"Transici\u00f3n - Pierre Johnson - Transition &amp; Cooperation\" \/>\n<meta property=\"og:description\" content=\"Transici\u00f3n La transici\u00f3n ecol\u00f3gica y social, una oportunidad para repensar la acci\u00f3n econ\u00f3mica y social. Contexto La econom\u00eda y la sociedad actuales se separan dr\u00e1sticamente los ciclos actuales y de los elementos naturales. El impacto en las relaciones sociales y de bienestar son a menudo importantes, sobre el medio ambiente son dram\u00e1ticas y sugieren un [&hellip;]\" \/>\n<meta property=\"og:url\" content=\"https:\/\/www.pierrejohnson.eu\/es\/transicion\/\" \/>\n<meta property=\"og:site_name\" content=\"Pierre Johnson - Transition &amp; Cooperation\" \/>\n<meta property=\"article:modified_time\" content=\"2017-08-29T08:28:55+00:00\" \/>\n<meta name=\"twitter:card\" content=\"summary_large_image\" \/>\n<meta name=\"twitter:label1\" content=\"Tiempo de lectura\" \/>\n\t<meta name=\"twitter:data1\" content=\"5 minutos\" \/>\n<script type=\"application\/ld+json\" class=\"yoast-schema-graph\">{\"@context\":\"https:\/\/schema.org\",\"@graph\":[{\"@type\":\"WebPage\",\"@id\":\"https:\/\/www.pierrejohnson.eu\/es\/transicion\/\",\"url\":\"https:\/\/www.pierrejohnson.eu\/es\/transicion\/\",\"name\":\"Transici\u00f3n - Pierre Johnson - Transition &amp; Cooperation\",\"isPartOf\":{\"@id\":\"https:\/\/www.pierrejohnson.eu\/es\/#website\"},\"datePublished\":\"2017-06-21T08:42:39+00:00\",\"dateModified\":\"2017-08-29T08:28:55+00:00\",\"breadcrumb\":{\"@id\":\"https:\/\/www.pierrejohnson.eu\/es\/transicion\/#breadcrumb\"},\"inLanguage\":\"es\",\"potentialAction\":[{\"@type\":\"ReadAction\",\"target\":[\"https:\/\/www.pierrejohnson.eu\/es\/transicion\/\"]}]},{\"@type\":\"BreadcrumbList\",\"@id\":\"https:\/\/www.pierrejohnson.eu\/es\/transicion\/#breadcrumb\",\"itemListElement\":[{\"@type\":\"ListItem\",\"position\":1,\"name\":\"Accueil\",\"item\":\"https:\/\/www.pierrejohnson.eu\/es\/\"},{\"@type\":\"ListItem\",\"position\":2,\"name\":\"Transici\u00f3n\"}]},{\"@type\":\"WebSite\",\"@id\":\"https:\/\/www.pierrejohnson.eu\/es\/#website\",\"url\":\"https:\/\/www.pierrejohnson.eu\/es\/\",\"name\":\"Pierre Johnson - Transition &amp; Cooperation\",\"description\":\"Transition to sustainability requires cooperation\",\"potentialAction\":[{\"@type\":\"SearchAction\",\"target\":{\"@type\":\"EntryPoint\",\"urlTemplate\":\"https:\/\/www.pierrejohnson.eu\/es\/?s={search_term_string}\"},\"query-input\":{\"@type\":\"PropertyValueSpecification\",\"valueRequired\":true,\"valueName\":\"search_term_string\"}}],\"inLanguage\":\"es\"}]}<\/script>\n<!-- \/ Yoast SEO plugin. -->","yoast_head_json":{"title":"Transici\u00f3n - Pierre Johnson - Transition &amp; Cooperation","robots":{"index":"index","follow":"follow","max-snippet":"max-snippet:-1","max-image-preview":"max-image-preview:large","max-video-preview":"max-video-preview:-1"},"canonical":"https:\/\/www.pierrejohnson.eu\/es\/transicion\/","og_locale":"es_ES","og_type":"article","og_title":"Transici\u00f3n - Pierre Johnson - Transition &amp; Cooperation","og_description":"Transici\u00f3n La transici\u00f3n ecol\u00f3gica y social, una oportunidad para repensar la acci\u00f3n econ\u00f3mica y social. Contexto La econom\u00eda y la sociedad actuales se separan dr\u00e1sticamente los ciclos actuales y de los elementos naturales. El impacto en las relaciones sociales y de bienestar son a menudo importantes, sobre el medio ambiente son dram\u00e1ticas y sugieren un [&hellip;]","og_url":"https:\/\/www.pierrejohnson.eu\/es\/transicion\/","og_site_name":"Pierre Johnson - Transition &amp; Cooperation","article_modified_time":"2017-08-29T08:28:55+00:00","twitter_card":"summary_large_image","twitter_misc":{"Tiempo de lectura":"5 minutos"},"schema":{"@context":"https:\/\/schema.org","@graph":[{"@type":"WebPage","@id":"https:\/\/www.pierrejohnson.eu\/es\/transicion\/","url":"https:\/\/www.pierrejohnson.eu\/es\/transicion\/","name":"Transici\u00f3n - Pierre Johnson - Transition &amp; Cooperation","isPartOf":{"@id":"https:\/\/www.pierrejohnson.eu\/es\/#website"},"datePublished":"2017-06-21T08:42:39+00:00","dateModified":"2017-08-29T08:28:55+00:00","breadcrumb":{"@id":"https:\/\/www.pierrejohnson.eu\/es\/transicion\/#breadcrumb"},"inLanguage":"es","potentialAction":[{"@type":"ReadAction","target":["https:\/\/www.pierrejohnson.eu\/es\/transicion\/"]}]},{"@type":"BreadcrumbList","@id":"https:\/\/www.pierrejohnson.eu\/es\/transicion\/#breadcrumb","itemListElement":[{"@type":"ListItem","position":1,"name":"Accueil","item":"https:\/\/www.pierrejohnson.eu\/es\/"},{"@type":"ListItem","position":2,"name":"Transici\u00f3n"}]},{"@type":"WebSite","@id":"https:\/\/www.pierrejohnson.eu\/es\/#website","url":"https:\/\/www.pierrejohnson.eu\/es\/","name":"Pierre Johnson - Transition &amp; Cooperation","description":"Transition to sustainability requires cooperation","potentialAction":[{"@type":"SearchAction","target":{"@type":"EntryPoint","urlTemplate":"https:\/\/www.pierrejohnson.eu\/es\/?s={search_term_string}"},"query-input":{"@type":"PropertyValueSpecification","valueRequired":true,"valueName":"search_term_string"}}],"inLanguage":"es"}]}},"jetpack_shortlink":"https:\/\/wp.me\/P938H5-1sV","jetpack-related-posts":[],"jetpack_sharing_enabled":true,"_links":{"self":[{"href":"https:\/\/www.pierrejohnson.eu\/es\/wp-json\/wp\/v2\/pages\/5637","targetHints":{"allow":["GET"]}}],"collection":[{"href":"https:\/\/www.pierrejohnson.eu\/es\/wp-json\/wp\/v2\/pages"}],"about":[{"href":"https:\/\/www.pierrejohnson.eu\/es\/wp-json\/wp\/v2\/types\/page"}],"author":[{"embeddable":true,"href":"https:\/\/www.pierrejohnson.eu\/es\/wp-json\/wp\/v2\/users\/2"}],"replies":[{"embeddable":true,"href":"https:\/\/www.pierrejohnson.eu\/es\/wp-json\/wp\/v2\/comments?post=5637"}],"version-history":[{"count":7,"href":"https:\/\/www.pierrejohnson.eu\/es\/wp-json\/wp\/v2\/pages\/5637\/revisions"}],"predecessor-version":[{"id":6203,"href":"https:\/\/www.pierrejohnson.eu\/es\/wp-json\/wp\/v2\/pages\/5637\/revisions\/6203"}],"wp:attachment":[{"href":"https:\/\/www.pierrejohnson.eu\/es\/wp-json\/wp\/v2\/media?parent=5637"}],"curies":[{"name":"wp","href":"https:\/\/api.w.org\/{rel}","templated":true}]}}