{"id":5633,"date":"2017-06-21T10:39:12","date_gmt":"2017-06-21T08:39:12","guid":{"rendered":"http:\/\/www.pierrejohnson.eu\/biocommerce\/"},"modified":"2017-09-08T15:55:25","modified_gmt":"2017-09-08T13:55:25","slug":"biocomercio","status":"publish","type":"page","link":"https:\/\/www.pierrejohnson.eu\/es\/bioeconomia\/biocomercio\/","title":{"rendered":"Biocomercio"},"content":{"rendered":"<p>[et_pb_section bb_built=\u00bb1&#8243; admin_label=\u00bbsection\u00bb fullwidth=\u00bboff\u00bb specialty=\u00bbon\u00bb _builder_version=\u00bb3.0.60&#8243; background_position_1=\u00bbtop_left\u00bb background_repeat_1=\u00bbno-repeat\u00bb background_position_2=\u00bbtop_left\u00bb background_repeat_2=\u00bbno-repeat\u00bb custom_padding=\u00bb0px||0px|\u00bb][et_pb_column type=\u00bb3_4&#8243; specialty_columns=\u00bb3&#8243;][et_pb_row_inner _builder_version=\u00bb3.0.60&#8243; background_position_1=\u00bbtop_left\u00bb background_repeat_1=\u00bbno-repeat\u00bb custom_margin=\u00bb0px|||\u00bb][et_pb_column_inner type=\u00bb4_4&#8243; saved_specialty_column_type=\u00bb3_4&#8243;][et_pb_text admin_label=\u00bbTitre\u00bb _builder_version=\u00bb3.0.65&#8243; background_layout=\u00bblight\u00bb text_orientation=\u00bbleft\u00bb border_style=\u00bbsolid\u00bb]<\/p>\n<h1>Biocomercio<\/h1>\n<p><span id=\"result_box\" class=\"\" lang=\"es\"><span class=\"\">El biocomercio<\/span> <span class=\"\">trqtq del intercambio de<\/span> productos e ingredientes provenientes de los ecosistemas locales. Cuando sigue <span class=\"\">condiciones \u00e9ticas<\/span> <span class=\"\">y de sostenibilidad<\/span>, es una opci\u00f3n importante para conciliar econom\u00eda y <span class=\"\">la biodiversidad<\/span><span class=\"\">.<\/span><\/span><br \/>\n<a href=\"https:\/\/www.pierrejohnson.eu\/en\/biodiversity-a-common-challenge\/\">M\u00e1s sobre los desaf\u00edos de la biodiversida aqu\u00ed<\/a>.<\/p>\n<p>[\/et_pb_text][et_pb_image _builder_version=\u00bb3.0.66&#8243; src=\u00bbhttp:\/\/www.pierrejohnson.eu\/wp-content\/uploads\/2017\/06\/BandeauBiocommerce.png\u00bb show_in_lightbox=\u00bboff\u00bb url_new_window=\u00bboff\u00bb use_overlay=\u00bboff\u00bb sticky=\u00bboff\u00bb align=\u00bbleft\u00bb always_center_on_mobile=\u00bbon\u00bb border_style=\u00bbsolid\u00bb force_fullwidth=\u00bboff\u00bb animation=\u00bboff\u00bb \/][et_pb_text admin_label=\u00bbText\u00bb _builder_version=\u00bb3.0.71&#8243; background_layout=\u00bblight\u00bb text_orientation=\u00bbleft\u00bb border_style=\u00bbsolid\u00bb]<\/p>\n<h3>Contexto<\/h3>\n<p><span id=\"result_box\" class=\"\" lang=\"es\"><span title=\"Le th\u00e9, le cacao, le caf\u00e9, les plantes aromatiques et m\u00e9dicinales, les \u00e9pices et les ingr\u00e9dients cosm\u00e9tiques constituent des richesses appr\u00e9ci\u00e9es de tous et fragiles.\">El t\u00e9, cacao, el caf\u00e9, las plantas arom\u00e1ticas y medicinales, las especias y los ingredientes cosm\u00e9ticos son riquezas que se aprecian en toda su riqueza y fr\u00e1gilidad. <\/span><span title=\"Fruits d'\u00e9cosyst\u00e8mes naturels travaill\u00e9s par l'\u00eatre humain, elles peuvent \u00eatre des leviers pour la protection de la biodiversit\u00e9 et le bien-\u00eatre des populations rurales locales, \u00e0 condition d'\u00eatre produites, transform\u00e9es et \u00e9chang\u00e9es suivant des principes d'\u00e9quit\u00e9 et\">Frutos de los ecosistemas naturales cutlivados por los seres humanos, pueden ser las palancas para la protecci\u00f3n de la biodiversidad y el bienestar de la poblaci\u00f3n rural local, siempre y cuando se producen, procesan y se negocian de acuerdo con los principios de equidad y <\/span><span title=\"de durabilit\u00e9. \">sostenibilidad.<\/span><\/span><\/p>\n<h3>Nuestro enfoque<\/h3>\n<p id=\"footer-info\"><span id=\"result_box\" class=\"\" lang=\"es\"><span title=\"Depuis plus de 20 ans, Pierre Johnson accompagne un d\u00e9veloppement durable et \u00e9quitable des fili\u00e8res de produits naturels, en combinant une approche de fili\u00e8re classique (\u00e9tude de march\u00e9, suivi et contr\u00f4le de qualit\u00e9, \u00e9laboration de plans d'affaires, etc.) avec les\">Desde hace m\u00e1s de 20 a\u00f1os, apoyo el desarrollo sostenible y justo<\/span><\/span><span id=\"result_box\" class=\"\" lang=\"es\"><span title=\"Depuis plus de 20 ans, Pierre Johnson accompagne un d\u00e9veloppement durable et \u00e9quitable des fili\u00e8res de produits naturels, en combinant une approche de fili\u00e8re classique (\u00e9tude de march\u00e9, suivi et contr\u00f4le de qualit\u00e9, \u00e9laboration de plans d'affaires, etc.) avec les\"> de los sectores de productos naturales, combinando<\/span><\/span><\/p>\n<ul>\n<li><span id=\"result_box\" class=\"\" lang=\"es\"><span title=\"Depuis plus de 20 ans, Pierre Johnson accompagne un d\u00e9veloppement durable et \u00e9quitable des fili\u00e8res de produits naturels, en combinant une approche de fili\u00e8re classique (\u00e9tude de march\u00e9, suivi et contr\u00f4le de qualit\u00e9, \u00e9laboration de plans d'affaires, etc.) avec les\">un enfoque de matriz convencional (estudios de mercado, seguimiento y control de calidad, planes de negocio, etc.)<\/span><\/span><\/li>\n<li><span id=\"result_box\" class=\"\" lang=\"es\"><span title=\"Depuis plus de 20 ans, Pierre Johnson accompagne un d\u00e9veloppement durable et \u00e9quitable des fili\u00e8res de produits naturels, en combinant une approche de fili\u00e8re classique (\u00e9tude de march\u00e9, suivi et contr\u00f4le de qualit\u00e9, \u00e9laboration de plans d'affaires, etc.) avec les\">los <\/span><span title=\"principes d'une \u00e9conomie \u00e9cologique du commerce \u00e9quitable. \">principios del\u00a0 comercio justo (pagamientos justos, preparaci\u00f3n a la certificaci\u00f3n cuando necesaria)<\/span><\/span><\/li>\n<li><span id=\"result_box\" class=\"\" lang=\"es\"><span title=\"principes d'une \u00e9conomie \u00e9cologique du commerce \u00e9quitable. \">los principios de la econom\u00eda ecol\u00f3gica (dependencia a los ecosistemas, toma en cuenta de las externalidades)<br \/>\n<\/span><br \/>\n<\/span><\/li>\n<\/ul>\n<p>Este enfoque facilita la expresi\u00f3n de todo el potencial de las saberhaceres y ecosistemas locales, por la creaci\u00f3n de cadenas de valor y de marcas de excelencia, valorizadas a su precio justo en los mercados naciones e internacionales.<\/p>\n<h3>Nuestros servicios<\/h3>\n<ul>\n<li>D<span id=\"result_box\" class=\"\" lang=\"es\"><span title=\"D\u00e9veloppement des fili\u00e8res de produits naturels : \u00e9tudes de march\u00e9, suivi et contr\u00f4le de qualit\u00e9, \u00e9laboration de plans d'affaires, formation. \u00a0\u00a0\u00a0\u00a0\">esarrollo del sector de productos naturales: estudios de mercado, monitoreo y control de calidad, desarrollo de planes de negocio, formaci\u00f3n.<\/span><\/span><\/li>\n<li><span id=\"result_box\" class=\"\" lang=\"es\"><span title=\"\u00c9thique et soutenabilit\u00e9 : responsabilit\u00e9 sociale, commerce \u00e9quitable, agriculture biologique, acc\u00e8s et partage des avantages, certification. \u00a0\u00a0\u00a0\u00a0\">\u00c9tica y sostenibilidad: responsabilidad social, comercio justo, agricultura org\u00e1nica, acceso y reparte de beneficios, certificaci\u00f3n.<\/span><\/span><\/li>\n<li><span id=\"result_box\" class=\"\" lang=\"es\"><span title=\"Conseil juridique : nomes sanitaires (Europe), statut de la ressource et du pays au regard de la Convention sur la Diversit\u00e9 Biologique. \">Asesor\u00eda jur\u00eddica<\/span><\/span><span id=\"result_box\" class=\"\" lang=\"es\"><span title=\"Conseil juridique : nomes sanitaires (Europe), statut de la ressource et du pays au regard de la Convention sur la Diversit\u00e9 Biologique. \">: normas sanitarias (Europa), estatuto del recurso natural y del pa\u00eds en relaci\u00f3n al Convenio sobre la Diversidad Biol\u00f3gica.<\/span><\/span><\/li>\n<\/ul>\n<h3>Nuestra experiencia<\/h3>\n<ul>\n<li><span id=\"result_box\" class=\"\" lang=\"es\"><span title=\"Dix ans d'exp\u00e9rience comme chef de projets &quot;commerce \u00e9quitable&quot; aupr\u00e8s d'organisations de producteurs et comme animateur d'une communaut\u00e9 internationale de pratique du commerce \u00e9quitable.\">Diez a\u00f1os de experiencia como coordinador de proyecto \u00abcomercio justo\u00bb con organizaciones de productores y como facilitador de una comunidad internacional de pr\u00e1ctica. <\/span><span title=\"Membre associ\u00e9 de la World Fair Trade Organization. \u00a0\u00a0\u00a0\u00a0\">miembro asociado de la <a href=\"http:\/\/wfto.com\/\" target=\"_blank\" rel=\"noopener\">Organizaci\u00f3n Mundial del Comercio Justo<\/a>.<\/span><\/span><\/li>\n<li><span id=\"result_box\" class=\"\" lang=\"es\"><span title=\"Douze ans d'exp\u00e9rience comme consultant pour des organisations de coop\u00e9ration internationale (PNUD, ONUDI, GIZ...) et pour des entreprises (cosm\u00e9tiques, fonds \u00e9thiques, etc.) en Am\u00e9rique latine, en Afrique et en Asie du Sud-Est. \u00a0\u00a0\u00a0\u00a0\">Doce a\u00f1os de experiencia como consultor de organismos internacionales de cooperaci\u00f3n (PNUD, ONUDI, GTZ &#8230;) y para\u00a0 empresas (cosm\u00e9ticos, fondos \u00e9ticos, etc.) en Am\u00e9rica Latina, \u00c1frica y el Sudeste Asi\u00e1tico.<\/span><\/span><\/li>\n<li><span id=\"result_box\" class=\"\" lang=\"es\"><span title=\"Master en \u00e9conomie \u00e9cologique, et expert sur les enjeux de l'acc\u00e8s aux ressources g\u00e9n\u00e9tiques et aux savoirs traditionnels et le partage des avantages qui leur sont associ\u00e9s. \u00a0\u00a0\u00a0\u00a0\">Master en Econom\u00eda Ecol\u00f3gica y experto en los temas de acceso a los recursos gen\u00e9ticos y los conocimientos tradicionales y la distribuci\u00f3n de los beneficios asociados.<\/span><\/span><\/li>\n<li><span id=\"result_box\" class=\"\" lang=\"es\"><span title=\"Par secteur : caf\u00e9 (Am\u00e9rique centrale, Afrique de l'Est), cacao (Madagascar), th\u00e9 (Chine et Vietnam), ingr\u00e9dients cosm\u00e9tiques (Am\u00e9rique latine, Afrique sub-saharienne), artisanat et textile (global).\">Por sector: Caf\u00e9 (Am\u00e9rica Central, \u00c1frica del Este), cacao (Madagascar, \u00c1frica del Oeste), t\u00e9 (China y Vietnam), ingredientes cosm\u00e9ticos (Am\u00e9rica Latina, \u00c1frica subsahariana), artesan\u00edas y textiles (globales).<\/span><\/span><\/li>\n<\/ul>\n<p>[\/et_pb_text][et_pb_testimonial _builder_version=\u00bb3.0.65&#8243; author=\u00bbHimadri Palikhe\u00bb job_title=\u00bbSenior Programme Officer\u00bb company_name=\u00bbGIZ Nepal\u00bb url_new_window=\u00bboff\u00bb quote_icon=\u00bbon\u00bb use_background_color=\u00bbon\u00bb quote_icon_background_color=\u00bb#f5f5f5&#8243; background_layout=\u00bblight\u00bb text_orientation=\u00bbleft\u00bb border_style=\u00bbsolid\u00bb saved_tabs=\u00bball\u00bb]<\/p>\n<p>Pierre worked as an expert for GIZ Nepal to support the herbal companies from Nepal to have business meetings with relevant importing companies of Europe. He was very dedicated and proactive in his approach which was well appreciated by the Nepali delegation. I wish him all the best for his future endeavors.<\/p>\n<p>[\/et_pb_testimonial][\/et_pb_column_inner][\/et_pb_row_inner][et_pb_row_inner][et_pb_column_inner type=\u00bb1_2&#8243; saved_specialty_column_type=\u00bb3_4&#8243;][et_pb_button _builder_version=\u00bb3.0.65&#8243; button_text=\u00bbArt\u00edculos del blog\u00bb button_url=\u00bbhttp:\/\/www.pierrejohnson.eu\/category\/biotrade-es\/\u00bb url_new_window=\u00bboff\u00bb button_alignment=\u00bbleft\u00bb background_layout=\u00bblight\u00bb custom_button=\u00bboff\u00bb button_letter_spacing=\u00bb0&#8243; button_icon_placement=\u00bbright\u00bb button_letter_spacing_hover=\u00bb0&#8243; \/][et_pb_blog admin_label=\u00bbArticles sur le biocommerce\u00bb _builder_version=\u00bb3.0.59&#8243; include_categories=\u00bb59&#8243; show_content=\u00bboff\u00bb offset_number=\u00bb0&#8243; show_thumbnail=\u00bbon\u00bb show_more=\u00bbon\u00bb show_author=\u00bbon\u00bb show_date=\u00bbon\u00bb show_categories=\u00bbon\u00bb show_comments=\u00bboff\u00bb show_pagination=\u00bbon\u00bb fullwidth=\u00bbon\u00bb use_dropshadow=\u00bboff\u00bb use_overlay=\u00bboff\u00bb background_layout=\u00bblight\u00bb border_style=\u00bbsolid\u00bb posts_number=\u00bb3&#8243; \/][\/et_pb_column_inner][et_pb_column_inner type=\u00bb1_2&#8243; saved_specialty_column_type=\u00bb3_4&#8243;][et_pb_button _builder_version=\u00bb3.0.65&#8243; button_text=\u00bbOtras categor\u00edas de art\u00edculos\u00bb url_new_window=\u00bboff\u00bb button_alignment=\u00bbleft\u00bb background_layout=\u00bblight\u00bb custom_button=\u00bboff\u00bb button_letter_spacing=\u00bb0&#8243; button_icon_placement=\u00bbright\u00bb button_letter_spacing_hover=\u00bb0&#8243; button_url=\u00bbhttp:\/\/www.pierrejohnson.eu\/es\/blog\/\u00bb \/][et_pb_blog admin_label=\u00bbTous articles\u00bb _builder_version=\u00bb3.0.59&#8243; posts_number=\u00bb3&#8243; include_categories=\u00bb101,1,62&#8243; show_content=\u00bboff\u00bb offset_number=\u00bb0&#8243; show_thumbnail=\u00bbon\u00bb show_more=\u00bboff\u00bb show_author=\u00bboff\u00bb show_date=\u00bbon\u00bb show_categories=\u00bbon\u00bb show_comments=\u00bboff\u00bb show_pagination=\u00bbon\u00bb fullwidth=\u00bbon\u00bb use_dropshadow=\u00bboff\u00bb use_overlay=\u00bboff\u00bb background_layout=\u00bblight\u00bb border_style=\u00bbsolid\u00bb \/][\/et_pb_column_inner][\/et_pb_row_inner][\/et_pb_column][et_pb_column type=\u00bb1_4&#8243;][et_pb_sidebar _builder_version=\u00bb3.0.60&#8243; area=\u00bbsidebar-1&#8243; orientation=\u00bbleft\u00bb background_layout=\u00bblight\u00bb remove_border=\u00bbon\u00bb body_font_size=\u00bb12&#8243; \/][\/et_pb_column][\/et_pb_section]<\/p>\n","protected":false},"excerpt":{"rendered":"<p>Biocomercio El biocomercio trqtq del intercambio de productos e ingredientes provenientes de los ecosistemas locales. Cuando sigue condiciones \u00e9ticas y de sostenibilidad, es una opci\u00f3n importante para conciliar econom\u00eda y la biodiversidad. M\u00e1s sobre los desaf\u00edos de la biodiversida aqu\u00ed. Contexto El t\u00e9, cacao, el caf\u00e9, las plantas arom\u00e1ticas y medicinales, las especias y los [&hellip;]<\/p>\n","protected":false},"author":1,"featured_media":0,"parent":6069,"menu_order":0,"comment_status":"closed","ping_status":"closed","template":"","meta":{"_et_pb_use_builder":"on","_et_pb_old_content":"","_et_gb_content_width":"","jetpack_post_was_ever_published":false,"footnotes":""},"class_list":["post-5633","page","type-page","status-publish","hentry"],"yoast_head":"<!-- This site is optimized with the Yoast SEO plugin v26.9 - https:\/\/yoast.com\/product\/yoast-seo-wordpress\/ -->\n<title>Biocomercio<\/title>\n<meta name=\"robots\" content=\"index, follow, max-snippet:-1, max-image-preview:large, max-video-preview:-1\" \/>\n<link rel=\"canonical\" href=\"https:\/\/www.pierrejohnson.eu\/es\/bioeconomia\/biocomercio\/\" \/>\n<meta property=\"og:locale\" content=\"es_ES\" \/>\n<meta property=\"og:type\" content=\"article\" \/>\n<meta property=\"og:title\" content=\"Biocomercio\" \/>\n<meta property=\"og:description\" content=\"Biocomercio El biocomercio trqtq del intercambio de productos e ingredientes provenientes de los ecosistemas locales. Cuando sigue condiciones \u00e9ticas y de sostenibilidad, es una opci\u00f3n importante para conciliar econom\u00eda y la biodiversidad. M\u00e1s sobre los desaf\u00edos de la biodiversida aqu\u00ed. Contexto El t\u00e9, cacao, el caf\u00e9, las plantas arom\u00e1ticas y medicinales, las especias y los [&hellip;]\" \/>\n<meta property=\"og:url\" content=\"https:\/\/www.pierrejohnson.eu\/es\/bioeconomia\/biocomercio\/\" \/>\n<meta property=\"og:site_name\" content=\"Pierre Johnson - Transition &amp; Cooperation\" \/>\n<meta property=\"article:modified_time\" content=\"2017-09-08T13:55:25+00:00\" \/>\n<meta name=\"twitter:card\" content=\"summary_large_image\" \/>\n<meta name=\"twitter:label1\" content=\"Tiempo de lectura\" \/>\n\t<meta name=\"twitter:data1\" content=\"5 minutos\" \/>\n<script type=\"application\/ld+json\" class=\"yoast-schema-graph\">{\"@context\":\"https:\/\/schema.org\",\"@graph\":[{\"@type\":\"WebPage\",\"@id\":\"https:\/\/www.pierrejohnson.eu\/es\/bioeconomia\/biocomercio\/\",\"url\":\"https:\/\/www.pierrejohnson.eu\/es\/bioeconomia\/biocomercio\/\",\"name\":\"Biocomercio\",\"isPartOf\":{\"@id\":\"https:\/\/www.pierrejohnson.eu\/es\/#website\"},\"datePublished\":\"2017-06-21T08:39:12+00:00\",\"dateModified\":\"2017-09-08T13:55:25+00:00\",\"breadcrumb\":{\"@id\":\"https:\/\/www.pierrejohnson.eu\/es\/bioeconomia\/biocomercio\/#breadcrumb\"},\"inLanguage\":\"es\",\"potentialAction\":[{\"@type\":\"ReadAction\",\"target\":[\"https:\/\/www.pierrejohnson.eu\/es\/bioeconomia\/biocomercio\/\"]}]},{\"@type\":\"BreadcrumbList\",\"@id\":\"https:\/\/www.pierrejohnson.eu\/es\/bioeconomia\/biocomercio\/#breadcrumb\",\"itemListElement\":[{\"@type\":\"ListItem\",\"position\":1,\"name\":\"Accueil\",\"item\":\"https:\/\/www.pierrejohnson.eu\/es\/\"},{\"@type\":\"ListItem\",\"position\":2,\"name\":\"Bioeconom\u00eda\",\"item\":\"https:\/\/www.pierrejohnson.eu\/es\/bioeconomia\/\"},{\"@type\":\"ListItem\",\"position\":3,\"name\":\"Biocomercio\"}]},{\"@type\":\"WebSite\",\"@id\":\"https:\/\/www.pierrejohnson.eu\/es\/#website\",\"url\":\"https:\/\/www.pierrejohnson.eu\/es\/\",\"name\":\"Pierre Johnson - Transition &amp; Cooperation\",\"description\":\"Transition to sustainability requires cooperation\",\"potentialAction\":[{\"@type\":\"SearchAction\",\"target\":{\"@type\":\"EntryPoint\",\"urlTemplate\":\"https:\/\/www.pierrejohnson.eu\/es\/?s={search_term_string}\"},\"query-input\":{\"@type\":\"PropertyValueSpecification\",\"valueRequired\":true,\"valueName\":\"search_term_string\"}}],\"inLanguage\":\"es\"}]}<\/script>\n<!-- \/ Yoast SEO plugin. -->","yoast_head_json":{"title":"Biocomercio","robots":{"index":"index","follow":"follow","max-snippet":"max-snippet:-1","max-image-preview":"max-image-preview:large","max-video-preview":"max-video-preview:-1"},"canonical":"https:\/\/www.pierrejohnson.eu\/es\/bioeconomia\/biocomercio\/","og_locale":"es_ES","og_type":"article","og_title":"Biocomercio","og_description":"Biocomercio El biocomercio trqtq del intercambio de productos e ingredientes provenientes de los ecosistemas locales. Cuando sigue condiciones \u00e9ticas y de sostenibilidad, es una opci\u00f3n importante para conciliar econom\u00eda y la biodiversidad. M\u00e1s sobre los desaf\u00edos de la biodiversida aqu\u00ed. Contexto El t\u00e9, cacao, el caf\u00e9, las plantas arom\u00e1ticas y medicinales, las especias y los [&hellip;]","og_url":"https:\/\/www.pierrejohnson.eu\/es\/bioeconomia\/biocomercio\/","og_site_name":"Pierre Johnson - Transition &amp; Cooperation","article_modified_time":"2017-09-08T13:55:25+00:00","twitter_card":"summary_large_image","twitter_misc":{"Tiempo de lectura":"5 minutos"},"schema":{"@context":"https:\/\/schema.org","@graph":[{"@type":"WebPage","@id":"https:\/\/www.pierrejohnson.eu\/es\/bioeconomia\/biocomercio\/","url":"https:\/\/www.pierrejohnson.eu\/es\/bioeconomia\/biocomercio\/","name":"Biocomercio","isPartOf":{"@id":"https:\/\/www.pierrejohnson.eu\/es\/#website"},"datePublished":"2017-06-21T08:39:12+00:00","dateModified":"2017-09-08T13:55:25+00:00","breadcrumb":{"@id":"https:\/\/www.pierrejohnson.eu\/es\/bioeconomia\/biocomercio\/#breadcrumb"},"inLanguage":"es","potentialAction":[{"@type":"ReadAction","target":["https:\/\/www.pierrejohnson.eu\/es\/bioeconomia\/biocomercio\/"]}]},{"@type":"BreadcrumbList","@id":"https:\/\/www.pierrejohnson.eu\/es\/bioeconomia\/biocomercio\/#breadcrumb","itemListElement":[{"@type":"ListItem","position":1,"name":"Accueil","item":"https:\/\/www.pierrejohnson.eu\/es\/"},{"@type":"ListItem","position":2,"name":"Bioeconom\u00eda","item":"https:\/\/www.pierrejohnson.eu\/es\/bioeconomia\/"},{"@type":"ListItem","position":3,"name":"Biocomercio"}]},{"@type":"WebSite","@id":"https:\/\/www.pierrejohnson.eu\/es\/#website","url":"https:\/\/www.pierrejohnson.eu\/es\/","name":"Pierre Johnson - Transition &amp; Cooperation","description":"Transition to sustainability requires cooperation","potentialAction":[{"@type":"SearchAction","target":{"@type":"EntryPoint","urlTemplate":"https:\/\/www.pierrejohnson.eu\/es\/?s={search_term_string}"},"query-input":{"@type":"PropertyValueSpecification","valueRequired":true,"valueName":"search_term_string"}}],"inLanguage":"es"}]}},"jetpack_shortlink":"https:\/\/wp.me\/P938H5-1sR","jetpack-related-posts":[],"jetpack_sharing_enabled":true,"_links":{"self":[{"href":"https:\/\/www.pierrejohnson.eu\/es\/wp-json\/wp\/v2\/pages\/5633","targetHints":{"allow":["GET"]}}],"collection":[{"href":"https:\/\/www.pierrejohnson.eu\/es\/wp-json\/wp\/v2\/pages"}],"about":[{"href":"https:\/\/www.pierrejohnson.eu\/es\/wp-json\/wp\/v2\/types\/page"}],"author":[{"embeddable":true,"href":"https:\/\/www.pierrejohnson.eu\/es\/wp-json\/wp\/v2\/users\/1"}],"replies":[{"embeddable":true,"href":"https:\/\/www.pierrejohnson.eu\/es\/wp-json\/wp\/v2\/comments?post=5633"}],"version-history":[{"count":5,"href":"https:\/\/www.pierrejohnson.eu\/es\/wp-json\/wp\/v2\/pages\/5633\/revisions"}],"predecessor-version":[{"id":6355,"href":"https:\/\/www.pierrejohnson.eu\/es\/wp-json\/wp\/v2\/pages\/5633\/revisions\/6355"}],"up":[{"embeddable":true,"href":"https:\/\/www.pierrejohnson.eu\/es\/wp-json\/wp\/v2\/pages\/6069"}],"wp:attachment":[{"href":"https:\/\/www.pierrejohnson.eu\/es\/wp-json\/wp\/v2\/media?parent=5633"}],"curies":[{"name":"wp","href":"https:\/\/api.w.org\/{rel}","templated":true}]}}