{"id":5628,"date":"2017-06-22T15:37:55","date_gmt":"2017-06-22T13:37:55","guid":{"rendered":"http:\/\/www.pierrejohnson.eu\/cooperation\/"},"modified":"2017-08-29T15:30:07","modified_gmt":"2017-08-29T13:30:07","slug":"cooperacion","status":"publish","type":"page","link":"https:\/\/www.pierrejohnson.eu\/es\/cooperacion\/","title":{"rendered":"Cooperaci\u00f3n"},"content":{"rendered":"<p>[et_pb_section bb_built=\u00bb1&#8243; admin_label=\u00bbsection\u00bb specialty=\u00bbon\u00bb _builder_version=\u00bb3.0.47&#8243;][et_pb_column type=\u00bb3_4&#8243; specialty_columns=\u00bb3&#8243;][et_pb_row_inner _builder_version=\u00bb3.0.47&#8243;][et_pb_column_inner type=\u00bb4_4&#8243; saved_specialty_column_type=\u00bb3_4&#8243;][et_pb_text admin_label=\u00bbText\u00bb _builder_version=\u00bb3.0.71&#8243; background_layout=\u00bblight\u00bb text_orientation=\u00bbleft\u00bb border_style=\u00bbsolid\u00bb]<\/p>\n<h1>Cooperaci\u00f3n<\/h1>\n<p>La cooperaci\u00f3n es la base de la vida, de la inovaci\u00f3n, y el soporte de la competencia.<\/p>\n<p>[\/et_pb_text][et_pb_image _builder_version=\u00bb3.0.66&#8243; src=\u00bbhttp:\/\/www.pierrejohnson.eu\/wp-content\/uploads\/2017\/06\/BandeauCooperation.png\u00bb show_in_lightbox=\u00bboff\u00bb url_new_window=\u00bboff\u00bb use_overlay=\u00bboff\u00bb sticky=\u00bboff\u00bb align=\u00bbleft\u00bb always_center_on_mobile=\u00bbon\u00bb border_style=\u00bbsolid\u00bb force_fullwidth=\u00bboff\u00bb animation=\u00bboff\u00bb \/][et_pb_text admin_label=\u00bbText\u00bb _builder_version=\u00bb3.0.71&#8243; background_layout=\u00bblight\u00bb text_orientation=\u00bbleft\u00bb border_style=\u00bbsolid\u00bb]<\/p>\n<h3>Contexto<\/h3>\n<p>El \u00e9xito individual est\u00e1 a menudo sobrevalorado en nuestras sociedades. En realidad, la sociedad es el caldo de cultivo para el bienestar y el \u00e9xito del individuo. Sin cooperaci\u00f3n no hay desarrollo cient\u00edfico y t\u00e9cnico ni progreso humano.<\/p>\n<p>El \u00e9xito individual representa una poderosa motivaci\u00f3n en nuestra sociedad. Si bien sigue siendo leg\u00edtimo, no debe hacernos olvidar que, como la mayor\u00eda de los organismos vivos en nuestro planeta, el ser humano es un ser social. La empat\u00eda y la comunicaci\u00f3n est\u00e1n profundamente arraigadas en nuestros genes. Se reflejan en las relaciones dentro de nuestras organizaciones, en el territorio, y con las personas y comunidades distantes.<\/p>\n<p>La cooperaci\u00f3n tiene sus gestos y t\u00e9cnicas que le permiten activar su potencial y que tambi\u00e9n puede ser transmitidos.<\/p>\n<p>&nbsp;<\/p>\n<h3>Cooperaci\u00f3n internacional<\/h3>\n<h5>22 a\u00f1os de experiencia en apoyo a las organizaciones de productores y al desarrollo agr\u00edcola<\/h5>\n<ul>\n<li><strong>Sectores y mercados:<\/strong> estructuraci\u00f3n de sectores, estudios de mercado, sistemas de garant\u00eda (org\u00e1nico, comercio justo, indicaciones geogr\u00e1ficas &#8230;)<\/li>\n<li><strong>Gesti\u00f3n de recursos naturales y Agroecolog\u00eda<\/strong><\/li>\n<li><strong>Desarrollo Territorial e Institucional<\/strong><\/li>\n<li><strong>Experto Asociado<\/strong> de la Cooperativa de Inter\u00e9s Colectivo <a href=\"http:\/\/www.tero.coop\/\" target=\"_blank\" rel=\"noopener\"> Tero &lt; A&gt; (nuestro mini-CV es <\/a><a href=\"http:\/\/www.tero.coop\/images\/MiniCV\/JOHNSON-Pierre.pdf\" target=\"_blank\" rel=\"noopener\"> aqu\u00ed <\/a>)<\/li>\n<\/ul>\n<h3>Desarrollo sustentable e inteligencia colectiva<\/h3>\n<ul>\n<li>Agenda 21 de primera y segunda generaci\u00f3n<\/li>\n<li>Di\u00e1logo con los partes involucradas<\/li>\n<li>Apoyo a las PyMEs y a las empresas de la econom\u00eda social y solidaria.<\/li>\n<li>Responsabilidad social con la norma ISO 26000 y otros enfoques<\/li>\n<\/ul>\n<p>[\/et_pb_text][et_pb_button _builder_version=\u00bb3.0.71&#8243; button_text=\u00bbNuestros servicios\u00bb button_url=\u00bb\/es\/servicios\/\u00bb url_new_window=\u00bboff\u00bb button_alignment=\u00bbcenter\u00bb background_layout=\u00bblight\u00bb custom_button=\u00bboff\u00bb button_letter_spacing=\u00bb0&#8243; button_icon_placement=\u00bbright\u00bb button_letter_spacing_hover=\u00bb0&#8243; \/][\/et_pb_column_inner][\/et_pb_row_inner][et_pb_row_inner _builder_version=\u00bb3.0.47&#8243;][et_pb_column_inner type=\u00bb1_2&#8243; saved_specialty_column_type=\u00bb3_4&#8243;][et_pb_button _builder_version=\u00bb3.0.59&#8243; button_text=\u00bbArt\u00edculos del blog\u00bb url_new_window=\u00bboff\u00bb button_alignment=\u00bbleft\u00bb background_layout=\u00bblight\u00bb custom_button=\u00bboff\u00bb button_letter_spacing=\u00bb0&#8243; button_icon_placement=\u00bbright\u00bb button_letter_spacing_hover=\u00bb0&#8243; \/][et_pb_blog admin_label=\u00bbArticles coop\u00e9ration\u00bb posts_number=\u00bb3&#8243; show_more=\u00bbon\u00bb offset_number=\u00bb0&#8243; _builder_version=\u00bb3.0.59&#8243; show_content=\u00bboff\u00bb show_thumbnail=\u00bbon\u00bb show_author=\u00bbon\u00bb show_date=\u00bbon\u00bb show_categories=\u00bbon\u00bb show_comments=\u00bbon\u00bb show_pagination=\u00bbon\u00bb fullwidth=\u00bbon\u00bb use_dropshadow=\u00bboff\u00bb use_overlay=\u00bboff\u00bb background_layout=\u00bblight\u00bb border_style=\u00bbsolid\u00bb include_categories=\u00bb101&#8243; \/][\/et_pb_column_inner][et_pb_column_inner type=\u00bb1_2&#8243; saved_specialty_column_type=\u00bb3_4&#8243;][et_pb_button _builder_version=\u00bb3.0.59&#8243; button_text=\u00bbAutres cat\u00e9gories d&#8217;articles\u00bb url_new_window=\u00bboff\u00bb button_alignment=\u00bbleft\u00bb background_layout=\u00bblight\u00bb custom_button=\u00bboff\u00bb button_letter_spacing=\u00bb0&#8243; button_icon_placement=\u00bbright\u00bb button_letter_spacing_hover=\u00bb0&#8243; button_url=\u00bbhttp:\/\/www.pierrejohnson.eu\/blog\/\u00bb \/][et_pb_blog admin_label=\u00bbAutres cat\u00e9gories d&#8217;articles\u00bb posts_number=\u00bb3&#8243; include_categories=\u00bb59,1,62&#8243; show_author=\u00bboff\u00bb offset_number=\u00bb0&#8243; _builder_version=\u00bb3.0.59&#8243; show_content=\u00bboff\u00bb show_thumbnail=\u00bbon\u00bb show_more=\u00bboff\u00bb show_date=\u00bbon\u00bb show_categories=\u00bbon\u00bb show_comments=\u00bbon\u00bb show_pagination=\u00bbon\u00bb fullwidth=\u00bbon\u00bb use_dropshadow=\u00bboff\u00bb use_overlay=\u00bboff\u00bb background_layout=\u00bblight\u00bb border_style=\u00bbsolid\u00bb \/][\/et_pb_column_inner][\/et_pb_row_inner][\/et_pb_column][et_pb_column type=\u00bb1_4&#8243;][et_pb_sidebar area=\u00bbsidebar-1&#8243; _builder_version=\u00bb3.0.60&#8243; orientation=\u00bbleft\u00bb background_layout=\u00bblight\u00bb body_font_size=\u00bb12&#8243; remove_border=\u00bbon\u00bb \/][\/et_pb_column][\/et_pb_section]<\/p>\n","protected":false},"excerpt":{"rendered":"<p>Cooperaci\u00f3n La cooperaci\u00f3n es la base de la vida, de la inovaci\u00f3n, y el soporte de la competencia. Contexto El \u00e9xito individual est\u00e1 a menudo sobrevalorado en nuestras sociedades. En realidad, la sociedad es el caldo de cultivo para el bienestar y el \u00e9xito del individuo. Sin cooperaci\u00f3n no hay desarrollo cient\u00edfico y t\u00e9cnico ni [&hellip;]<\/p>\n","protected":false},"author":2,"featured_media":0,"parent":0,"menu_order":0,"comment_status":"closed","ping_status":"closed","template":"","meta":{"_et_pb_use_builder":"on","_et_pb_old_content":"","_et_gb_content_width":"","jetpack_post_was_ever_published":false,"footnotes":""},"class_list":["post-5628","page","type-page","status-publish","hentry"],"yoast_head":"<!-- This site is optimized with the Yoast SEO plugin v26.9 - https:\/\/yoast.com\/product\/yoast-seo-wordpress\/ -->\n<title>Cooperaci\u00f3n<\/title>\n<meta name=\"description\" content=\"La cooperaci\u00f3n es el camino real de desarrollo de negocios y de las comunidades humanas.\" \/>\n<meta name=\"robots\" content=\"index, follow, max-snippet:-1, max-image-preview:large, max-video-preview:-1\" \/>\n<link rel=\"canonical\" href=\"https:\/\/www.pierrejohnson.eu\/es\/cooperacion\/\" \/>\n<meta property=\"og:locale\" content=\"es_ES\" \/>\n<meta property=\"og:type\" content=\"article\" \/>\n<meta property=\"og:title\" content=\"Cooperaci\u00f3n\" \/>\n<meta property=\"og:description\" content=\"La cooperaci\u00f3n es el camino real de desarrollo de negocios y de las comunidades humanas.\" \/>\n<meta property=\"og:url\" content=\"https:\/\/www.pierrejohnson.eu\/es\/cooperacion\/\" \/>\n<meta property=\"og:site_name\" content=\"Pierre Johnson - Transition &amp; Cooperation\" \/>\n<meta property=\"article:modified_time\" content=\"2017-08-29T13:30:07+00:00\" \/>\n<meta name=\"twitter:card\" content=\"summary_large_image\" \/>\n<meta name=\"twitter:label1\" content=\"Tiempo de lectura\" \/>\n\t<meta name=\"twitter:data1\" content=\"3 minutos\" \/>\n<script type=\"application\/ld+json\" class=\"yoast-schema-graph\">{\"@context\":\"https:\/\/schema.org\",\"@graph\":[{\"@type\":\"WebPage\",\"@id\":\"https:\/\/www.pierrejohnson.eu\/es\/cooperacion\/\",\"url\":\"https:\/\/www.pierrejohnson.eu\/es\/cooperacion\/\",\"name\":\"Cooperaci\u00f3n\",\"isPartOf\":{\"@id\":\"https:\/\/www.pierrejohnson.eu\/es\/#website\"},\"datePublished\":\"2017-06-22T13:37:55+00:00\",\"dateModified\":\"2017-08-29T13:30:07+00:00\",\"description\":\"La cooperaci\u00f3n es el camino real de desarrollo de negocios y de las comunidades humanas.\",\"breadcrumb\":{\"@id\":\"https:\/\/www.pierrejohnson.eu\/es\/cooperacion\/#breadcrumb\"},\"inLanguage\":\"es\",\"potentialAction\":[{\"@type\":\"ReadAction\",\"target\":[\"https:\/\/www.pierrejohnson.eu\/es\/cooperacion\/\"]}]},{\"@type\":\"BreadcrumbList\",\"@id\":\"https:\/\/www.pierrejohnson.eu\/es\/cooperacion\/#breadcrumb\",\"itemListElement\":[{\"@type\":\"ListItem\",\"position\":1,\"name\":\"Accueil\",\"item\":\"https:\/\/www.pierrejohnson.eu\/es\/\"},{\"@type\":\"ListItem\",\"position\":2,\"name\":\"Cooperaci\u00f3n\"}]},{\"@type\":\"WebSite\",\"@id\":\"https:\/\/www.pierrejohnson.eu\/es\/#website\",\"url\":\"https:\/\/www.pierrejohnson.eu\/es\/\",\"name\":\"Pierre Johnson - Transition &amp; Cooperation\",\"description\":\"Transition to sustainability requires cooperation\",\"potentialAction\":[{\"@type\":\"SearchAction\",\"target\":{\"@type\":\"EntryPoint\",\"urlTemplate\":\"https:\/\/www.pierrejohnson.eu\/es\/?s={search_term_string}\"},\"query-input\":{\"@type\":\"PropertyValueSpecification\",\"valueRequired\":true,\"valueName\":\"search_term_string\"}}],\"inLanguage\":\"es\"}]}<\/script>\n<!-- \/ Yoast SEO plugin. -->","yoast_head_json":{"title":"Cooperaci\u00f3n","description":"La cooperaci\u00f3n es el camino real de desarrollo de negocios y de las comunidades humanas.","robots":{"index":"index","follow":"follow","max-snippet":"max-snippet:-1","max-image-preview":"max-image-preview:large","max-video-preview":"max-video-preview:-1"},"canonical":"https:\/\/www.pierrejohnson.eu\/es\/cooperacion\/","og_locale":"es_ES","og_type":"article","og_title":"Cooperaci\u00f3n","og_description":"La cooperaci\u00f3n es el camino real de desarrollo de negocios y de las comunidades humanas.","og_url":"https:\/\/www.pierrejohnson.eu\/es\/cooperacion\/","og_site_name":"Pierre Johnson - Transition &amp; Cooperation","article_modified_time":"2017-08-29T13:30:07+00:00","twitter_card":"summary_large_image","twitter_misc":{"Tiempo de lectura":"3 minutos"},"schema":{"@context":"https:\/\/schema.org","@graph":[{"@type":"WebPage","@id":"https:\/\/www.pierrejohnson.eu\/es\/cooperacion\/","url":"https:\/\/www.pierrejohnson.eu\/es\/cooperacion\/","name":"Cooperaci\u00f3n","isPartOf":{"@id":"https:\/\/www.pierrejohnson.eu\/es\/#website"},"datePublished":"2017-06-22T13:37:55+00:00","dateModified":"2017-08-29T13:30:07+00:00","description":"La cooperaci\u00f3n es el camino real de desarrollo de negocios y de las comunidades humanas.","breadcrumb":{"@id":"https:\/\/www.pierrejohnson.eu\/es\/cooperacion\/#breadcrumb"},"inLanguage":"es","potentialAction":[{"@type":"ReadAction","target":["https:\/\/www.pierrejohnson.eu\/es\/cooperacion\/"]}]},{"@type":"BreadcrumbList","@id":"https:\/\/www.pierrejohnson.eu\/es\/cooperacion\/#breadcrumb","itemListElement":[{"@type":"ListItem","position":1,"name":"Accueil","item":"https:\/\/www.pierrejohnson.eu\/es\/"},{"@type":"ListItem","position":2,"name":"Cooperaci\u00f3n"}]},{"@type":"WebSite","@id":"https:\/\/www.pierrejohnson.eu\/es\/#website","url":"https:\/\/www.pierrejohnson.eu\/es\/","name":"Pierre Johnson - Transition &amp; Cooperation","description":"Transition to sustainability requires cooperation","potentialAction":[{"@type":"SearchAction","target":{"@type":"EntryPoint","urlTemplate":"https:\/\/www.pierrejohnson.eu\/es\/?s={search_term_string}"},"query-input":{"@type":"PropertyValueSpecification","valueRequired":true,"valueName":"search_term_string"}}],"inLanguage":"es"}]}},"jetpack_shortlink":"https:\/\/wp.me\/P938H5-1sM","jetpack-related-posts":[],"jetpack_sharing_enabled":true,"_links":{"self":[{"href":"https:\/\/www.pierrejohnson.eu\/es\/wp-json\/wp\/v2\/pages\/5628","targetHints":{"allow":["GET"]}}],"collection":[{"href":"https:\/\/www.pierrejohnson.eu\/es\/wp-json\/wp\/v2\/pages"}],"about":[{"href":"https:\/\/www.pierrejohnson.eu\/es\/wp-json\/wp\/v2\/types\/page"}],"author":[{"embeddable":true,"href":"https:\/\/www.pierrejohnson.eu\/es\/wp-json\/wp\/v2\/users\/2"}],"replies":[{"embeddable":true,"href":"https:\/\/www.pierrejohnson.eu\/es\/wp-json\/wp\/v2\/comments?post=5628"}],"version-history":[{"count":7,"href":"https:\/\/www.pierrejohnson.eu\/es\/wp-json\/wp\/v2\/pages\/5628\/revisions"}],"predecessor-version":[{"id":6305,"href":"https:\/\/www.pierrejohnson.eu\/es\/wp-json\/wp\/v2\/pages\/5628\/revisions\/6305"}],"wp:attachment":[{"href":"https:\/\/www.pierrejohnson.eu\/es\/wp-json\/wp\/v2\/media?parent=5628"}],"curies":[{"name":"wp","href":"https:\/\/api.w.org\/{rel}","templated":true}]}}