{"id":5594,"date":"2017-06-22T16:42:09","date_gmt":"2017-06-22T14:42:09","guid":{"rendered":"http:\/\/www.pierrejohnson.eu\/quienes-somos\/"},"modified":"2020-03-04T11:23:08","modified_gmt":"2020-03-04T10:23:08","slug":"quienes-somos","status":"publish","type":"page","link":"https:\/\/www.pierrejohnson.eu\/es\/quienes-somos\/","title":{"rendered":"\u00bfQuienes somos?"},"content":{"rendered":"<p>[et_pb_section fb_built=\u00bb1&#8243; specialty=\u00bbon\u00bb admin_label=\u00bbsection\u00bb _builder_version=\u00bb3.22&#8243;][et_pb_column type=\u00bb3_4&#8243; specialty_columns=\u00bb3&#8243; _builder_version=\u00bb3.25&#8243; custom_padding=\u00bb|||\u00bb custom_padding__hover=\u00bb|||\u00bb][et_pb_row_inner _builder_version=\u00bb3.25&#8243;][et_pb_column_inner saved_specialty_column_type=\u00bb3_4&#8243; _builder_version=\u00bb3.25&#8243; custom_padding=\u00bb|||\u00bb custom_padding__hover=\u00bb|||\u00bb][et_pb_text _builder_version=\u00bb3.27.4&#8243; border_style=\u00bbsolid\u00bb]<\/p>\n<h1>Pierre W. Johnson<\/h1>\n<h3>Fundador, Transition &amp; Coop\u00e9ration<\/h3>\n<p>[\/et_pb_text][et_pb_text admin_label=\u00bbText\u00bb _builder_version=\u00bb4.3.4&#8243; hover_enabled=\u00bb0&#8243; border_style=\u00bbsolid\u00bb]<\/p>\n<p><img loading=\"lazy\" decoding=\"async\" class=\"alignleft wp-image-7600\" src=\"https:\/\/www.pierrejohnson.eu\/wp-content\/uploads\/2020\/03\/PierreWP-150x150.jpeg\" alt=\"\" width=\"163\" height=\"180\" \/><br \/>Pierre William Johnson es director de proyecto, de capacitaci\u00f3n, consultor con una visi\u00f3n prospectiva del desarrollo sustentable, que toma en cuenta la tendencias ambientales y sociales. <span id=\"result_box\" class=\"\" lang=\"es\"><span title=\"Dot\u00e9 d'une formation interdisciplinaire \u00e9clair\u00e9 par un parcours cons\u00e9quent en Europe et dans les pays du Sud (Am\u00e9rique latine, Afrique et Asie de l'Est et du Sud-Est), son approche des enjeux du d\u00e9veloppement durable est syst\u00e9mique, pragmatique et prospective\">Con una formaci\u00f3n interdisciplinaria, y una amplia experiencia en Europa y en el Sur (Am\u00e9rica Latina, \u00c1frica y Asia del Este y del Sudeste), su enfoque de las cuestiones de desarrollo sostenible es sist\u00e9mica, pragm\u00e1tica y hacia adelante <\/span><span title=\". \">.<\/span><\/span><\/p>\n<p><span title=\"Titulaire de Masters en Am\u00e9nagement Appliqu\u00e9 aux Pays en Voie de D\u00e9veloppement (1994) et en \u00c9conomie \u00e9cologique et Ing\u00e9nierie du D\u00e9veloppement Durable (2010), Pierre Johnson a 20 ans d'exp\u00e9rience de la coordination de projets de d\u00e9veloppement international, et de l'appui\">Es titulado en Planificaci\u00f3n aplicada a los pa\u00edses en desarrollo de Camino (1994) y Econom\u00eda\u00a0Ecol\u00f3gica e Ingenier\u00eda del Desarrollo Sostenible (2010), tiene 20 a\u00f1os de experiencia en la coordinaci\u00f3n de proyectos de desarrollo internacional, y el apoyo <\/span><span title=\"au d\u00e9veloppement de fili\u00e8res responsables et \u00e9quitables en France, en Am\u00e9rique latine (Br\u00e9sil, Mexique, Guatemala, P\u00e9rou), en Afrique (B\u00e9nin, Burkina Faso, Burundi, C\u00f4te d'Ivoire, Ghana, Kenya, Madagascar, Maroc, S\u00e9n\u00e9gal, Tanzanie)\">el desarrollo de los sectores comerciales responsables y justas en Francia, Am\u00e9rica Latina (Brasil, M\u00e9xico, Guatemala, Per\u00fa), \u00c1frica (Benin, Burkina Faso, Burundi, Costa de Marfil, Ghana, Kenia, Madagascar, Marruecos, Senegal, Tanzania) <\/span><span title=\"et en Asie (Chine, Inde, Tha\u00eflande, Vietnam). \">y Asia (china, India, Tailandia, Vietnam).<\/span><\/p>\n<p><span title=\"Avec une exp\u00e9rience approfondie des questions li\u00e9es \u00e0 la valorisation des produits locaux, il appuie le d\u00e9veloppement des fili\u00e8res de produits naturels et artisanaux, et r\u00e9alise des audits sociaux et environnementaux ainsi que des \u00e9valuations multi-crit\u00e8res.\">Con una amplia experiencia en cuestiones relacionadas a la promoci\u00f3n de los productos locales, apoya el desarrollo de los sectores de productos naturales y artesanales, y lleva a cabo auditor\u00edas sociales y medioambientales, as\u00ed como evaluaciones multicriterios. <\/span><span title=\"Il exerce \u00e9galement comme m\u00e9diateur entre parties prenantes et animateur de r\u00e9seaux d\u2019acteurs de la transition \u00e9cologique.\">Tambi\u00e9n oficia como mediador entre las partes involucradqs y redes de multiples de actores en la transici\u00f3n ecol\u00f3gica. <\/span><span title=\"Enfin, il assure des formations sur la transition \u00e9cologique, le d\u00e9veloppement durable, le commerce \u00e9quitable et la responsabilit\u00e9 sociale des organisations.\">Por \u00faltimo, ofrece formaci\u00f3n sobre la transici\u00f3n ecol\u00f3gica, el desarrollo sostenible, el comercio justo y la responsabilidad social de las organizaciones.<\/span><\/p>\n<p>Es autor de dos <a title=\"Libros\" href=\"http:\/\/pierrejohnson.eu\/wp\/publicaciones\/libros\/?lang=es\">libros<\/a>, y es perfectamente triling\u00fce (franc\u00e9s, ingl\u00e9s, espa\u00f1ol, y tambi\u00e9n portugu\u00e9s).<\/p>\n<p><span id=\"result_box\" class=\"\" lang=\"es\">Contacte-nos para toda demanda de estudios, formaci\u00f3n, conferencia, entrevista o <span class=\"\">art\u00edculo.<\/span><\/span><\/p>\n<p><span style=\"border-radius: 2px; text-indent: 20px; width: auto; padding: 0px 4px 0px 0px; text-align: center; font: bold 11px\/20px 'Helvetica Neue',Helvetica,sans-serif; color: #ffffff; background: #bd081c no-repeat scroll 3px 50% \/ 14px 14px; position: absolute; opacity: 1; z-index: 8675309; display: none; cursor: pointer;\">Enregistrer<\/span><\/p>\n<p><span style=\"border-radius: 2px; text-indent: 20px; width: auto; padding: 0px 4px 0px 0px; text-align: center; font: bold 11px\/20px 'Helvetica Neue',Helvetica,sans-serif; color: #ffffff; background: #bd081c no-repeat scroll 3px 50% \/ 14px 14px; position: absolute; opacity: 1; z-index: 8675309; display: none; cursor: pointer; top: 50px; left: 40px;\">Enregistrer<\/span><\/p>\n<p><span style=\"border-radius: 2px; text-indent: 20px; width: auto; padding: 0px 4px 0px 0px; text-align: center; font: bold 11px\/20px 'Helvetica Neue',Helvetica,sans-serif; color: #ffffff; background: #bd081c no-repeat scroll 3px 50% \/ 14px 14px; position: absolute; opacity: 1; z-index: 8675309; display: none; cursor: pointer; top: 50px; left: 40px;\">Enregistrer<\/span><\/p>\n<p>[\/et_pb_text][\/et_pb_column_inner][\/et_pb_row_inner][et_pb_row_inner admin_label=\u00bbLigne\u00bb _builder_version=\u00bb3.25&#8243; column_structure=\u00bb1_3,1_3,1_3&#8243;][et_pb_column_inner type=\u00bb1_3&#8243; saved_specialty_column_type=\u00bb3_4&#8243; _builder_version=\u00bb3.25&#8243; custom_padding=\u00bb|||\u00bb custom_padding__hover=\u00bb|||\u00bb][et_pb_accordion open_toggle_background_color=\u00bb#ffffff\u00bb _builder_version=\u00bb3.0.87&#8243; border_style=\u00bbsolid\u00bb][et_pb_accordion_item title=\u00bbConferencias\u00bb _builder_version=\u00bb3.0.47&#8243; open=\u00bbon\u00bb]<span id=\"result_box\" class=\"\" lang=\"es\">Mis <a href=\"http:\/\/conferencias\">conferencias<\/a> en Franc\u00e9s, Ingl\u00e9s y Espa\u00f1ol, sobre el comercio justo<span class=\"\">, las alternativas a<\/span> <span class=\"\">la biopirater\u00eda<\/span>.<\/span>[\/et_pb_accordion_item][\/et_pb_accordion][\/et_pb_column_inner][et_pb_column_inner type=\u00bb1_3&#8243; saved_specialty_column_type=\u00bb3_4&#8243; _builder_version=\u00bb3.25&#8243; custom_padding=\u00bb|||\u00bb custom_padding__hover=\u00bb|||\u00bb][et_pb_accordion open_toggle_background_color=\u00bb#ffffff\u00bb _builder_version=\u00bb3.0.87&#8243; border_style=\u00bbsolid\u00bb][et_pb_accordion_item title=\u00bbPublicaciones\u00bb _builder_version=\u00bb3.0.47&#8243; open=\u00bbon\u00bb]<span id=\"result_box\" class=\"\" lang=\"es\">Autor de tres libros y numerosos art\u00edculos sobre el comercio justo y sobre las alternativas a la biopirater\u00eda<span class=\"\">.<\/span><\/span>[\/et_pb_accordion_item][\/et_pb_accordion][\/et_pb_column_inner][et_pb_column_inner type=\u00bb1_3&#8243; saved_specialty_column_type=\u00bb3_4&#8243; _builder_version=\u00bb3.25&#8243; custom_padding=\u00bb|||\u00bb custom_padding__hover=\u00bb|||\u00bb][et_pb_accordion _builder_version=\u00bb3.0.87&#8243; border_style=\u00bbsolid\u00bb][et_pb_accordion_item title=\u00bbReferencias\u00bb _builder_version=\u00bb3.0.47&#8243; open=\u00bbon\u00bb]Ver mis <a title=\"Referencias\" href=\"https:\/\/www.pierrejohnson.eu\/qui-sommes-nous\/clients-et-references\/\">referencias<\/a>.[\/et_pb_accordion_item][\/et_pb_accordion][\/et_pb_column_inner][\/et_pb_row_inner][\/et_pb_column][et_pb_column type=\u00bb1_4&#8243; _builder_version=\u00bb3.25&#8243; custom_padding=\u00bb|||\u00bb custom_padding__hover=\u00bb|||\u00bb][et_pb_sidebar area=\u00bbsidebar-1&#8243; _builder_version=\u00bb3.0.74&#8243;][\/et_pb_sidebar][\/et_pb_column][\/et_pb_section]<\/p>\n","protected":false},"excerpt":{"rendered":"<p>Pierre W. Johnson Fundador, Transition &amp; Coop\u00e9ration Pierre William Johnson es director de proyecto, de capacitaci\u00f3n, consultor con una visi\u00f3n prospectiva del desarrollo sustentable, que toma en cuenta la tendencias ambientales y sociales. Con una formaci\u00f3n interdisciplinaria, y una amplia experiencia en Europa y en el Sur (Am\u00e9rica Latina, \u00c1frica y Asia del Este y [&hellip;]<\/p>\n","protected":false},"author":2,"featured_media":0,"parent":0,"menu_order":0,"comment_status":"closed","ping_status":"closed","template":"","meta":{"_et_pb_use_builder":"on","_et_pb_old_content":"","_et_gb_content_width":"","jetpack_post_was_ever_published":false,"footnotes":""},"class_list":["post-5594","page","type-page","status-publish","hentry"],"yoast_head":"<!-- This site is optimized with the Yoast SEO plugin v26.9 - https:\/\/yoast.com\/product\/yoast-seo-wordpress\/ -->\n<title>\u00bfQuienes somos? - Pierre Johnson - Transition &amp; Cooperation<\/title>\n<meta name=\"robots\" content=\"index, follow, max-snippet:-1, max-image-preview:large, max-video-preview:-1\" \/>\n<link rel=\"canonical\" href=\"https:\/\/www.pierrejohnson.eu\/es\/quienes-somos\/\" \/>\n<meta property=\"og:locale\" content=\"es_ES\" \/>\n<meta property=\"og:type\" content=\"article\" \/>\n<meta property=\"og:title\" content=\"\u00bfQuienes somos? - Pierre Johnson - Transition &amp; Cooperation\" \/>\n<meta property=\"og:description\" content=\"Pierre W. Johnson Fundador, Transition &amp; Coop\u00e9ration Pierre William Johnson es director de proyecto, de capacitaci\u00f3n, consultor con una visi\u00f3n prospectiva del desarrollo sustentable, que toma en cuenta la tendencias ambientales y sociales. Con una formaci\u00f3n interdisciplinaria, y una amplia experiencia en Europa y en el Sur (Am\u00e9rica Latina, \u00c1frica y Asia del Este y [&hellip;]\" \/>\n<meta property=\"og:url\" content=\"https:\/\/www.pierrejohnson.eu\/es\/quienes-somos\/\" \/>\n<meta property=\"og:site_name\" content=\"Pierre Johnson - Transition &amp; Cooperation\" \/>\n<meta property=\"article:modified_time\" content=\"2020-03-04T10:23:08+00:00\" \/>\n<meta property=\"og:image\" content=\"https:\/\/www.pierrejohnson.eu\/wp-content\/uploads\/2020\/03\/PierreWP-150x150.jpeg\" \/>\n<meta name=\"twitter:card\" content=\"summary_large_image\" \/>\n<meta name=\"twitter:label1\" content=\"Tiempo de lectura\" \/>\n\t<meta name=\"twitter:data1\" content=\"3 minutos\" \/>\n<script type=\"application\/ld+json\" class=\"yoast-schema-graph\">{\"@context\":\"https:\/\/schema.org\",\"@graph\":[{\"@type\":\"WebPage\",\"@id\":\"https:\/\/www.pierrejohnson.eu\/es\/quienes-somos\/\",\"url\":\"https:\/\/www.pierrejohnson.eu\/es\/quienes-somos\/\",\"name\":\"\u00bfQuienes somos? - Pierre Johnson - Transition &amp; Cooperation\",\"isPartOf\":{\"@id\":\"https:\/\/www.pierrejohnson.eu\/es\/#website\"},\"primaryImageOfPage\":{\"@id\":\"https:\/\/www.pierrejohnson.eu\/es\/quienes-somos\/#primaryimage\"},\"image\":{\"@id\":\"https:\/\/www.pierrejohnson.eu\/es\/quienes-somos\/#primaryimage\"},\"thumbnailUrl\":\"https:\/\/www.pierrejohnson.eu\/wp-content\/uploads\/2020\/03\/PierreWP-150x150.jpeg\",\"datePublished\":\"2017-06-22T14:42:09+00:00\",\"dateModified\":\"2020-03-04T10:23:08+00:00\",\"breadcrumb\":{\"@id\":\"https:\/\/www.pierrejohnson.eu\/es\/quienes-somos\/#breadcrumb\"},\"inLanguage\":\"es\",\"potentialAction\":[{\"@type\":\"ReadAction\",\"target\":[\"https:\/\/www.pierrejohnson.eu\/es\/quienes-somos\/\"]}]},{\"@type\":\"ImageObject\",\"inLanguage\":\"es\",\"@id\":\"https:\/\/www.pierrejohnson.eu\/es\/quienes-somos\/#primaryimage\",\"url\":\"https:\/\/www.pierrejohnson.eu\/wp-content\/uploads\/2020\/03\/PierreWP-150x150.jpeg\",\"contentUrl\":\"https:\/\/www.pierrejohnson.eu\/wp-content\/uploads\/2020\/03\/PierreWP-150x150.jpeg\"},{\"@type\":\"BreadcrumbList\",\"@id\":\"https:\/\/www.pierrejohnson.eu\/es\/quienes-somos\/#breadcrumb\",\"itemListElement\":[{\"@type\":\"ListItem\",\"position\":1,\"name\":\"Accueil\",\"item\":\"https:\/\/www.pierrejohnson.eu\/es\/\"},{\"@type\":\"ListItem\",\"position\":2,\"name\":\"\u00bfQuienes somos?\"}]},{\"@type\":\"WebSite\",\"@id\":\"https:\/\/www.pierrejohnson.eu\/es\/#website\",\"url\":\"https:\/\/www.pierrejohnson.eu\/es\/\",\"name\":\"Pierre Johnson - Transition &amp; Cooperation\",\"description\":\"Transition to sustainability requires cooperation\",\"potentialAction\":[{\"@type\":\"SearchAction\",\"target\":{\"@type\":\"EntryPoint\",\"urlTemplate\":\"https:\/\/www.pierrejohnson.eu\/es\/?s={search_term_string}\"},\"query-input\":{\"@type\":\"PropertyValueSpecification\",\"valueRequired\":true,\"valueName\":\"search_term_string\"}}],\"inLanguage\":\"es\"}]}<\/script>\n<!-- \/ Yoast SEO plugin. -->","yoast_head_json":{"title":"\u00bfQuienes somos? - Pierre Johnson - Transition &amp; Cooperation","robots":{"index":"index","follow":"follow","max-snippet":"max-snippet:-1","max-image-preview":"max-image-preview:large","max-video-preview":"max-video-preview:-1"},"canonical":"https:\/\/www.pierrejohnson.eu\/es\/quienes-somos\/","og_locale":"es_ES","og_type":"article","og_title":"\u00bfQuienes somos? - Pierre Johnson - Transition &amp; Cooperation","og_description":"Pierre W. Johnson Fundador, Transition &amp; Coop\u00e9ration Pierre William Johnson es director de proyecto, de capacitaci\u00f3n, consultor con una visi\u00f3n prospectiva del desarrollo sustentable, que toma en cuenta la tendencias ambientales y sociales. Con una formaci\u00f3n interdisciplinaria, y una amplia experiencia en Europa y en el Sur (Am\u00e9rica Latina, \u00c1frica y Asia del Este y [&hellip;]","og_url":"https:\/\/www.pierrejohnson.eu\/es\/quienes-somos\/","og_site_name":"Pierre Johnson - Transition &amp; Cooperation","article_modified_time":"2020-03-04T10:23:08+00:00","og_image":[{"url":"https:\/\/www.pierrejohnson.eu\/wp-content\/uploads\/2020\/03\/PierreWP-150x150.jpeg","type":"","width":"","height":""}],"twitter_card":"summary_large_image","twitter_misc":{"Tiempo de lectura":"3 minutos"},"schema":{"@context":"https:\/\/schema.org","@graph":[{"@type":"WebPage","@id":"https:\/\/www.pierrejohnson.eu\/es\/quienes-somos\/","url":"https:\/\/www.pierrejohnson.eu\/es\/quienes-somos\/","name":"\u00bfQuienes somos? - Pierre Johnson - Transition &amp; Cooperation","isPartOf":{"@id":"https:\/\/www.pierrejohnson.eu\/es\/#website"},"primaryImageOfPage":{"@id":"https:\/\/www.pierrejohnson.eu\/es\/quienes-somos\/#primaryimage"},"image":{"@id":"https:\/\/www.pierrejohnson.eu\/es\/quienes-somos\/#primaryimage"},"thumbnailUrl":"https:\/\/www.pierrejohnson.eu\/wp-content\/uploads\/2020\/03\/PierreWP-150x150.jpeg","datePublished":"2017-06-22T14:42:09+00:00","dateModified":"2020-03-04T10:23:08+00:00","breadcrumb":{"@id":"https:\/\/www.pierrejohnson.eu\/es\/quienes-somos\/#breadcrumb"},"inLanguage":"es","potentialAction":[{"@type":"ReadAction","target":["https:\/\/www.pierrejohnson.eu\/es\/quienes-somos\/"]}]},{"@type":"ImageObject","inLanguage":"es","@id":"https:\/\/www.pierrejohnson.eu\/es\/quienes-somos\/#primaryimage","url":"https:\/\/www.pierrejohnson.eu\/wp-content\/uploads\/2020\/03\/PierreWP-150x150.jpeg","contentUrl":"https:\/\/www.pierrejohnson.eu\/wp-content\/uploads\/2020\/03\/PierreWP-150x150.jpeg"},{"@type":"BreadcrumbList","@id":"https:\/\/www.pierrejohnson.eu\/es\/quienes-somos\/#breadcrumb","itemListElement":[{"@type":"ListItem","position":1,"name":"Accueil","item":"https:\/\/www.pierrejohnson.eu\/es\/"},{"@type":"ListItem","position":2,"name":"\u00bfQuienes somos?"}]},{"@type":"WebSite","@id":"https:\/\/www.pierrejohnson.eu\/es\/#website","url":"https:\/\/www.pierrejohnson.eu\/es\/","name":"Pierre Johnson - Transition &amp; Cooperation","description":"Transition to sustainability requires cooperation","potentialAction":[{"@type":"SearchAction","target":{"@type":"EntryPoint","urlTemplate":"https:\/\/www.pierrejohnson.eu\/es\/?s={search_term_string}"},"query-input":{"@type":"PropertyValueSpecification","valueRequired":true,"valueName":"search_term_string"}}],"inLanguage":"es"}]}},"jetpack_shortlink":"https:\/\/wp.me\/P938H5-1se","jetpack-related-posts":[],"jetpack_sharing_enabled":true,"_links":{"self":[{"href":"https:\/\/www.pierrejohnson.eu\/es\/wp-json\/wp\/v2\/pages\/5594","targetHints":{"allow":["GET"]}}],"collection":[{"href":"https:\/\/www.pierrejohnson.eu\/es\/wp-json\/wp\/v2\/pages"}],"about":[{"href":"https:\/\/www.pierrejohnson.eu\/es\/wp-json\/wp\/v2\/types\/page"}],"author":[{"embeddable":true,"href":"https:\/\/www.pierrejohnson.eu\/es\/wp-json\/wp\/v2\/users\/2"}],"replies":[{"embeddable":true,"href":"https:\/\/www.pierrejohnson.eu\/es\/wp-json\/wp\/v2\/comments?post=5594"}],"version-history":[{"count":2,"href":"https:\/\/www.pierrejohnson.eu\/es\/wp-json\/wp\/v2\/pages\/5594\/revisions"}],"predecessor-version":[{"id":7606,"href":"https:\/\/www.pierrejohnson.eu\/es\/wp-json\/wp\/v2\/pages\/5594\/revisions\/7606"}],"wp:attachment":[{"href":"https:\/\/www.pierrejohnson.eu\/es\/wp-json\/wp\/v2\/media?parent=5594"}],"curies":[{"name":"wp","href":"https:\/\/api.w.org\/{rel}","templated":true}]}}