{"id":5590,"date":"2017-06-24T11:19:26","date_gmt":"2017-06-24T09:19:26","guid":{"rendered":"http:\/\/www.pierrejohnson.eu\/conferencias\/"},"modified":"2017-08-07T10:19:06","modified_gmt":"2017-08-07T08:19:06","slug":"conferencias","status":"publish","type":"page","link":"https:\/\/www.pierrejohnson.eu\/es\/quienes-somos\/conferencias\/","title":{"rendered":"Conf\u00e9rences"},"content":{"rendered":"<p>[et_pb_section bb_built=\u00bb1&#8243; fullwidth=\u00bboff\u00bb specialty=\u00bbon\u00bb template_type=\u00bb\u00bb][et_pb_column type=\u00bb3_4&#8243; specialty_columns=\u00bb3&#8243;][et_pb_row_inner admin_label=\u00bbLigne\u00bb][et_pb_column_inner type=\u00bb4_4&#8243; saved_specialty_column_type=\u00bb3_4&#8243;][et_pb_text _builder_version=\u00bb3.0.66&#8243; background_layout=\u00bblight\u00bb text_orientation=\u00bbleft\u00bb border_style=\u00bbsolid\u00bb]<\/p>\n<h1>Conferencias<\/h1>\n<p>[\/et_pb_text][et_pb_text _builder_version=\u00bb3.0.66&#8243; background_layout=\u00bblight\u00bb text_orientation=\u00bbleft\u00bb border_style=\u00bbsolid\u00bb]<\/p>\n<p><strong>2016-2017<\/strong><\/p>\n<ul>\n<li><span id=\"result_box\" class=\"\" lang=\"es\"><strong>Normas y\u00a0 mercados europeos relacionados con el desarrollo sostenible: un desaf\u00edo para la industria del t\u00e9 en China<\/strong>, Emeishan Expo T\u00e9, Sichuan, China, julio de 2017<\/span><\/li>\n<li><span id=\"result_box\" class=\"\" lang=\"es\"><strong>Entender la agricultura org\u00e1nica en Europa y los sistemas de apoyo en Francia<\/strong> (Par\u00eds), junio de 2017<\/span><\/li>\n<li><span id=\"result_box\" class=\"\" lang=\"es\"><strong>Agricultura org\u00e1anica y desaf\u00edos de t\u00e9 chino,<\/strong> Anji, Zhejian (China), marzo de 2017 org\u00e1nica<\/span><\/li>\n<li><span class=\"\" lang=\"es\"><strong>Biodiversidad y alternativas a la biopirater\u00eda<\/strong>, proyecci\u00f3n de \u00abLa Guerra de las semillas,\u00bb MJC Portes-l\u00e8s-Valencias (Francia), noviembre de 2016<\/span><\/li>\n<\/ul>\n<p><strong>2013-2015<\/strong><\/p>\n<ul>\n<li><strong>Comercio justo en America Latina<\/strong>, Paris La Sorbonne, 9 diciembre de 2015<\/li>\n<li><span id=\"result_box\" class=\"\" lang=\"es\"><strong>Los retos de la COP21 sobre <span class=\"\">el cambio clim\u00e1tico<\/span><\/strong><span class=\"\">, <\/span><\/span>Rendez-vous Citoyens de Montgeron, 13 novembre 2015<\/li>\n<li><strong>Biopirater\u00eda,\u00a0<\/strong>La 25e heure du Mans, 10 de octubre 2015<\/li>\n<li><strong>Congreso del MECE<\/strong> \u201cSubir el di\u00e1logo ambiental al nivel del di\u00e1logo social\u201d (6 de junio 2013)<\/li>\n<\/ul>\n<p><strong>2011-2012<\/strong><\/p>\n<ul>\n<li>Mesa Redonda sobre la bio-econom\u00eda a los <a title=\"Assises du Vivant\" href=\"http:\/\/www.unesco.org\/new\/fr\/unesco\/events\/all-events\/?tx_browser_pi1%5BshowUid%5D=9075&amp;cHash=8d21ad7525\" target=\"_blank\" rel=\"noopener\"><strong>Assises du Vivant<\/strong><\/a><strong>, UNESCO<\/strong>, moderada por Herv\u00e9 Kempf (30 noviembre 2012).<\/li>\n<li>Conferencia virtual <strong>Agrion<\/strong>, sur \u201c<strong>De la Biopiraterie au Bio-partage<\/strong>\u201d para managers responsabilidad social (15 noviembre 2012)<\/li>\n<li>Participaci\u00f3n al<strong> Salone del Gusto \u2013 Terra Madre<\/strong> en Torino (Italia) sobre la forester\u00eda an\u00e1loga y su certificaci\u00f3n. Evento organizado por el movimiento <a title=\"Slow Food\" href=\"http:\/\/slowfood.com\/\" target=\"_blank\" rel=\"noopener\">Slow Food<\/a>\u00a0(25-29 octubre 2012)<\/li>\n<li><a title=\"Rio 20 ans\" href=\"http:\/\/y20rio.org\/Niort\/\" target=\"_blank\" rel=\"noopener\"><strong>Rio, 20 a\u00f1os despu\u00e9s<\/strong><\/a>, organizado por el Instituto Edgar Morin, Institut International de Recherche pour une Politique de Civilisation (<a title=\"Institut International de Recherche pour une Politique de Civilisation\" href=\"http:\/\/www.iirpc.org\">IIRPC<\/a>), 27 al 28 de septiembre 2012 en Niort (Francia).<\/li>\n<li><strong>Talleres de la Tierra \u2013 <a title=\"Global Conference\" href=\"http:\/\/www.planetworkshops.org\/en\/65\/global-conference\/\" target=\"_blank\" rel=\"noopener\">Global Conference<\/a><\/strong>\u00a0en Evian (Francia)- Restituci\u00f3n de la comisi\u00f3n de trabajo \u201cMiradas cruzadas sobre los recursos de la biodiversidad y su comparto equitable\u201d (24-26 septiembre 2012)<\/li>\n<li>\u201c<strong>From Biopiracy to the creation of Shared Value<\/strong>\u201c, Congresso <strong>Centifolia 2011<\/strong>\u00a0(19-21 octubre 2011):<\/li>\n<\/ul>\n<p style=\"text-align: center;\"><iframe loading=\"lazy\" src=\"http:\/\/www.youtube.com\/embed\/_7vhO25ekF8\" width=\"560\" height=\"315\" frameborder=\"0\" allowfullscreen=\"allowfullscreen\" data-mce-fragment=\"1\"><\/iframe><br \/>\n\u00daltima actualizaci\u00f3n<em>: Junio 26, 2013<\/em><\/p>\n<p>[\/et_pb_text][\/et_pb_column_inner][\/et_pb_row_inner][\/et_pb_column][et_pb_column type=\u00bb1_4&#8243;][et_pb_sidebar _builder_version=\u00bb3.0.66&#8243; area=\u00bbsidebar-1&#8243; orientation=\u00bbleft\u00bb background_layout=\u00bblight\u00bb \/][\/et_pb_column][\/et_pb_section]<\/p>\n","protected":false},"excerpt":{"rendered":"<p>Conferencias 2016-2017 Normas y\u00a0 mercados europeos relacionados con el desarrollo sostenible: un desaf\u00edo para la industria del t\u00e9 en China, Emeishan Expo T\u00e9, Sichuan, China, julio de 2017 Entender la agricultura org\u00e1nica en Europa y los sistemas de apoyo en Francia (Par\u00eds), junio de 2017 Agricultura org\u00e1anica y desaf\u00edos de t\u00e9 chino, Anji, Zhejian (China), [&hellip;]<\/p>\n","protected":false},"author":2,"featured_media":0,"parent":5594,"menu_order":3,"comment_status":"closed","ping_status":"closed","template":"","meta":{"_et_pb_use_builder":"on","_et_pb_old_content":"<p><strong>2016-2017<\/strong><\/p><ul><li><strong>Normes et march\u00e9s europ\u00e9ens li\u00e9s au d\u00e9veloppement durable :\u00a0 un d\u00e9fi pour le secteur du th\u00e9 en Chine<\/strong>, Emeishan Tea Expo, Sichuan, Chine, juillet 2017<\/li><li><strong>Comprendre l'agriculture biologique en Europe et les syst\u00e8mes d'appui en France<\/strong> (Paris), juin 2017<\/li><li><strong>Agriculture biologique et enjeux du th\u00e9 de Chine<\/strong>, Anji, Zhejian (Chine), mars 2017<\/li><li><strong>Biodiversit\u00e9 et alternatives \u00e0 la biopiraterie<\/strong>, projection de \"La Guerre des Graines\", MJC Portes-l\u00e8s-Valences (France), novembre 2016<\/li><\/ul><p><strong>2013-2015<\/strong><\/p><ul><li><strong>Commerce \u00e9quitable en Am\u00e9rique Latine<\/strong>, Paris La Sorbonne, 9 d\u00e9cembre 2015<\/li><li><strong>Les enjeux de la COP21 face au d\u00e9r\u00e8glement climatique<\/strong>, Rendez-vous Citoyens de Montgeron, 13 novembre 2015<\/li><li><strong>Biopiraterie,\u00a0<\/strong>La 25e heure du Mans, 10 octobre 2015<\/li><li>\"<strong>Elever le dialogue environnemental\u00a0au niveau du dialogue social<\/strong>\",\u00a0Congr\u00e8s du MECE, 6 juin 2013<\/li><\/ul><p><strong>2011-2012<\/strong><\/p><ul><li>Table-ronde sur la <strong>bio-\u00e9conomie<\/strong> aux\u00a0<a title=\"Assises du Vivant\" href=\"http:\/\/www.unesco.org\/new\/fr\/unesco\/events\/all-events\/?tx_browser_pi1%5BshowUid%5D=9075&cHash=8d21ad7525\" target=\"_blank\" rel=\"noopener noreferrer\">Assises du Vivant<\/a>, anim\u00e9e par Herv\u00e9 Kempf, 30 novembre 2012.<\/li><li>Conf\u00e9rence virtuelle Agrion, sur \"<strong>De la Biopiraterie au Bio-partage<\/strong>\" \u00e0 destination des managers et responsables RSE, 15 novembre 2012.<\/li><li>Participation au\u00a0Salone del Gusto - Terra Madre\u00a0\u00e0 Turin (Italie) sur la foresterie analogue et sa certification. Ev\u00e9nement organis\u00e9 par le mouvement\u00a0<a title=\"Slow Food\" href=\"http:\/\/slowfood.com\/\" target=\"_blank\" rel=\"noopener noreferrer\">Slow Food<\/a>, 25-29 octobre 2012.<\/li><li><strong><a href=\"http:\/\/y20rio.org\/Niort\/\">Rio, 20 ans apr\u00e8s<\/a><\/strong>, organis\u00e9 par l'Institut International de Recherche pour une Politique de Civilisation (<a title=\"Institut International de Recherche pour une Politique de Civilisation\" href=\"http:\/\/www.iirpc.org\">IIRPC<\/a>), fond\u00e9 par Edgar Morin,\u00a027 au 28 septembre 2012 \u00e0 Niort (France).<\/li><li>Restitution de la commission de travail \"<strong>Regards crois\u00e9s sur les ressources de la biodiversit\u00e9 et son partage \u00e9quitable<\/strong>\",\u00a0<a title=\"Ateliers de la Terre\" href=\"http:\/\/www.planetworkshops.org\/fr\/249\/edition-2012\/\" target=\"_blank\" rel=\"noopener noreferrer\">Ateliers de la Terre - Global Conference<\/a>\u00a0\u00e0 Evian (France), 24-26 septembre 2012<\/li><li>\"<strong>From Biopiracy to the creation of Shared Value<\/strong>\",\u00a0Congr\u00e8s Centifolia 2011, 19-21 octobre 2011 :<\/li><\/ul><p style=\"text-align: center;\"><iframe src=\"http:\/\/www.youtube.com\/embed\/_7vhO25ekF8\" width=\"560\" height=\"315\" frameborder=\"0\" allowfullscreen=\"allowfullscreen\"><\/iframe><br \/> <em>Derni\u00e8re mise \u00e0 jour : 26 juin 2013<\/em><\/p>","_et_gb_content_width":"","jetpack_post_was_ever_published":false,"footnotes":""},"class_list":["post-5590","page","type-page","status-publish","hentry"],"yoast_head":"<!-- This site is optimized with the Yoast SEO plugin v26.9 - https:\/\/yoast.com\/product\/yoast-seo-wordpress\/ -->\n<title>Conf\u00e9rences - Pierre Johnson - Transition &amp; Cooperation<\/title>\n<meta name=\"robots\" content=\"index, follow, max-snippet:-1, max-image-preview:large, max-video-preview:-1\" \/>\n<link rel=\"canonical\" href=\"https:\/\/www.pierrejohnson.eu\/es\/quienes-somos\/conferencias\/\" \/>\n<meta property=\"og:locale\" content=\"es_ES\" \/>\n<meta property=\"og:type\" content=\"article\" \/>\n<meta property=\"og:title\" content=\"Conf\u00e9rences - Pierre Johnson - Transition &amp; Cooperation\" \/>\n<meta property=\"og:description\" content=\"Conferencias 2016-2017 Normas y\u00a0 mercados europeos relacionados con el desarrollo sostenible: un desaf\u00edo para la industria del t\u00e9 en China, Emeishan Expo T\u00e9, Sichuan, China, julio de 2017 Entender la agricultura org\u00e1nica en Europa y los sistemas de apoyo en Francia (Par\u00eds), junio de 2017 Agricultura org\u00e1anica y desaf\u00edos de t\u00e9 chino, Anji, Zhejian (China), [&hellip;]\" \/>\n<meta property=\"og:url\" content=\"https:\/\/www.pierrejohnson.eu\/es\/quienes-somos\/conferencias\/\" \/>\n<meta property=\"og:site_name\" content=\"Pierre Johnson - Transition &amp; Cooperation\" \/>\n<meta property=\"article:modified_time\" content=\"2017-08-07T08:19:06+00:00\" \/>\n<meta name=\"twitter:card\" content=\"summary_large_image\" \/>\n<meta name=\"twitter:label1\" content=\"Tiempo de lectura\" \/>\n\t<meta name=\"twitter:data1\" content=\"2 minutos\" \/>\n<script type=\"application\/ld+json\" class=\"yoast-schema-graph\">{\"@context\":\"https:\/\/schema.org\",\"@graph\":[{\"@type\":\"WebPage\",\"@id\":\"https:\/\/www.pierrejohnson.eu\/es\/quienes-somos\/conferencias\/\",\"url\":\"https:\/\/www.pierrejohnson.eu\/es\/quienes-somos\/conferencias\/\",\"name\":\"Conf\u00e9rences - Pierre Johnson - Transition &amp; Cooperation\",\"isPartOf\":{\"@id\":\"https:\/\/www.pierrejohnson.eu\/es\/#website\"},\"datePublished\":\"2017-06-24T09:19:26+00:00\",\"dateModified\":\"2017-08-07T08:19:06+00:00\",\"breadcrumb\":{\"@id\":\"https:\/\/www.pierrejohnson.eu\/es\/quienes-somos\/conferencias\/#breadcrumb\"},\"inLanguage\":\"es\",\"potentialAction\":[{\"@type\":\"ReadAction\",\"target\":[\"https:\/\/www.pierrejohnson.eu\/es\/quienes-somos\/conferencias\/\"]}]},{\"@type\":\"BreadcrumbList\",\"@id\":\"https:\/\/www.pierrejohnson.eu\/es\/quienes-somos\/conferencias\/#breadcrumb\",\"itemListElement\":[{\"@type\":\"ListItem\",\"position\":1,\"name\":\"Accueil\",\"item\":\"https:\/\/www.pierrejohnson.eu\/es\/\"},{\"@type\":\"ListItem\",\"position\":2,\"name\":\"\u00bfQuienes somos?\",\"item\":\"https:\/\/www.pierrejohnson.eu\/es\/quienes-somos\/\"},{\"@type\":\"ListItem\",\"position\":3,\"name\":\"Conf\u00e9rences\"}]},{\"@type\":\"WebSite\",\"@id\":\"https:\/\/www.pierrejohnson.eu\/es\/#website\",\"url\":\"https:\/\/www.pierrejohnson.eu\/es\/\",\"name\":\"Pierre Johnson - Transition &amp; Cooperation\",\"description\":\"Transition to sustainability requires cooperation\",\"potentialAction\":[{\"@type\":\"SearchAction\",\"target\":{\"@type\":\"EntryPoint\",\"urlTemplate\":\"https:\/\/www.pierrejohnson.eu\/es\/?s={search_term_string}\"},\"query-input\":{\"@type\":\"PropertyValueSpecification\",\"valueRequired\":true,\"valueName\":\"search_term_string\"}}],\"inLanguage\":\"es\"}]}<\/script>\n<!-- \/ Yoast SEO plugin. -->","yoast_head_json":{"title":"Conf\u00e9rences - Pierre Johnson - Transition &amp; Cooperation","robots":{"index":"index","follow":"follow","max-snippet":"max-snippet:-1","max-image-preview":"max-image-preview:large","max-video-preview":"max-video-preview:-1"},"canonical":"https:\/\/www.pierrejohnson.eu\/es\/quienes-somos\/conferencias\/","og_locale":"es_ES","og_type":"article","og_title":"Conf\u00e9rences - Pierre Johnson - Transition &amp; Cooperation","og_description":"Conferencias 2016-2017 Normas y\u00a0 mercados europeos relacionados con el desarrollo sostenible: un desaf\u00edo para la industria del t\u00e9 en China, Emeishan Expo T\u00e9, Sichuan, China, julio de 2017 Entender la agricultura org\u00e1nica en Europa y los sistemas de apoyo en Francia (Par\u00eds), junio de 2017 Agricultura org\u00e1anica y desaf\u00edos de t\u00e9 chino, Anji, Zhejian (China), [&hellip;]","og_url":"https:\/\/www.pierrejohnson.eu\/es\/quienes-somos\/conferencias\/","og_site_name":"Pierre Johnson - Transition &amp; Cooperation","article_modified_time":"2017-08-07T08:19:06+00:00","twitter_card":"summary_large_image","twitter_misc":{"Tiempo de lectura":"2 minutos"},"schema":{"@context":"https:\/\/schema.org","@graph":[{"@type":"WebPage","@id":"https:\/\/www.pierrejohnson.eu\/es\/quienes-somos\/conferencias\/","url":"https:\/\/www.pierrejohnson.eu\/es\/quienes-somos\/conferencias\/","name":"Conf\u00e9rences - Pierre Johnson - Transition &amp; Cooperation","isPartOf":{"@id":"https:\/\/www.pierrejohnson.eu\/es\/#website"},"datePublished":"2017-06-24T09:19:26+00:00","dateModified":"2017-08-07T08:19:06+00:00","breadcrumb":{"@id":"https:\/\/www.pierrejohnson.eu\/es\/quienes-somos\/conferencias\/#breadcrumb"},"inLanguage":"es","potentialAction":[{"@type":"ReadAction","target":["https:\/\/www.pierrejohnson.eu\/es\/quienes-somos\/conferencias\/"]}]},{"@type":"BreadcrumbList","@id":"https:\/\/www.pierrejohnson.eu\/es\/quienes-somos\/conferencias\/#breadcrumb","itemListElement":[{"@type":"ListItem","position":1,"name":"Accueil","item":"https:\/\/www.pierrejohnson.eu\/es\/"},{"@type":"ListItem","position":2,"name":"\u00bfQuienes somos?","item":"https:\/\/www.pierrejohnson.eu\/es\/quienes-somos\/"},{"@type":"ListItem","position":3,"name":"Conf\u00e9rences"}]},{"@type":"WebSite","@id":"https:\/\/www.pierrejohnson.eu\/es\/#website","url":"https:\/\/www.pierrejohnson.eu\/es\/","name":"Pierre Johnson - Transition &amp; Cooperation","description":"Transition to sustainability requires cooperation","potentialAction":[{"@type":"SearchAction","target":{"@type":"EntryPoint","urlTemplate":"https:\/\/www.pierrejohnson.eu\/es\/?s={search_term_string}"},"query-input":{"@type":"PropertyValueSpecification","valueRequired":true,"valueName":"search_term_string"}}],"inLanguage":"es"}]}},"jetpack_shortlink":"https:\/\/wp.me\/P938H5-1sa","jetpack-related-posts":[],"jetpack_sharing_enabled":true,"_links":{"self":[{"href":"https:\/\/www.pierrejohnson.eu\/es\/wp-json\/wp\/v2\/pages\/5590","targetHints":{"allow":["GET"]}}],"collection":[{"href":"https:\/\/www.pierrejohnson.eu\/es\/wp-json\/wp\/v2\/pages"}],"about":[{"href":"https:\/\/www.pierrejohnson.eu\/es\/wp-json\/wp\/v2\/types\/page"}],"author":[{"embeddable":true,"href":"https:\/\/www.pierrejohnson.eu\/es\/wp-json\/wp\/v2\/users\/2"}],"replies":[{"embeddable":true,"href":"https:\/\/www.pierrejohnson.eu\/es\/wp-json\/wp\/v2\/comments?post=5590"}],"version-history":[{"count":6,"href":"https:\/\/www.pierrejohnson.eu\/es\/wp-json\/wp\/v2\/pages\/5590\/revisions"}],"predecessor-version":[{"id":5800,"href":"https:\/\/www.pierrejohnson.eu\/es\/wp-json\/wp\/v2\/pages\/5590\/revisions\/5800"}],"up":[{"embeddable":true,"href":"https:\/\/www.pierrejohnson.eu\/es\/wp-json\/wp\/v2\/pages\/5594"}],"wp:attachment":[{"href":"https:\/\/www.pierrejohnson.eu\/es\/wp-json\/wp\/v2\/media?parent=5590"}],"curies":[{"name":"wp","href":"https:\/\/api.w.org\/{rel}","templated":true}]}}