{"id":5556,"date":"2017-06-22T22:33:27","date_gmt":"2017-06-22T20:33:27","guid":{"rendered":"http:\/\/www.pierrejohnson.eu\/testimonios\/"},"modified":"2017-08-07T09:42:21","modified_gmt":"2017-08-07T07:42:21","slug":"testimonios","status":"publish","type":"page","link":"https:\/\/www.pierrejohnson.eu\/es\/quienes-somos\/testimonios\/","title":{"rendered":"Testimonios"},"content":{"rendered":"<p>[et_pb_section bb_built=\u00bb1&#8243; admin_label=\u00bbsection\u00bb fullwidth=\u00bboff\u00bb specialty=\u00bbon\u00bb][et_pb_column type=\u00bb3_4&#8243; specialty_columns=\u00bb3&#8243;][et_pb_row_inner][et_pb_column_inner type=\u00bb4_4&#8243; saved_specialty_column_type=\u00bb3_4&#8243;][et_pb_text _builder_version=\u00bb3.0.66&#8243; background_layout=\u00bblight\u00bb text_orientation=\u00bbleft\u00bb border_style=\u00bbsolid\u00bb]<\/p>\n<h1>Testimonios<\/h1>\n<p>[\/et_pb_text][et_pb_testimonial _builder_version=\u00bb3.0.65&#8243; author=\u00bbHimadri Palikhe\u00bb job_title=\u00bbSenior Programme Officer\u00bb company_name=\u00bbGIZ Nepal\u00bb url_new_window=\u00bboff\u00bb quote_icon=\u00bbon\u00bb use_background_color=\u00bbon\u00bb quote_icon_background_color=\u00bb#f5f5f5&#8243; background_layout=\u00bblight\u00bb text_orientation=\u00bbleft\u00bb border_style=\u00bbsolid\u00bb saved_tabs=\u00bball\u00bb]<\/p>\n<p>Pierre trabaj\u00f3 como GIZ experto en Nepal para apoyar a las empresas de productos naturales en Nepal, la organizaci\u00f3n de reuniones de negocios con empresas de importaci\u00f3n en Europa. \u00c9l estaba muy comprometido y proactivo, y su enfoque ha sido muy apreciada por la delegaci\u00f3n de Nepal. Le deseo lo mejor para sus actividades futuras.<\/p>\n<p>[\/et_pb_testimonial][et_pb_testimonial _builder_version=\u00bb3.0.65&#8243; author=\u00bbAna Isabel Otero\u00bb job_title=\u00bbfinanciaci\u00f3n de la investigaci\u00f3n y del desarrollo\u00bb company_name=\u00bbUniversidad de Quebec en Montreal\u00bb url_new_window=\u00bboff\u00bb quote_icon=\u00bbon\u00bb use_background_color=\u00bbon\u00bb quote_icon_background_color=\u00bb#f5f5f5&#8243; background_layout=\u00bblight\u00bb text_orientation=\u00bbleft\u00bb border_style=\u00bbsolid\u00bb]<\/p>\n<p>Pierre es una persona muy persistente y din\u00e1mica, con gran conocimiento en temas relacionados con el comercio justo, el desarrollo sostenible y la econom\u00eda social.<\/p>\n<p>[\/et_pb_testimonial][et_pb_testimonial _builder_version=\u00bb3.0.65&#8243; author=\u00bbDominique H\u00e9bert\u00bb job_title=\u00bbConsultora Inteligencia Colectiva y el trabajo colaborativo a distancia, fundador\u00bb company_name=\u00bbAAETIC\u00bb url_new_window=\u00bboff\u00bb quote_icon=\u00bbon\u00bb use_background_color=\u00bbon\u00bb quote_icon_background_color=\u00bb#f5f5f5&#8243; background_layout=\u00bblight\u00bb text_orientation=\u00bbleft\u00bb border_style=\u00bbsolid\u00bb saved_tabs=\u00bball\u00bb]<\/p>\n<p>Tuve la oportunidad de trabajar para Pierre Johnson en un proyecto para crear un sitio web multiling\u00fce para Bridge Initiative.<br \/>\nApreci\u00e9 su rigor y el compromiso, los cuales han ayudado a llevar el proyecto a tiempo, a pesar de las muchas dificultades relacionadas con el contexto y la carga de trabajo que representaba.<\/p>\n<p>[\/et_pb_testimonial][et_pb_testimonial _builder_version=\u00bb3.0.65&#8243; author=\u00bbMarina Urquidi\u00bb job_title=\u00bbTraductora multiling\u00fce, gestora de contenidos Sitio Web\u00bb company_name=\u00bbaut\u00f3noma\u00bb url_new_window=\u00bboff\u00bb quote_icon=\u00bbon\u00bb use_background_color=\u00bbon\u00bb quote_icon_background_color=\u00bb#f5f5f5&#8243; background_layout=\u00bblight\u00bb text_orientation=\u00bbleft\u00bb border_style=\u00bbsolid\u00bb]<\/p>\n<p>Pierre es un trabajador dedicado, decidido y orientado a resultados. Cuenta con excelentes habilidades de organizaci\u00f3n y toma muy en serio su trabajo. Su trabajo de campo y la acci\u00f3n es extensa e impresionante. Es flexible y dispuesto a viajar. Su lengua materna es el franc\u00e9s y tiene un excelente conocimiento pr\u00e1ctico de Ingl\u00e9s y Espa\u00f1ol. Es una buena persona para tener en un equipo y se puede contar con \u00e9l.<\/p>\n<p>[\/et_pb_testimonial][\/et_pb_column_inner][\/et_pb_row_inner][\/et_pb_column][et_pb_column type=\u00bb1_4&#8243;][et_pb_sidebar _builder_version=\u00bb3.0.51&#8243; area=\u00bbsidebar-1&#8243; orientation=\u00bbleft\u00bb background_layout=\u00bblight\u00bb \/][\/et_pb_column][\/et_pb_section]<\/p>\n","protected":false},"excerpt":{"rendered":"<p>Testimonios Pierre trabaj\u00f3 como GIZ experto en Nepal para apoyar a las empresas de productos naturales en Nepal, la organizaci\u00f3n de reuniones de negocios con empresas de importaci\u00f3n en Europa. \u00c9l estaba muy comprometido y proactivo, y su enfoque ha sido muy apreciada por la delegaci\u00f3n de Nepal. Le deseo lo mejor para sus actividades [&hellip;]<\/p>\n","protected":false},"author":2,"featured_media":0,"parent":5594,"menu_order":0,"comment_status":"closed","ping_status":"closed","template":"","meta":{"_et_pb_use_builder":"on","_et_pb_old_content":"","_et_gb_content_width":"","jetpack_post_was_ever_published":false,"footnotes":""},"class_list":["post-5556","page","type-page","status-publish","hentry"],"yoast_head":"<!-- This site is optimized with the Yoast SEO plugin v26.9 - https:\/\/yoast.com\/product\/yoast-seo-wordpress\/ -->\n<title>Testimonios - Pierre W. Johnson<\/title>\n<meta name=\"robots\" content=\"index, follow, max-snippet:-1, max-image-preview:large, max-video-preview:-1\" \/>\n<link rel=\"canonical\" href=\"https:\/\/www.pierrejohnson.eu\/es\/quienes-somos\/testimonios\/\" \/>\n<meta property=\"og:locale\" content=\"es_ES\" \/>\n<meta property=\"og:type\" content=\"article\" \/>\n<meta property=\"og:title\" content=\"Testimonios - Pierre W. Johnson\" \/>\n<meta property=\"og:description\" content=\"Testimonios Pierre trabaj\u00f3 como GIZ experto en Nepal para apoyar a las empresas de productos naturales en Nepal, la organizaci\u00f3n de reuniones de negocios con empresas de importaci\u00f3n en Europa. \u00c9l estaba muy comprometido y proactivo, y su enfoque ha sido muy apreciada por la delegaci\u00f3n de Nepal. Le deseo lo mejor para sus actividades [&hellip;]\" \/>\n<meta property=\"og:url\" content=\"https:\/\/www.pierrejohnson.eu\/es\/quienes-somos\/testimonios\/\" \/>\n<meta property=\"og:site_name\" content=\"Pierre Johnson - Transition &amp; Cooperation\" \/>\n<meta property=\"article:modified_time\" content=\"2017-08-07T07:42:21+00:00\" \/>\n<meta name=\"twitter:card\" content=\"summary_large_image\" \/>\n<meta name=\"twitter:label1\" content=\"Tiempo de lectura\" \/>\n\t<meta name=\"twitter:data1\" content=\"3 minutos\" \/>\n<script type=\"application\/ld+json\" class=\"yoast-schema-graph\">{\"@context\":\"https:\/\/schema.org\",\"@graph\":[{\"@type\":\"WebPage\",\"@id\":\"https:\/\/www.pierrejohnson.eu\/es\/quienes-somos\/testimonios\/\",\"url\":\"https:\/\/www.pierrejohnson.eu\/es\/quienes-somos\/testimonios\/\",\"name\":\"Testimonios - Pierre W. Johnson\",\"isPartOf\":{\"@id\":\"https:\/\/www.pierrejohnson.eu\/es\/#website\"},\"datePublished\":\"2017-06-22T20:33:27+00:00\",\"dateModified\":\"2017-08-07T07:42:21+00:00\",\"breadcrumb\":{\"@id\":\"https:\/\/www.pierrejohnson.eu\/es\/quienes-somos\/testimonios\/#breadcrumb\"},\"inLanguage\":\"es\",\"potentialAction\":[{\"@type\":\"ReadAction\",\"target\":[\"https:\/\/www.pierrejohnson.eu\/es\/quienes-somos\/testimonios\/\"]}]},{\"@type\":\"BreadcrumbList\",\"@id\":\"https:\/\/www.pierrejohnson.eu\/es\/quienes-somos\/testimonios\/#breadcrumb\",\"itemListElement\":[{\"@type\":\"ListItem\",\"position\":1,\"name\":\"Accueil\",\"item\":\"https:\/\/www.pierrejohnson.eu\/es\/\"},{\"@type\":\"ListItem\",\"position\":2,\"name\":\"\u00bfQuienes somos?\",\"item\":\"https:\/\/www.pierrejohnson.eu\/es\/quienes-somos\/\"},{\"@type\":\"ListItem\",\"position\":3,\"name\":\"Testimonios\"}]},{\"@type\":\"WebSite\",\"@id\":\"https:\/\/www.pierrejohnson.eu\/es\/#website\",\"url\":\"https:\/\/www.pierrejohnson.eu\/es\/\",\"name\":\"Pierre Johnson - Transition &amp; Cooperation\",\"description\":\"Transition to sustainability requires cooperation\",\"potentialAction\":[{\"@type\":\"SearchAction\",\"target\":{\"@type\":\"EntryPoint\",\"urlTemplate\":\"https:\/\/www.pierrejohnson.eu\/es\/?s={search_term_string}\"},\"query-input\":{\"@type\":\"PropertyValueSpecification\",\"valueRequired\":true,\"valueName\":\"search_term_string\"}}],\"inLanguage\":\"es\"}]}<\/script>\n<!-- \/ Yoast SEO plugin. -->","yoast_head_json":{"title":"Testimonios - Pierre W. Johnson","robots":{"index":"index","follow":"follow","max-snippet":"max-snippet:-1","max-image-preview":"max-image-preview:large","max-video-preview":"max-video-preview:-1"},"canonical":"https:\/\/www.pierrejohnson.eu\/es\/quienes-somos\/testimonios\/","og_locale":"es_ES","og_type":"article","og_title":"Testimonios - Pierre W. Johnson","og_description":"Testimonios Pierre trabaj\u00f3 como GIZ experto en Nepal para apoyar a las empresas de productos naturales en Nepal, la organizaci\u00f3n de reuniones de negocios con empresas de importaci\u00f3n en Europa. \u00c9l estaba muy comprometido y proactivo, y su enfoque ha sido muy apreciada por la delegaci\u00f3n de Nepal. Le deseo lo mejor para sus actividades [&hellip;]","og_url":"https:\/\/www.pierrejohnson.eu\/es\/quienes-somos\/testimonios\/","og_site_name":"Pierre Johnson - Transition &amp; Cooperation","article_modified_time":"2017-08-07T07:42:21+00:00","twitter_card":"summary_large_image","twitter_misc":{"Tiempo de lectura":"3 minutos"},"schema":{"@context":"https:\/\/schema.org","@graph":[{"@type":"WebPage","@id":"https:\/\/www.pierrejohnson.eu\/es\/quienes-somos\/testimonios\/","url":"https:\/\/www.pierrejohnson.eu\/es\/quienes-somos\/testimonios\/","name":"Testimonios - Pierre W. Johnson","isPartOf":{"@id":"https:\/\/www.pierrejohnson.eu\/es\/#website"},"datePublished":"2017-06-22T20:33:27+00:00","dateModified":"2017-08-07T07:42:21+00:00","breadcrumb":{"@id":"https:\/\/www.pierrejohnson.eu\/es\/quienes-somos\/testimonios\/#breadcrumb"},"inLanguage":"es","potentialAction":[{"@type":"ReadAction","target":["https:\/\/www.pierrejohnson.eu\/es\/quienes-somos\/testimonios\/"]}]},{"@type":"BreadcrumbList","@id":"https:\/\/www.pierrejohnson.eu\/es\/quienes-somos\/testimonios\/#breadcrumb","itemListElement":[{"@type":"ListItem","position":1,"name":"Accueil","item":"https:\/\/www.pierrejohnson.eu\/es\/"},{"@type":"ListItem","position":2,"name":"\u00bfQuienes somos?","item":"https:\/\/www.pierrejohnson.eu\/es\/quienes-somos\/"},{"@type":"ListItem","position":3,"name":"Testimonios"}]},{"@type":"WebSite","@id":"https:\/\/www.pierrejohnson.eu\/es\/#website","url":"https:\/\/www.pierrejohnson.eu\/es\/","name":"Pierre Johnson - Transition &amp; Cooperation","description":"Transition to sustainability requires cooperation","potentialAction":[{"@type":"SearchAction","target":{"@type":"EntryPoint","urlTemplate":"https:\/\/www.pierrejohnson.eu\/es\/?s={search_term_string}"},"query-input":{"@type":"PropertyValueSpecification","valueRequired":true,"valueName":"search_term_string"}}],"inLanguage":"es"}]}},"jetpack_shortlink":"https:\/\/wp.me\/P938H5-1rC","jetpack-related-posts":[],"jetpack_sharing_enabled":true,"_links":{"self":[{"href":"https:\/\/www.pierrejohnson.eu\/es\/wp-json\/wp\/v2\/pages\/5556","targetHints":{"allow":["GET"]}}],"collection":[{"href":"https:\/\/www.pierrejohnson.eu\/es\/wp-json\/wp\/v2\/pages"}],"about":[{"href":"https:\/\/www.pierrejohnson.eu\/es\/wp-json\/wp\/v2\/types\/page"}],"author":[{"embeddable":true,"href":"https:\/\/www.pierrejohnson.eu\/es\/wp-json\/wp\/v2\/users\/2"}],"replies":[{"embeddable":true,"href":"https:\/\/www.pierrejohnson.eu\/es\/wp-json\/wp\/v2\/comments?post=5556"}],"version-history":[{"count":1,"href":"https:\/\/www.pierrejohnson.eu\/es\/wp-json\/wp\/v2\/pages\/5556\/revisions"}],"predecessor-version":[{"id":5776,"href":"https:\/\/www.pierrejohnson.eu\/es\/wp-json\/wp\/v2\/pages\/5556\/revisions\/5776"}],"up":[{"embeddable":true,"href":"https:\/\/www.pierrejohnson.eu\/es\/wp-json\/wp\/v2\/pages\/5594"}],"wp:attachment":[{"href":"https:\/\/www.pierrejohnson.eu\/es\/wp-json\/wp\/v2\/media?parent=5556"}],"curies":[{"name":"wp","href":"https:\/\/api.w.org\/{rel}","templated":true}]}}