{"id":4825,"date":"2017-06-07T20:49:42","date_gmt":"2017-06-07T18:49:42","guid":{"rendered":"http:\/\/www.pierrejohnson.eu\/blog-es\/"},"modified":"2019-11-20T11:53:13","modified_gmt":"2019-11-20T10:53:13","slug":"noticias","status":"publish","type":"page","link":"https:\/\/www.pierrejohnson.eu\/es\/noticias\/","title":{"rendered":"Noticias"},"content":{"rendered":"<p>[et_pb_section fb_built=\u00bb1&#8243; specialty=\u00bbon\u00bb _builder_version=\u00bb3.22&#8243;][et_pb_column type=\u00bb3_4&#8243; specialty_columns=\u00bb3&#8243; _builder_version=\u00bb3.25&#8243; custom_padding=\u00bb|||\u00bb custom_padding__hover=\u00bb|||\u00bb][et_pb_row_inner admin_label=\u00bbLigne\u00bb _builder_version=\u00bb3.25&#8243;][et_pb_column_inner saved_specialty_column_type=\u00bb3_4&#8243; _builder_version=\u00bb3.25&#8243; custom_padding=\u00bb|||\u00bb custom_padding__hover=\u00bb|||\u00bb][et_pb_text _builder_version=\u00bb3.27.4&#8243; border_style=\u00bbsolid\u00bb]<\/p>\n<h1>Art\u00edculos del blog<\/h1>\n<p>Para ver m\u00e1s art\u00edculos, escoga esta p\u00e1gina en franc\u00e9s o en ingl\u00e9s.<br \/>\n[\/et_pb_text][et_pb_blog fullwidth=\u00bboff\u00bb posts_number=\u00bb6&#8243; show_author=\u00bboff\u00bb admin_label=\u00bbBlog\u00bb _builder_version=\u00bb4.0.6&#8243; border_style=\u00bbsolid\u00bb use_dropshadow=\u00bboff\u00bb][\/et_pb_blog][\/et_pb_column_inner][\/et_pb_row_inner][et_pb_row_inner column_structure=\u00bb1_2,1_2&#8243; admin_label=\u00bbLigne\u00bb _builder_version=\u00bb3.25&#8243;][et_pb_column_inner type=\u00bb1_2&#8243; saved_specialty_column_type=\u00bb3_4&#8243; _builder_version=\u00bb3.25&#8243; custom_padding=\u00bb|||\u00bb custom_padding__hover=\u00bb|||\u00bb][et_pb_signup mailchimp_list=\u00bbTransition &#038; Coop\u00e9ration|b47eed9385&#8243; title=\u00bbNewsletter\u00bb button_text=\u00bbNuestro bolet\u00edn trimestrial\u00bb description=\u00bbSubscribe a nuestro bolet\u00edn trimestrial en ingl\u00e9s o en franc\u00e9s<br \/>\n\u00bb _builder_version=\u00bb3.16&#8243; border_style=\u00bbsolid\u00bb focus_border_color=\u00bb#ffffff\u00bb button_letter_spacing_hover=\u00bb0&#8243; global_module=\u00bb6247&#8243; saved_tabs=\u00bball\u00bb button_text_size__hover_enabled=\u00bboff\u00bb button_one_text_size__hover_enabled=\u00bboff\u00bb button_two_text_size__hover_enabled=\u00bboff\u00bb button_text_color__hover_enabled=\u00bboff\u00bb button_one_text_color__hover_enabled=\u00bboff\u00bb button_two_text_color__hover_enabled=\u00bboff\u00bb button_border_width__hover_enabled=\u00bboff\u00bb button_one_border_width__hover_enabled=\u00bboff\u00bb button_two_border_width__hover_enabled=\u00bboff\u00bb button_border_color__hover_enabled=\u00bboff\u00bb button_one_border_color__hover_enabled=\u00bboff\u00bb button_two_border_color__hover_enabled=\u00bboff\u00bb button_border_radius__hover_enabled=\u00bboff\u00bb button_one_border_radius__hover_enabled=\u00bboff\u00bb button_two_border_radius__hover_enabled=\u00bboff\u00bb button_letter_spacing__hover_enabled=\u00bbon\u00bb button_letter_spacing__hover=\u00bb0&#8243; button_one_letter_spacing__hover_enabled=\u00bboff\u00bb button_two_letter_spacing__hover_enabled=\u00bboff\u00bb button_bg_color__hover_enabled=\u00bboff\u00bb button_one_bg_color__hover_enabled=\u00bboff\u00bb button_two_bg_color__hover_enabled=\u00bboff\u00bb]<\/p>\n<p>Subscribe a nuestro bolet\u00edn trimestrial en ingl\u00e9s o en franc\u00e9s<\/p>\n<p>[\/et_pb_signup][et_pb_social_media_follow url_new_window=\u00bboff\u00bb admin_label=\u00bbRedes sociales\u00bb _builder_version=\u00bb3.0.87&#8243; border_radii=\u00bbon|100%|100%|100%|100%\u00bb link_shape=\u00bbcircle\u00bb global_module=\u00bb6246&#8243; saved_tabs=\u00bball\u00bb][et_pb_social_media_follow_network social_network=\u00bbtwitter\u00bb url=\u00bbhttps:\/\/twitter.com\/pwjohnson\u00bb _builder_version=\u00bb3.0.74&#8243; background_color=\u00bb#00aced\u00bb bg_color=\u00bb#00aced\u00bb link_shape=\u00bbcircle\u00bb follow_button=\u00bboff\u00bb url_new_window=\u00bboff\u00bb]<\/p>\n<p>Twitter<\/p>\n<p>[\/et_pb_social_media_follow_network][et_pb_social_media_follow_network social_network=\u00bblinkedin\u00bb url=\u00bbhttps:\/\/www.linkedin.com\/in\/pwjohnson\/\u00bb _builder_version=\u00bb3.0.74&#8243; background_color=\u00bb#007bb6&#8243; bg_color=\u00bb#007bb6&#8243; link_shape=\u00bbcircle\u00bb follow_button=\u00bboff\u00bb url_new_window=\u00bboff\u00bb]<\/p>\n<p>LinkedIn<\/p>\n<p>[\/et_pb_social_media_follow_network][\/et_pb_social_media_follow][\/et_pb_column_inner][et_pb_column_inner type=\u00bb1_2&#8243; saved_specialty_column_type=\u00bb3_4&#8243; _builder_version=\u00bb3.25&#8243; custom_padding=\u00bb|||\u00bb custom_padding__hover=\u00bb|||\u00bb][et_pb_search exclude_pages=\u00bboff\u00bb placeholder=\u00bbBuscar\u00bb _builder_version=\u00bb3.23&#8243; hide_button=\u00bboff\u00bb button_text_size__hover_enabled=\u00bboff\u00bb button_one_text_size__hover_enabled=\u00bboff\u00bb button_two_text_size__hover_enabled=\u00bboff\u00bb button_text_color__hover_enabled=\u00bboff\u00bb button_one_text_color__hover_enabled=\u00bboff\u00bb button_two_text_color__hover_enabled=\u00bboff\u00bb button_border_width__hover_enabled=\u00bboff\u00bb button_one_border_width__hover_enabled=\u00bboff\u00bb button_two_border_width__hover_enabled=\u00bboff\u00bb button_border_color__hover_enabled=\u00bboff\u00bb button_one_border_color__hover_enabled=\u00bboff\u00bb button_two_border_color__hover_enabled=\u00bboff\u00bb button_border_radius__hover_enabled=\u00bboff\u00bb button_one_border_radius__hover_enabled=\u00bboff\u00bb button_two_border_radius__hover_enabled=\u00bboff\u00bb button_letter_spacing__hover_enabled=\u00bboff\u00bb button_one_letter_spacing__hover_enabled=\u00bboff\u00bb button_two_letter_spacing__hover_enabled=\u00bboff\u00bb button_bg_color__hover_enabled=\u00bboff\u00bb button_one_bg_color__hover_enabled=\u00bboff\u00bb button_two_bg_color__hover_enabled=\u00bboff\u00bb][\/et_pb_search][et_pb_sidebar area=\u00bbet_pb_widget_area_1&#8243; _builder_version=\u00bb3.0.74&#8243;][\/et_pb_sidebar][\/et_pb_column_inner][\/et_pb_row_inner][\/et_pb_column][et_pb_column type=\u00bb1_4&#8243; _builder_version=\u00bb3.25&#8243; custom_padding=\u00bb|||\u00bb custom_padding__hover=\u00bb|||\u00bb][et_pb_sidebar area=\u00bbsidebar-1&#8243; _builder_version=\u00bb3.0.74&#8243;][\/et_pb_sidebar][\/et_pb_column][\/et_pb_section]<\/p>\n","protected":false},"excerpt":{"rendered":"<p>Art\u00edculos del blog Para ver m\u00e1s art\u00edculos, escoga esta p\u00e1gina en franc\u00e9s o en ingl\u00e9s. Subscribe a nuestro bolet\u00edn trimestrial en ingl\u00e9s o en franc\u00e9s<\/p>\n","protected":false},"author":1,"featured_media":0,"parent":0,"menu_order":0,"comment_status":"closed","ping_status":"closed","template":"","meta":{"_et_pb_use_builder":"on","_et_pb_old_content":"","_et_gb_content_width":"","jetpack_post_was_ever_published":false,"footnotes":""},"class_list":["post-4825","page","type-page","status-publish","hentry"],"yoast_head":"<!-- This site is optimized with the Yoast SEO plugin v26.9 - https:\/\/yoast.com\/product\/yoast-seo-wordpress\/ -->\n<title>Noticias - Pierre Johnson - Transition &amp; Cooperation<\/title>\n<meta name=\"robots\" content=\"index, follow, max-snippet:-1, max-image-preview:large, max-video-preview:-1\" \/>\n<link rel=\"canonical\" href=\"https:\/\/www.pierrejohnson.eu\/es\/noticias\/\" \/>\n<meta property=\"og:locale\" content=\"es_ES\" \/>\n<meta property=\"og:type\" content=\"article\" \/>\n<meta property=\"og:title\" content=\"Noticias - Pierre Johnson - Transition &amp; Cooperation\" \/>\n<meta property=\"og:description\" content=\"Art\u00edculos del blog Para ver m\u00e1s art\u00edculos, escoga esta p\u00e1gina en franc\u00e9s o en ingl\u00e9s. Subscribe a nuestro bolet\u00edn trimestrial en ingl\u00e9s o en franc\u00e9s\" \/>\n<meta property=\"og:url\" content=\"https:\/\/www.pierrejohnson.eu\/es\/noticias\/\" \/>\n<meta property=\"og:site_name\" content=\"Pierre Johnson - Transition &amp; Cooperation\" \/>\n<meta property=\"article:modified_time\" content=\"2019-11-20T10:53:13+00:00\" \/>\n<meta name=\"twitter:card\" content=\"summary_large_image\" \/>\n<meta name=\"twitter:label1\" content=\"Tiempo de lectura\" \/>\n\t<meta name=\"twitter:data1\" content=\"3 minutos\" \/>\n<script type=\"application\/ld+json\" class=\"yoast-schema-graph\">{\"@context\":\"https:\/\/schema.org\",\"@graph\":[{\"@type\":\"WebPage\",\"@id\":\"https:\/\/www.pierrejohnson.eu\/es\/noticias\/\",\"url\":\"https:\/\/www.pierrejohnson.eu\/es\/noticias\/\",\"name\":\"Noticias - Pierre Johnson - Transition &amp; Cooperation\",\"isPartOf\":{\"@id\":\"https:\/\/www.pierrejohnson.eu\/es\/#website\"},\"datePublished\":\"2017-06-07T18:49:42+00:00\",\"dateModified\":\"2019-11-20T10:53:13+00:00\",\"breadcrumb\":{\"@id\":\"https:\/\/www.pierrejohnson.eu\/es\/noticias\/#breadcrumb\"},\"inLanguage\":\"es\",\"potentialAction\":[{\"@type\":\"ReadAction\",\"target\":[\"https:\/\/www.pierrejohnson.eu\/es\/noticias\/\"]}]},{\"@type\":\"BreadcrumbList\",\"@id\":\"https:\/\/www.pierrejohnson.eu\/es\/noticias\/#breadcrumb\",\"itemListElement\":[{\"@type\":\"ListItem\",\"position\":1,\"name\":\"Accueil\",\"item\":\"https:\/\/www.pierrejohnson.eu\/es\/\"},{\"@type\":\"ListItem\",\"position\":2,\"name\":\"Noticias\"}]},{\"@type\":\"WebSite\",\"@id\":\"https:\/\/www.pierrejohnson.eu\/es\/#website\",\"url\":\"https:\/\/www.pierrejohnson.eu\/es\/\",\"name\":\"Pierre Johnson - Transition &amp; Cooperation\",\"description\":\"Transition to sustainability requires cooperation\",\"potentialAction\":[{\"@type\":\"SearchAction\",\"target\":{\"@type\":\"EntryPoint\",\"urlTemplate\":\"https:\/\/www.pierrejohnson.eu\/es\/?s={search_term_string}\"},\"query-input\":{\"@type\":\"PropertyValueSpecification\",\"valueRequired\":true,\"valueName\":\"search_term_string\"}}],\"inLanguage\":\"es\"}]}<\/script>\n<!-- \/ Yoast SEO plugin. -->","yoast_head_json":{"title":"Noticias - Pierre Johnson - Transition &amp; Cooperation","robots":{"index":"index","follow":"follow","max-snippet":"max-snippet:-1","max-image-preview":"max-image-preview:large","max-video-preview":"max-video-preview:-1"},"canonical":"https:\/\/www.pierrejohnson.eu\/es\/noticias\/","og_locale":"es_ES","og_type":"article","og_title":"Noticias - Pierre Johnson - Transition &amp; Cooperation","og_description":"Art\u00edculos del blog Para ver m\u00e1s art\u00edculos, escoga esta p\u00e1gina en franc\u00e9s o en ingl\u00e9s. Subscribe a nuestro bolet\u00edn trimestrial en ingl\u00e9s o en franc\u00e9s","og_url":"https:\/\/www.pierrejohnson.eu\/es\/noticias\/","og_site_name":"Pierre Johnson - Transition &amp; Cooperation","article_modified_time":"2019-11-20T10:53:13+00:00","twitter_card":"summary_large_image","twitter_misc":{"Tiempo de lectura":"3 minutos"},"schema":{"@context":"https:\/\/schema.org","@graph":[{"@type":"WebPage","@id":"https:\/\/www.pierrejohnson.eu\/es\/noticias\/","url":"https:\/\/www.pierrejohnson.eu\/es\/noticias\/","name":"Noticias - Pierre Johnson - Transition &amp; Cooperation","isPartOf":{"@id":"https:\/\/www.pierrejohnson.eu\/es\/#website"},"datePublished":"2017-06-07T18:49:42+00:00","dateModified":"2019-11-20T10:53:13+00:00","breadcrumb":{"@id":"https:\/\/www.pierrejohnson.eu\/es\/noticias\/#breadcrumb"},"inLanguage":"es","potentialAction":[{"@type":"ReadAction","target":["https:\/\/www.pierrejohnson.eu\/es\/noticias\/"]}]},{"@type":"BreadcrumbList","@id":"https:\/\/www.pierrejohnson.eu\/es\/noticias\/#breadcrumb","itemListElement":[{"@type":"ListItem","position":1,"name":"Accueil","item":"https:\/\/www.pierrejohnson.eu\/es\/"},{"@type":"ListItem","position":2,"name":"Noticias"}]},{"@type":"WebSite","@id":"https:\/\/www.pierrejohnson.eu\/es\/#website","url":"https:\/\/www.pierrejohnson.eu\/es\/","name":"Pierre Johnson - Transition &amp; Cooperation","description":"Transition to sustainability requires cooperation","potentialAction":[{"@type":"SearchAction","target":{"@type":"EntryPoint","urlTemplate":"https:\/\/www.pierrejohnson.eu\/es\/?s={search_term_string}"},"query-input":{"@type":"PropertyValueSpecification","valueRequired":true,"valueName":"search_term_string"}}],"inLanguage":"es"}]}},"jetpack_shortlink":"https:\/\/wp.me\/P938H5-1fP","jetpack-related-posts":[],"jetpack_sharing_enabled":true,"_links":{"self":[{"href":"https:\/\/www.pierrejohnson.eu\/es\/wp-json\/wp\/v2\/pages\/4825","targetHints":{"allow":["GET"]}}],"collection":[{"href":"https:\/\/www.pierrejohnson.eu\/es\/wp-json\/wp\/v2\/pages"}],"about":[{"href":"https:\/\/www.pierrejohnson.eu\/es\/wp-json\/wp\/v2\/types\/page"}],"author":[{"embeddable":true,"href":"https:\/\/www.pierrejohnson.eu\/es\/wp-json\/wp\/v2\/users\/1"}],"replies":[{"embeddable":true,"href":"https:\/\/www.pierrejohnson.eu\/es\/wp-json\/wp\/v2\/comments?post=4825"}],"version-history":[{"count":9,"href":"https:\/\/www.pierrejohnson.eu\/es\/wp-json\/wp\/v2\/pages\/4825\/revisions"}],"predecessor-version":[{"id":7098,"href":"https:\/\/www.pierrejohnson.eu\/es\/wp-json\/wp\/v2\/pages\/4825\/revisions\/7098"}],"wp:attachment":[{"href":"https:\/\/www.pierrejohnson.eu\/es\/wp-json\/wp\/v2\/media?parent=4825"}],"curies":[{"name":"wp","href":"https:\/\/api.w.org\/{rel}","templated":true}]}}