{"id":6096,"date":"2017-08-26T18:04:21","date_gmt":"2017-08-26T16:04:21","guid":{"rendered":"https:\/\/www.pierrejohnson.eu\/?page_id=6096\/"},"modified":"2020-01-09T16:37:47","modified_gmt":"2020-01-09T15:37:47","slug":"approach","status":"publish","type":"page","link":"https:\/\/www.pierrejohnson.eu\/en\/services\/approach\/","title":{"rendered":"Approach"},"content":{"rendered":"<p>[et_pb_section fb_built=&#8221;1&#8243; specialty=&#8221;on&#8221; _builder_version=&#8221;3.22&#8243;][et_pb_column type=&#8221;3_4&#8243; specialty_columns=&#8221;3&#8243; _builder_version=&#8221;3.25&#8243; custom_padding=&#8221;|||&#8221; custom_padding__hover=&#8221;|||&#8221;][et_pb_row_inner admin_label=&#8221;Ligne&#8221; _builder_version=&#8221;3.25&#8243;][et_pb_column_inner saved_specialty_column_type=&#8221;3_4&#8243; _builder_version=&#8221;3.25&#8243; custom_padding=&#8221;|||&#8221; custom_padding__hover=&#8221;|||&#8221;][et_pb_text _builder_version=&#8221;3.27.4&#8243;]<\/p>\n<h3>Our approach<\/h3>\n<p><span class=\"tlid-translation translation\" lang=\"en\"><strong>Transition and Cooperation &#8211; Pierre Johnson Consulting<\/strong> offers a concrete and comprehensive approach to the challenges to a development of landscapes and value chains that respect the potential and limits of the ecosystems and human communities that support them.<\/span><\/p>\n<p><span class=\"tlid-translation translation\" lang=\"en\"><\/span><\/p>\n<p><span class=\"tlid-translation translation\" lang=\"en\">It is based on 25 years of experience in the development of international projects on four continents taking into account the challenges of an ecological and solidarity economy: sustainable product development, fair trade, ethical biotrade, agroecology and permaculture.<\/span><\/p>\n<p><span class=\"tlid-translation translation\" lang=\"en\"><\/span><\/p>\n<p><span class=\"tlid-translation translation\" lang=\"en\">It is possible to consider the development of <strong>sustainable value chains<\/strong> from a systemic point of view. Consequently, their analysis and the strategies implemented are not reduced to the static dimension of a table or a standardized representation (necessary but not sufficient), but will take into account, depending on demand, the relationships between stakeholders and with the natural cycles sustaining them.<\/span><\/p>\n<p><span class=\"tlid-translation translation\" lang=\"en\"><\/span><a href=\"https:\/\/www.pierrejohnson.eu\/en\/bioeconomy\/biotrade\/\"><strong>Ethical biotrade<\/strong><\/a> is a specific sector, comprising the elements of biodiversity with a strong economic and information value. Specific rules apply to it in international law, allowing to valorized biodiversity while preserving it as well as the people who have maintained it and developed knowledge allowing an efficient and perrenial use of it.<\/p>\n<p><strong><\/strong><\/p>\n<p>At local level, <span class=\"tlid-translation translation\" lang=\"en\">a variety of approaches allow us to support the players. <strong>Ecological<\/strong> <strong>economics<\/strong> takes into account the relationships between the human economy and the services provided by ecosystems, while <strong>the systems view of life<\/strong> considers the biosphere as a set of elements in constant interaction, developing relations and building networks more often cooperative than competitive. <strong>Transition<\/strong> <strong>Towns<\/strong> and lanscapes offer a participative citizen&#8217;s approach to current challenges, while <strong>permaculture<\/strong> <\/span>is a design approach relying on the synergy and efficiency of natural processes and its optimization by human action, to ensure all human needs.<\/p>\n<p>Our approach <span id=\"result_box\" class=\"\" lang=\"en\"><span class=\"\">relies on <strong>dialogue<\/strong> and listening to the needs and perceptions of our clients, whom we consider to be partners, and on a <strong>network of expertise and collaborators<\/strong>, who often contribute to our missions.<\/span><\/span><\/p>\n<p>[\/et_pb_text][\/et_pb_column_inner][\/et_pb_row_inner][et_pb_row_inner column_structure=&#8221;1_2,1_2&#8243; admin_label=&#8221;Ligne&#8221; _builder_version=&#8221;3.25&#8243;][et_pb_column_inner type=&#8221;1_2&#8243; saved_specialty_column_type=&#8221;3_4&#8243; _builder_version=&#8221;3.25&#8243; custom_padding=&#8221;|||&#8221; custom_padding__hover=&#8221;|||&#8221;][et_pb_button button_url=&#8221;\/en\/who\/clients-references\/&#8221; button_text=&#8221;Our references&#8221; button_alignment=&#8221;center&#8221; _builder_version=&#8221;3.16&#8243; button_letter_spacing_hover=&#8221;0&#8243; button_text_size__hover_enabled=&#8221;off&#8221; button_one_text_size__hover_enabled=&#8221;off&#8221; button_two_text_size__hover_enabled=&#8221;off&#8221; button_text_color__hover_enabled=&#8221;off&#8221; button_one_text_color__hover_enabled=&#8221;off&#8221; button_two_text_color__hover_enabled=&#8221;off&#8221; button_border_width__hover_enabled=&#8221;off&#8221; button_one_border_width__hover_enabled=&#8221;off&#8221; button_two_border_width__hover_enabled=&#8221;off&#8221; button_border_color__hover_enabled=&#8221;off&#8221; button_one_border_color__hover_enabled=&#8221;off&#8221; button_two_border_color__hover_enabled=&#8221;off&#8221; button_border_radius__hover_enabled=&#8221;off&#8221; button_one_border_radius__hover_enabled=&#8221;off&#8221; button_two_border_radius__hover_enabled=&#8221;off&#8221; button_letter_spacing__hover_enabled=&#8221;on&#8221; button_letter_spacing__hover=&#8221;0&#8243; button_one_letter_spacing__hover_enabled=&#8221;off&#8221; button_two_letter_spacing__hover_enabled=&#8221;off&#8221; button_bg_color__hover_enabled=&#8221;off&#8221; button_one_bg_color__hover_enabled=&#8221;off&#8221; button_two_bg_color__hover_enabled=&#8221;off&#8221;][\/et_pb_button][\/et_pb_column_inner][et_pb_column_inner type=&#8221;1_2&#8243; saved_specialty_column_type=&#8221;3_4&#8243; _builder_version=&#8221;3.25&#8243; custom_padding=&#8221;|||&#8221; custom_padding__hover=&#8221;|||&#8221;][et_pb_button button_url=&#8221;\/en\/services\/&#8221; button_text=&#8221;Our services&#8221; button_alignment=&#8221;center&#8221; _builder_version=&#8221;3.16&#8243; button_letter_spacing_hover=&#8221;0&#8243; button_text_size__hover_enabled=&#8221;off&#8221; button_one_text_size__hover_enabled=&#8221;off&#8221; button_two_text_size__hover_enabled=&#8221;off&#8221; button_text_color__hover_enabled=&#8221;off&#8221; button_one_text_color__hover_enabled=&#8221;off&#8221; button_two_text_color__hover_enabled=&#8221;off&#8221; button_border_width__hover_enabled=&#8221;off&#8221; button_one_border_width__hover_enabled=&#8221;off&#8221; button_two_border_width__hover_enabled=&#8221;off&#8221; button_border_color__hover_enabled=&#8221;off&#8221; button_one_border_color__hover_enabled=&#8221;off&#8221; button_two_border_color__hover_enabled=&#8221;off&#8221; button_border_radius__hover_enabled=&#8221;off&#8221; button_one_border_radius__hover_enabled=&#8221;off&#8221; button_two_border_radius__hover_enabled=&#8221;off&#8221; button_letter_spacing__hover_enabled=&#8221;on&#8221; button_letter_spacing__hover=&#8221;0&#8243; button_one_letter_spacing__hover_enabled=&#8221;off&#8221; button_two_letter_spacing__hover_enabled=&#8221;off&#8221; button_bg_color__hover_enabled=&#8221;off&#8221; button_one_bg_color__hover_enabled=&#8221;off&#8221; button_two_bg_color__hover_enabled=&#8221;off&#8221;][\/et_pb_button][\/et_pb_column_inner][\/et_pb_row_inner][et_pb_row_inner admin_label=&#8221;Ligne&#8221; _builder_version=&#8221;3.25&#8243;][et_pb_column_inner saved_specialty_column_type=&#8221;3_4&#8243; _builder_version=&#8221;3.25&#8243; custom_padding=&#8221;|||&#8221; custom_padding__hover=&#8221;|||&#8221;][et_pb_contact_form email=&#8221;contact@pierrejohnson.eu&#8221; title=&#8221;Contact us&#8221; use_redirect=&#8221;on&#8221; redirect_url=&#8221;\/en\/services\/&#8221; admin_label=&#8221;Contact form&#8221; _builder_version=&#8221;3.0.87&#8243; border_radii=&#8221;on|0px|0px|0px|0px&#8221; border_style=&#8221;solid&#8221; input_border_radius=&#8221;0&#8243; global_module=&#8221;6258&#8243; saved_tabs=&#8221;all&#8221; button_letter_spacing_hover=&#8221;0&#8243;][et_pb_contact_field field_id=&#8221;Name&#8221; field_title=&#8221;Name&#8221; _builder_version=&#8221;3.16&#8243; form_field_font=&#8221;||||&#8221; use_border_color=&#8221;off&#8221; border_style=&#8221;solid&#8221; button_text_size__hover_enabled=&#8221;off&#8221; button_one_text_size__hover_enabled=&#8221;off&#8221; button_two_text_size__hover_enabled=&#8221;off&#8221; button_text_color__hover_enabled=&#8221;off&#8221; button_one_text_color__hover_enabled=&#8221;off&#8221; button_two_text_color__hover_enabled=&#8221;off&#8221; button_border_width__hover_enabled=&#8221;off&#8221; button_one_border_width__hover_enabled=&#8221;off&#8221; button_two_border_width__hover_enabled=&#8221;off&#8221; button_border_color__hover_enabled=&#8221;off&#8221; button_one_border_color__hover_enabled=&#8221;off&#8221; button_two_border_color__hover_enabled=&#8221;off&#8221; button_border_radius__hover_enabled=&#8221;off&#8221; button_one_border_radius__hover_enabled=&#8221;off&#8221; button_two_border_radius__hover_enabled=&#8221;off&#8221; button_letter_spacing__hover_enabled=&#8221;off&#8221; button_one_letter_spacing__hover_enabled=&#8221;off&#8221; button_two_letter_spacing__hover_enabled=&#8221;off&#8221; button_bg_color__hover_enabled=&#8221;off&#8221; button_one_bg_color__hover_enabled=&#8221;off&#8221; button_two_bg_color__hover_enabled=&#8221;off&#8221;][\/et_pb_contact_field][et_pb_contact_field field_id=&#8221;Email&#8221; field_title=&#8221;Email&#8221; field_type=&#8221;email&#8221; _builder_version=&#8221;3.16&#8243; form_field_font=&#8221;||||&#8221; use_border_color=&#8221;off&#8221; border_style=&#8221;solid&#8221; button_text_size__hover_enabled=&#8221;off&#8221; button_one_text_size__hover_enabled=&#8221;off&#8221; button_two_text_size__hover_enabled=&#8221;off&#8221; button_text_color__hover_enabled=&#8221;off&#8221; button_one_text_color__hover_enabled=&#8221;off&#8221; button_two_text_color__hover_enabled=&#8221;off&#8221; button_border_width__hover_enabled=&#8221;off&#8221; button_one_border_width__hover_enabled=&#8221;off&#8221; button_two_border_width__hover_enabled=&#8221;off&#8221; button_border_color__hover_enabled=&#8221;off&#8221; button_one_border_color__hover_enabled=&#8221;off&#8221; button_two_border_color__hover_enabled=&#8221;off&#8221; button_border_radius__hover_enabled=&#8221;off&#8221; button_one_border_radius__hover_enabled=&#8221;off&#8221; button_two_border_radius__hover_enabled=&#8221;off&#8221; button_letter_spacing__hover_enabled=&#8221;off&#8221; button_one_letter_spacing__hover_enabled=&#8221;off&#8221; button_two_letter_spacing__hover_enabled=&#8221;off&#8221; button_bg_color__hover_enabled=&#8221;off&#8221; button_one_bg_color__hover_enabled=&#8221;off&#8221; button_two_bg_color__hover_enabled=&#8221;off&#8221;][\/et_pb_contact_field][et_pb_contact_field field_id=&#8221;Message&#8221; field_title=&#8221;Message&#8221; field_type=&#8221;text&#8221; fullwidth_field=&#8221;on&#8221; _builder_version=&#8221;3.16&#8243; form_field_font=&#8221;||||&#8221; use_border_color=&#8221;off&#8221; border_style=&#8221;solid&#8221; button_text_size__hover_enabled=&#8221;off&#8221; button_one_text_size__hover_enabled=&#8221;off&#8221; button_two_text_size__hover_enabled=&#8221;off&#8221; button_text_color__hover_enabled=&#8221;off&#8221; button_one_text_color__hover_enabled=&#8221;off&#8221; button_two_text_color__hover_enabled=&#8221;off&#8221; button_border_width__hover_enabled=&#8221;off&#8221; button_one_border_width__hover_enabled=&#8221;off&#8221; button_two_border_width__hover_enabled=&#8221;off&#8221; button_border_color__hover_enabled=&#8221;off&#8221; button_one_border_color__hover_enabled=&#8221;off&#8221; button_two_border_color__hover_enabled=&#8221;off&#8221; button_border_radius__hover_enabled=&#8221;off&#8221; button_one_border_radius__hover_enabled=&#8221;off&#8221; button_two_border_radius__hover_enabled=&#8221;off&#8221; button_letter_spacing__hover_enabled=&#8221;off&#8221; button_one_letter_spacing__hover_enabled=&#8221;off&#8221; button_two_letter_spacing__hover_enabled=&#8221;off&#8221; button_bg_color__hover_enabled=&#8221;off&#8221; button_one_bg_color__hover_enabled=&#8221;off&#8221; button_two_bg_color__hover_enabled=&#8221;off&#8221;][\/et_pb_contact_field][et_pb_contact_field field_id=&#8221;Type&#8221; field_title=&#8221;Type of request&#8221; field_type=&#8221;select&#8221; select_options=&#8221;%91{%22value%22:%22Information request%22,%22checked%22:0},{%22value%22:%22Invoice request%22,%22checked%22:0},{%22value%22:%22Business proposal%22,%22checked%22:0}%93&#8243; required_mark=&#8221;off&#8221; fullwidth_field=&#8221;on&#8221; _builder_version=&#8221;3.16&#8243; form_field_font=&#8221;||||&#8221; use_border_color=&#8221;off&#8221; border_style=&#8221;solid&#8221; button_text_size__hover_enabled=&#8221;off&#8221; button_one_text_size__hover_enabled=&#8221;off&#8221; button_two_text_size__hover_enabled=&#8221;off&#8221; button_text_color__hover_enabled=&#8221;off&#8221; button_one_text_color__hover_enabled=&#8221;off&#8221; button_two_text_color__hover_enabled=&#8221;off&#8221; button_border_width__hover_enabled=&#8221;off&#8221; button_one_border_width__hover_enabled=&#8221;off&#8221; button_two_border_width__hover_enabled=&#8221;off&#8221; button_border_color__hover_enabled=&#8221;off&#8221; button_one_border_color__hover_enabled=&#8221;off&#8221; button_two_border_color__hover_enabled=&#8221;off&#8221; button_border_radius__hover_enabled=&#8221;off&#8221; button_one_border_radius__hover_enabled=&#8221;off&#8221; button_two_border_radius__hover_enabled=&#8221;off&#8221; button_letter_spacing__hover_enabled=&#8221;off&#8221; button_one_letter_spacing__hover_enabled=&#8221;off&#8221; button_two_letter_spacing__hover_enabled=&#8221;off&#8221; button_bg_color__hover_enabled=&#8221;off&#8221; button_one_bg_color__hover_enabled=&#8221;off&#8221; button_two_bg_color__hover_enabled=&#8221;off&#8221;][\/et_pb_contact_field][\/et_pb_contact_form][\/et_pb_column_inner][\/et_pb_row_inner][\/et_pb_column][et_pb_column type=&#8221;1_4&#8243; _builder_version=&#8221;3.25&#8243; custom_padding=&#8221;|||&#8221; custom_padding__hover=&#8221;|||&#8221;][et_pb_sidebar area=&#8221;sidebar-1&#8243; _builder_version=&#8221;3.0.74&#8243;][\/et_pb_sidebar][\/et_pb_column][\/et_pb_section]<\/p>\n","protected":false},"excerpt":{"rendered":"<p>Our approach Transition and Cooperation &#8211; Pierre Johnson Consulting offers a concrete and comprehensive approach to the challenges to a development of landscapes and value chains that respect the potential and limits of the ecosystems and human communities that support them. It is based on 25 years of experience in the development of international projects [&hellip;]<\/p>\n","protected":false},"author":2,"featured_media":0,"parent":5505,"menu_order":0,"comment_status":"closed","ping_status":"closed","template":"","meta":{"_et_pb_use_builder":"on","_et_pb_old_content":"<p>L\u2019approche que nous proposons est bas\u00e9e sur l\u2019exp\u00e9rience et les principes du mouvement de la <strong><a href=\"https:\/\/www.pierrejohnson.eu\/transition\/\">transition<\/a><\/strong>, et sur plusieurs approches : la <strong>permaculture<\/strong> et le biocommerce \u00e9thique. Outil de conception de sites et de communaut\u00e9s humaines, la permaculture peut se concevoir du niveau tr\u00e8s local \u00e0 un niveau plus large, par exemple celui de la <strong>bior\u00e9gion<\/strong>. La perspective est alors de puiser dans les ressources locales et d'orchestrer les ressources humaines et naturelles pour assurer les besoins en alimentation, en logement, en \u00e9nergie, en habillement et en relations sociales.<\/p><p>Le <strong><a href=\"https:\/\/www.pierrejohnson.eu\/biocommerce\/\">biocommerce<\/a><\/strong> \u00e9thique, pour sa part, permet de valoriser la biodiversit\u00e9 tout en respectant celle-ci ainsi que les peuples qui ont su la conserver et d\u00e9velopper des connaissances permettant un usage p\u00e9renne et efficace de celle-ci (pour des usages alimentaires, cosm\u00e9tiques, textiles et autres), transmis de g\u00e9n\u00e9ration en g\u00e9n\u00e9ration.<\/p><p>Notre approche s\u2019appuie sur la th\u00e9orie des <strong>syst\u00e8mes<\/strong>, consid\u00e9rant par exemple l\u2019agriculture, l\u2019alimentation, les modes de vie, la gestion des ressources naturelles comme des syst\u00e8mes en interaction les uns avec les autres, tout en ayant chacun leurs propres m\u00e9canismes internes.<\/p><ul><li>L'ensemble des services que nous proposons est pr\u00e9sent\u00e9 <a href=\"https:\/\/www.pierrejohnson.eu\/services\/\">ici.<\/a><\/li><\/ul>","_et_gb_content_width":"","jetpack_post_was_ever_published":false,"footnotes":""},"class_list":["post-6096","page","type-page","status-publish","hentry"],"yoast_head":"<!-- This site is optimized with the Yoast SEO plugin v26.9 - https:\/\/yoast.com\/product\/yoast-seo-wordpress\/ -->\n<title>Approach - Pierre W. Johnson<\/title>\n<meta name=\"robots\" content=\"index, follow, max-snippet:-1, max-image-preview:large, max-video-preview:-1\" \/>\n<link rel=\"canonical\" href=\"https:\/\/www.pierrejohnson.eu\/en\/services\/approach\/\" \/>\n<meta property=\"og:locale\" content=\"en_US\" \/>\n<meta property=\"og:type\" content=\"article\" \/>\n<meta property=\"og:title\" content=\"Approach - Pierre W. Johnson\" \/>\n<meta property=\"og:description\" content=\"Our approach Transition and Cooperation - Pierre Johnson Consulting offers a concrete and comprehensive approach to the challenges to a development of landscapes and value chains that respect the potential and limits of the ecosystems and human communities that support them. It is based on 25 years of experience in the development of international projects [&hellip;]\" \/>\n<meta property=\"og:url\" content=\"https:\/\/www.pierrejohnson.eu\/en\/services\/approach\/\" \/>\n<meta property=\"og:site_name\" content=\"Pierre W. Johnson\" \/>\n<meta property=\"article:modified_time\" content=\"2020-01-09T15:37:47+00:00\" \/>\n<meta name=\"twitter:card\" content=\"summary_large_image\" \/>\n<meta name=\"twitter:label1\" content=\"Est. reading time\" \/>\n\t<meta name=\"twitter:data1\" content=\"8 minutes\" \/>\n<script type=\"application\/ld+json\" class=\"yoast-schema-graph\">{\"@context\":\"https:\/\/schema.org\",\"@graph\":[{\"@type\":\"WebPage\",\"@id\":\"https:\/\/www.pierrejohnson.eu\/en\/services\/approach\/\",\"url\":\"https:\/\/www.pierrejohnson.eu\/en\/services\/approach\/\",\"name\":\"Approach - Pierre W. Johnson\",\"isPartOf\":{\"@id\":\"https:\/\/www.pierrejohnson.eu\/en\/#website\"},\"datePublished\":\"2017-08-26T16:04:21+00:00\",\"dateModified\":\"2020-01-09T15:37:47+00:00\",\"breadcrumb\":{\"@id\":\"https:\/\/www.pierrejohnson.eu\/en\/services\/approach\/#breadcrumb\"},\"inLanguage\":\"en-US\",\"potentialAction\":[{\"@type\":\"ReadAction\",\"target\":[\"https:\/\/www.pierrejohnson.eu\/en\/services\/approach\/\"]}]},{\"@type\":\"BreadcrumbList\",\"@id\":\"https:\/\/www.pierrejohnson.eu\/en\/services\/approach\/#breadcrumb\",\"itemListElement\":[{\"@type\":\"ListItem\",\"position\":1,\"name\":\"Accueil\",\"item\":\"https:\/\/www.pierrejohnson.eu\/en\/\"},{\"@type\":\"ListItem\",\"position\":2,\"name\":\"Our services\",\"item\":\"https:\/\/www.pierrejohnson.eu\/en\/services\/\"},{\"@type\":\"ListItem\",\"position\":3,\"name\":\"Approach\"}]},{\"@type\":\"WebSite\",\"@id\":\"https:\/\/www.pierrejohnson.eu\/en\/#website\",\"url\":\"https:\/\/www.pierrejohnson.eu\/en\/\",\"name\":\"Pierre W. Johnson\",\"description\":\"Transition &amp; Cooperation\",\"potentialAction\":[{\"@type\":\"SearchAction\",\"target\":{\"@type\":\"EntryPoint\",\"urlTemplate\":\"https:\/\/www.pierrejohnson.eu\/en\/?s={search_term_string}\"},\"query-input\":{\"@type\":\"PropertyValueSpecification\",\"valueRequired\":true,\"valueName\":\"search_term_string\"}}],\"inLanguage\":\"en-US\"}]}<\/script>\n<!-- \/ Yoast SEO plugin. -->","yoast_head_json":{"title":"Approach - Pierre W. Johnson","robots":{"index":"index","follow":"follow","max-snippet":"max-snippet:-1","max-image-preview":"max-image-preview:large","max-video-preview":"max-video-preview:-1"},"canonical":"https:\/\/www.pierrejohnson.eu\/en\/services\/approach\/","og_locale":"en_US","og_type":"article","og_title":"Approach - Pierre W. Johnson","og_description":"Our approach Transition and Cooperation - Pierre Johnson Consulting offers a concrete and comprehensive approach to the challenges to a development of landscapes and value chains that respect the potential and limits of the ecosystems and human communities that support them. It is based on 25 years of experience in the development of international projects [&hellip;]","og_url":"https:\/\/www.pierrejohnson.eu\/en\/services\/approach\/","og_site_name":"Pierre W. Johnson","article_modified_time":"2020-01-09T15:37:47+00:00","twitter_card":"summary_large_image","twitter_misc":{"Est. reading time":"8 minutes"},"schema":{"@context":"https:\/\/schema.org","@graph":[{"@type":"WebPage","@id":"https:\/\/www.pierrejohnson.eu\/en\/services\/approach\/","url":"https:\/\/www.pierrejohnson.eu\/en\/services\/approach\/","name":"Approach - Pierre W. Johnson","isPartOf":{"@id":"https:\/\/www.pierrejohnson.eu\/en\/#website"},"datePublished":"2017-08-26T16:04:21+00:00","dateModified":"2020-01-09T15:37:47+00:00","breadcrumb":{"@id":"https:\/\/www.pierrejohnson.eu\/en\/services\/approach\/#breadcrumb"},"inLanguage":"en-US","potentialAction":[{"@type":"ReadAction","target":["https:\/\/www.pierrejohnson.eu\/en\/services\/approach\/"]}]},{"@type":"BreadcrumbList","@id":"https:\/\/www.pierrejohnson.eu\/en\/services\/approach\/#breadcrumb","itemListElement":[{"@type":"ListItem","position":1,"name":"Accueil","item":"https:\/\/www.pierrejohnson.eu\/en\/"},{"@type":"ListItem","position":2,"name":"Our services","item":"https:\/\/www.pierrejohnson.eu\/en\/services\/"},{"@type":"ListItem","position":3,"name":"Approach"}]},{"@type":"WebSite","@id":"https:\/\/www.pierrejohnson.eu\/en\/#website","url":"https:\/\/www.pierrejohnson.eu\/en\/","name":"Pierre W. Johnson","description":"Transition &amp; Cooperation","potentialAction":[{"@type":"SearchAction","target":{"@type":"EntryPoint","urlTemplate":"https:\/\/www.pierrejohnson.eu\/en\/?s={search_term_string}"},"query-input":{"@type":"PropertyValueSpecification","valueRequired":true,"valueName":"search_term_string"}}],"inLanguage":"en-US"}]}},"jetpack_shortlink":"https:\/\/wp.me\/P938H5-1Ak","jetpack-related-posts":[],"jetpack_sharing_enabled":true,"_links":{"self":[{"href":"https:\/\/www.pierrejohnson.eu\/en\/wp-json\/wp\/v2\/pages\/6096","targetHints":{"allow":["GET"]}}],"collection":[{"href":"https:\/\/www.pierrejohnson.eu\/en\/wp-json\/wp\/v2\/pages"}],"about":[{"href":"https:\/\/www.pierrejohnson.eu\/en\/wp-json\/wp\/v2\/types\/page"}],"author":[{"embeddable":true,"href":"https:\/\/www.pierrejohnson.eu\/en\/wp-json\/wp\/v2\/users\/2"}],"replies":[{"embeddable":true,"href":"https:\/\/www.pierrejohnson.eu\/en\/wp-json\/wp\/v2\/comments?post=6096"}],"version-history":[{"count":12,"href":"https:\/\/www.pierrejohnson.eu\/en\/wp-json\/wp\/v2\/pages\/6096\/revisions"}],"predecessor-version":[{"id":7451,"href":"https:\/\/www.pierrejohnson.eu\/en\/wp-json\/wp\/v2\/pages\/6096\/revisions\/7451"}],"up":[{"embeddable":true,"href":"https:\/\/www.pierrejohnson.eu\/en\/wp-json\/wp\/v2\/pages\/5505"}],"wp:attachment":[{"href":"https:\/\/www.pierrejohnson.eu\/en\/wp-json\/wp\/v2\/media?parent=6096"}],"curies":[{"name":"wp","href":"https:\/\/api.w.org\/{rel}","templated":true}]}}