{"id":6067,"date":"2017-08-26T19:38:51","date_gmt":"2017-08-26T17:38:51","guid":{"rendered":"https:\/\/www.pierrejohnson.eu\/?page_id=6067\/"},"modified":"2017-12-19T13:33:11","modified_gmt":"2017-12-19T12:33:11","slug":"bioeconomy","status":"publish","type":"page","link":"https:\/\/www.pierrejohnson.eu\/en\/bioeconomy\/","title":{"rendered":"Bioeconomy"},"content":{"rendered":"<p>[et_pb_section bb_built=&#8221;1&#8243; admin_label=&#8221;section&#8221; fullwidth=&#8221;off&#8221; specialty=&#8221;on&#8221; _builder_version=&#8221;3.0.60&#8243; background_position_1=&#8221;top_left&#8221; background_repeat_1=&#8221;no-repeat&#8221; background_position_2=&#8221;top_left&#8221; background_repeat_2=&#8221;no-repeat&#8221; custom_padding=&#8221;0px||0px|&#8221;][et_pb_column type=&#8221;3_4&#8243; specialty_columns=&#8221;3&#8243;][et_pb_row_inner _builder_version=&#8221;3.0.60&#8243; background_position_1=&#8221;top_left&#8221; background_repeat_1=&#8221;no-repeat&#8221; custom_margin=&#8221;0px|||&#8221;][et_pb_column_inner type=&#8221;4_4&#8243; saved_specialty_column_type=&#8221;3_4&#8243;][et_pb_text admin_label=&#8221;Titre&#8221; _builder_version=&#8221;3.0.70&#8243; background_layout=&#8221;light&#8221; text_orientation=&#8221;left&#8221; border_style=&#8221;solid&#8221; module_alignment=&#8221;left&#8221;]<\/p>\n<h1>Bioeconomy<\/h1>\n<p>Bioeconomy is a conceptual and practical approach allowing to reconciliate economic activities with the principles of life, thus escaping from the shortcomings of the necessity of the growth of GDP, and of the social, ecological and financial debt.<\/p>\n<p>[\/et_pb_text][et_pb_image _builder_version=&#8221;3.0.85&#8243; src=&#8221;https:\/\/www.pierrejohnson.eu\/wp-content\/uploads\/2017\/08\/BandeauBioeconomie.png&#8221; show_in_lightbox=&#8221;off&#8221; url_new_window=&#8221;off&#8221; use_overlay=&#8221;off&#8221; sticky=&#8221;off&#8221; align=&#8221;left&#8221; always_center_on_mobile=&#8221;on&#8221; border_style=&#8221;solid&#8221; force_fullwidth=&#8221;off&#8221; animation=&#8221;off&#8221; animation_direction=&#8221;off&#8221; \/][et_pb_text _builder_version=&#8221;3.0.85&#8243; background_layout=&#8221;light&#8221; module_alignment=&#8221;left&#8221;]<\/p>\n<div><strong>The relation of the current economy to Life is built on an illusion: that it can escape the logic and the cycles of life.<\/strong> Its logic is linear: &#8220;supply&#8221; of raw materials, processing, consumption, then &#8220;waste&#8221; discharged into nature. The videos of Annie L\u00e9onard &#8220;Story of Stuff&#8221; explain this very well (<a href=\"http:\/\/storyofstuff.org\/movies\/story-of-stuff\/\" target=\"_blank\" rel=\"noopener\">watch here<\/a>).<\/div>\n<blockquote><p>Take for example the life cycle of a soda can. Its production demands significant resources of raw materials (aluminum, made from bauxite, water, sugar, flavors) and energy (to extract aluminum from bauxite, then manufacture the can, and finally transport the beverage of its production place to its retail, where it sometimes spends several days in a refrigerator, before being consumed in a few minutes, the can is then thrown with the &#8220;garbage&#8221;. In France, only 2 cans out of 3 are recycled.This may seem important, but this means that at least 1.5 billion cans per year are not recycled in this country, producing around 34,000 tons of non-recycled waste, for cans alone.<\/p><\/blockquote>\n<p>Yet the notion of waste is non-existent in living organisms. Everything that emerges from a natural loop of production-processing-consumption serves as a raw material for another organism (animal, plant or fungus), thus entering a new loop. Like ecosystems, <strong>bioeconomy <\/strong>consists in<strong> resynchronizing economic cycles<\/strong> (flows of matter, energy and value) <strong>to the cycles of life<\/strong>. It is an answer, simple in its general principle, difficult in its application, to the shortcomings of the linear economy, it opposes the financial logic, representations and operating modes deeply rooted in our societies. In our example, local production of beverage from local resources (fruit, water) coupled with reuse of (cans) would help eliminate waste and significantly reduce the energy expenditure associated with production and transportation of beverages.<\/p>\n<p>Before being adopted by institutions such as the OECD, <strong>bioeconomy<\/strong> was defined precisely by the forerunners of ecological economics (Nicholas Georgescu-Roegen and Ren\u00e9 Passet) as a response to the challenge of reconciling economic activity with the principles of life, to live and work within the <a href=\"https:\/\/www.pierrejohnson.eu\/en\/planetary-boundaries-great-transition\/\" target=\"_blank\" rel=\"noopener\">planetary boundaries<\/a>. Some researchers (such as F. Capra or J. Banyuls, founder of biomimicry, Bill Mollison and David Holmgren, founders of permaculture) have defined principles as regulatory ideas to move forward in this direction. Such an economy relies mainly on solidarity with living beings and between humans, framed in the long term. It implies giving value to what makes a full and healthy life (happiness, human relationship, with a minimal material basis for well-being) rather than to the accumulation of goods.<\/p>\n<p>In their own way, <a href=\"https:\/\/www.pierrejohnson.eu\/en\/tag\/social-entrepreneurship\/\">social entrepreneurship<\/a>, the social economy, ethical <a href=\"https:\/\/www.pierrejohnson.eu\/en\/bioeconomy\/biotrade\/\">biotrade<\/a>, and approaches such as circular economy or collaborative economy, try to meet these challenges. These responses are often partial (as in a form of highly capitalist collaborative economy), sometimes better integrated. The efforts to be made are not so much theoretical (as in the effort of compilation and vulgarization elaborated by I. Delannoy within the framework of a &#8220;symbiotic economy&#8221;) than practical. We need more action, experimentation, methods, facilitation than theory. Yet much remains to be done to introduce this approach in organizations and territories.<\/p>\n<p>[\/et_pb_text][et_pb_button _builder_version=&#8221;3.0.71&#8243; button_text=&#8221;Our approach&#8221; button_url=&#8221;\/en\/services\/approach\/&#8221; url_new_window=&#8221;off&#8221; button_alignment=&#8221;center&#8221; background_layout=&#8221;light&#8221; custom_button=&#8221;off&#8221; button_letter_spacing=&#8221;0&#8243; button_icon_placement=&#8221;right&#8221; button_letter_spacing_hover=&#8221;0&#8243; \/][\/et_pb_column_inner][\/et_pb_row_inner][et_pb_row_inner][et_pb_column_inner type=&#8221;1_2&#8243; saved_specialty_column_type=&#8221;3_4&#8243;][et_pb_button _builder_version=&#8221;3.0.71&#8243; button_text=&#8221;Blog articles&#8221; button_url=&#8221;http:\/\/www.pierrejohnson.eu\/category\/biotrade-en\/&#8221; url_new_window=&#8221;off&#8221; button_alignment=&#8221;center&#8221; background_layout=&#8221;light&#8221; custom_button=&#8221;off&#8221; button_letter_spacing=&#8221;0&#8243; button_icon_placement=&#8221;right&#8221; button_letter_spacing_hover=&#8221;0&#8243; \/][et_pb_blog admin_label=&#8221;Articles on bioeconomy&#8221; _builder_version=&#8221;3.0.70&#8243; include_categories=&#8221;59&#8243; show_content=&#8221;off&#8221; offset_number=&#8221;0&#8243; show_thumbnail=&#8221;on&#8221; show_more=&#8221;on&#8221; show_author=&#8221;on&#8221; show_date=&#8221;on&#8221; show_categories=&#8221;on&#8221; show_comments=&#8221;off&#8221; show_pagination=&#8221;on&#8221; fullwidth=&#8221;on&#8221; use_dropshadow=&#8221;off&#8221; use_overlay=&#8221;off&#8221; background_layout=&#8221;light&#8221; border_style=&#8221;solid&#8221; posts_number=&#8221;3&#8243; \/][\/et_pb_column_inner][et_pb_column_inner type=&#8221;1_2&#8243; saved_specialty_column_type=&#8221;3_4&#8243;][et_pb_button _builder_version=&#8221;3.0.71&#8243; button_text=&#8221;Articles from other categories&#8221; url_new_window=&#8221;off&#8221; button_alignment=&#8221;center&#8221; background_layout=&#8221;light&#8221; custom_button=&#8221;off&#8221; button_letter_spacing=&#8221;0&#8243; button_icon_placement=&#8221;right&#8221; button_letter_spacing_hover=&#8221;0&#8243; button_url=&#8221;http:\/\/www.pierrejohnson.eu\/en\/blog\/&#8221; \/][et_pb_blog admin_label=&#8221;Tous articles&#8221; _builder_version=&#8221;3.0.59&#8243; posts_number=&#8221;3&#8243; include_categories=&#8221;101,1,62&#8243; show_content=&#8221;off&#8221; offset_number=&#8221;0&#8243; show_thumbnail=&#8221;on&#8221; show_more=&#8221;off&#8221; show_author=&#8221;off&#8221; show_date=&#8221;on&#8221; show_categories=&#8221;on&#8221; show_comments=&#8221;off&#8221; show_pagination=&#8221;on&#8221; fullwidth=&#8221;on&#8221; use_dropshadow=&#8221;off&#8221; use_overlay=&#8221;off&#8221; background_layout=&#8221;light&#8221; border_style=&#8221;solid&#8221; \/][\/et_pb_column_inner][\/et_pb_row_inner][\/et_pb_column][et_pb_column type=&#8221;1_4&#8243;][et_pb_sidebar _builder_version=&#8221;3.0.60&#8243; area=&#8221;sidebar-1&#8243; orientation=&#8221;left&#8221; background_layout=&#8221;light&#8221; remove_border=&#8221;on&#8221; body_font_size=&#8221;12&#8243; show_border=&#8221;on&#8221; \/][\/et_pb_column][\/et_pb_section]<\/p>\n","protected":false},"excerpt":{"rendered":"<p>Bioeconomy Bioeconomy is a conceptual and practical approach allowing to reconciliate economic activities with the principles of life, thus escaping from the shortcomings of the necessity of the growth of GDP, and of the social, ecological and financial debt. The relation of the current economy to Life is built on an illusion: that it can [&hellip;]<\/p>\n","protected":false},"author":2,"featured_media":0,"parent":0,"menu_order":0,"comment_status":"closed","ping_status":"closed","template":"","meta":{"_et_pb_use_builder":"on","_et_pb_old_content":"<div><strong>Le rapport actuel de notre \u00e9conomie au vivant est b\u00e2ti sur une illusion\u00a0: celle de pouvoir \u00e9chapper \u00e0 la logique et aux cycles naturels.<\/strong> Sa logique est lin\u00e9aire : \u00ab\u00a0approvisionnement\u00a0\u00bb en mati\u00e8res premi\u00e8res, transformation, consommation, puis production de \u00ab\u00a0d\u00e9chets\u00a0\u00bb rejet\u00e9s dans la nature.\u00a0La s\u00e9rie de vid\u00e9os \u00e9ducatives d'Annie L\u00e9onard pr\u00e9sent\u00e9s sous le titre \u00ab Story of Stuff\u00a0\u00bb explique tr\u00e8s bien cet \u00e9tat de fait (<a href=\"https:\/\/youtu.be\/rdunyX3jymk\">ici sous-titr\u00e9es en fran\u00e7ais<\/a>). Voici un autre exemple :<\/div><blockquote><div>\u00a0Prenons par exemple le cycle de vie\u00a0d\u2019une canette de boisson p\u00e9tillante. Sa production demande des ressources importantes en mati\u00e8res premi\u00e8res (aluminium, fabriqu\u00e9 \u00e0 partir de la bauxite, eau, sucre, ar\u00f4mes) et en \u00e9nergie (pour extraire l\u2019aluminium de la bauxite, puis fabriquer la canette, et finalement transporter la boisson de son lieu de fabrication \u00e0 ses points de vente, et de ceux-ci au domicile du consommateur, parfois en v\u00e9hicule individuel. La boisson, qui passe parfois plusieurs jours en r\u00e9frig\u00e9rateur, est consomm\u00e9e en quelques minutes, puis son contenant est jet\u00e9 avec les \u00ab\u00a0ordures\u00a0\u00bb. En France, seulement 2 canettes sur 3 sont recycl\u00e9es. Cela peut para\u00eetre important, mais cela signifie qu\u2019au moins 1,5 milliards de canettes par an ne sont pas recycl\u00e9s dans ce pays. Soit environ\u00a034000 tonnes tonnes de d\u00e9chets non recycl\u00e9s pour ce seul usage.<\/div><\/blockquote><div>\u00a0Or la notion de d\u00e9chets est inexistante dans le vivant. Tout ce qui \u00ab\u00a0sort\u00a0\u00bb d\u2019une boucle de production-transformation-consommation naturelle sert de mati\u00e8re premi\u00e8re \u00e0 un autre organisme (animal, v\u00e9g\u00e9tal ou champignon) et entre dans une autre boucle. \u00c0 l\u2019instar du fonctionnement des \u00e9cosyst\u00e8mes, la <strong>bio\u00e9conomie<\/strong> consiste \u00e0\u00a0<strong>resynchroniser les cycles \u00e9conomiques<\/strong> (flux de mati\u00e8re, d'\u00e9nergie et de valeur) <strong>aux cycles du vivant<\/strong>. C\u2019est une r\u00e9ponse,\u00a0simple dans son principe g\u00e9n\u00e9ral, difficile dans son application, aux impasses de l\u2019\u00e9conomie lin\u00e9aire, tant elle se heurte \u00e0 la logique financi\u00e8re, aux repr\u00e9sentations et aux modes op\u00e9ratoires profond\u00e9ment ancr\u00e9s dans nos soci\u00e9t\u00e9s.\u00a0Dans notre exemple, une production locale de boisson, \u00e0 partir de ressources locales (fruits, eau), coupl\u00e9e avec une r\u00e9utilisation des contenants contribuerait \u00e0 \u00e9liminer tout d\u00e9chet, et \u00e0 diminuer consid\u00e9rablement la d\u00e9pense d\u2019\u00e9nergie li\u00e9e \u00e0 la production et au transport.<\/div><div>\u00a0<\/div><div>Avant d'\u00eatre reprise par des institutions comme l'OCDE,\u00a0 la bio\u00e9conomie a \u00e9t\u00e9 d\u00e9finie pr\u00e9cis\u00e9ment\u00a0par des \u00e9conomistes pr\u00e9curseurs d'une \u00e9conomie \u00e9cologique (Nicholas Georgescu-Roegen et Ren\u00e9 Passet) comme la r\u00e9ponse \u00e0 la n\u00e9cessit\u00e9 de\u00a0 concilier l\u2019activit\u00e9 \u00e9conomique avec les principe du vivant, et donc de <a href=\"https:\/\/www.pierrejohnson.eu\/limites-planetaires\/\">vivre et de travailler dans les limites plan\u00e9taires<\/a>.\u00a0Certains chercheurs (comme\u00a0F. Capra ou J. Banyuls, fondatrice du biomim\u00e9tisme, Bill Mollison et David Holmgren fondateurs de la permaculture) ont d\u00e9fini des principes servant d\u2019id\u00e9es r\u00e9gulatrices pour avancer dans cette voie.\u00a0Une telle \u00e9conomie repose principalement sur la solidarit\u00e9 avec le vivant et entre les humains, et ceci sur le long terme.Elle suppose de donner de la valeur \u00e0 ce qui fait une vie pleine et saine (le bonheur, les relations humaines, sur un socle de bien-\u00eatre mat\u00e9riel minimal) plut\u00f4t qu'\u00e0 l'accumulation de biens.<\/div><div>\u00a0<\/div><div>\u00c0 leur fa\u00e7on, l'<a href=\"https:\/\/www.pierrejohnson.eu\/tag\/entre-social\/\"><strong>en<\/strong>trepreneuriat social<\/a>, l'\u00e9conomie sociale et solidaire, le <a href=\"https:\/\/www.pierrejohnson.eu\/biocommerce\/\">biocommerce<\/a> \u00e9thique, et des approches comme l'\u00e9conomie circulaire ou l'\u00e9conomie collaborative, essaient de r\u00e9pondre \u00e0 ces enjeux. Ces r\u00e9ponses sont souvent parfois partielles (comme dans une forme d'\u00e9conomie collaborative tr\u00e8s capitalistique), parfois mieux int\u00e9gr\u00e9es. Les efforts \u00e0 r\u00e9aliser ne sont pas tant th\u00e9oriques (effort de compilation et de vulgarisation \u00e9labor\u00e9 par I. Delannoy avec l'\u00e9conomie symbiotique) que pratiques. Nous avons davantage besoin d'actions, d'exp\u00e9rimentation, de m\u00e9thodes, d'accompagnement que de th\u00e9orie. Pourtant, beaucoup d'efforts restent \u00e0 faire pour introduire cette approche dans les organisations et sur les territoires.<\/div><div>\u00a0<\/div><div>L\u2019approche que nous proposons est bas\u00e9e sur l\u2019exp\u00e9rience et les principes du mouvement de la\u00a0<strong><a href=\"https:\/\/www.pierrejohnson.eu\/transition\/\">transition<\/a><\/strong>, et sur plusieurs approches : la <strong>permaculture<\/strong> et le biocommerce \u00e9thique. Outil de conception de sites et de communaut\u00e9s humaines, la permaculture peut se concevoir du niveau tr\u00e8s local \u00e0 un niveau plus large, par exemple celui de la <strong>bior\u00e9gion<\/strong>. La perspective est alors de puiser dans les ressources locales et d'orchestrer les ressources humaines et naturelles pour assurer les besoins en alimentation, en logement, en \u00e9nergie et en habillement. Le <strong><a href=\"https:\/\/www.pierrejohnson.eu\/biocommerce\/\">biocommerce<\/a><\/strong> \u00e9thique, pour sa part, permet de valoriser la biodiversit\u00e9 tout en respectant celle-ci ainsi que les peuples qui ont su la conserver et d\u00e9velopper des connaissances permettant un usage p\u00e9renne et efficace de celle-ci (pour des usages alimentaires, cosm\u00e9tiques, textiles et autres), transmis de g\u00e9n\u00e9ration en g\u00e9n\u00e9ration.<\/div><div>\u00a0<\/div><div>Notre approche s\u2019appuie sur la th\u00e9orie des <strong>syst\u00e8mes<\/strong>, consid\u00e9rant par exemple l\u2019agriculture, l\u2019alimentation, les modes de vie, la gestion des ressources naturelles comme des syst\u00e8mes en interaction les uns avec les autres, tout en ayant chacun leurs propres m\u00e9canismes internes.<\/div>","_et_gb_content_width":"","jetpack_post_was_ever_published":false,"footnotes":""},"class_list":["post-6067","page","type-page","status-publish","hentry"],"yoast_head":"<!-- This site is optimized with the Yoast SEO plugin v26.9 - https:\/\/yoast.com\/product\/yoast-seo-wordpress\/ -->\n<title>Bioeconomy, an approach centered on the principles and cycles of life<\/title>\n<meta name=\"description\" content=\"Bioeconomy is a conceptual and practical approach allowing to reconciliate economic activities with the principles of life\" \/>\n<meta name=\"robots\" content=\"index, follow, max-snippet:-1, max-image-preview:large, max-video-preview:-1\" \/>\n<link rel=\"canonical\" href=\"https:\/\/www.pierrejohnson.eu\/en\/bioeconomy\/\" \/>\n<meta property=\"og:locale\" content=\"en_US\" \/>\n<meta property=\"og:type\" content=\"article\" \/>\n<meta property=\"og:title\" content=\"Bioeconomy, an approach centered on the principles and cycles of life\" \/>\n<meta property=\"og:description\" content=\"Bioeconomy is a conceptual and practical approach allowing to reconciliate economic activities with the principles of life\" \/>\n<meta property=\"og:url\" content=\"https:\/\/www.pierrejohnson.eu\/en\/bioeconomy\/\" \/>\n<meta property=\"og:site_name\" content=\"Pierre W. Johnson\" \/>\n<meta property=\"article:modified_time\" content=\"2017-12-19T12:33:11+00:00\" \/>\n<meta name=\"twitter:card\" content=\"summary_large_image\" \/>\n<meta name=\"twitter:label1\" content=\"Est. reading time\" \/>\n\t<meta name=\"twitter:data1\" content=\"5 minutes\" \/>\n<script type=\"application\/ld+json\" class=\"yoast-schema-graph\">{\"@context\":\"https:\/\/schema.org\",\"@graph\":[{\"@type\":\"WebPage\",\"@id\":\"https:\/\/www.pierrejohnson.eu\/en\/bioeconomy\/\",\"url\":\"https:\/\/www.pierrejohnson.eu\/en\/bioeconomy\/\",\"name\":\"Bioeconomy, an approach centered on the principles and cycles of life\",\"isPartOf\":{\"@id\":\"https:\/\/www.pierrejohnson.eu\/en\/#website\"},\"datePublished\":\"2017-08-26T17:38:51+00:00\",\"dateModified\":\"2017-12-19T12:33:11+00:00\",\"description\":\"Bioeconomy is a conceptual and practical approach allowing to reconciliate economic activities with the principles of life\",\"breadcrumb\":{\"@id\":\"https:\/\/www.pierrejohnson.eu\/en\/bioeconomy\/#breadcrumb\"},\"inLanguage\":\"en-US\",\"potentialAction\":[{\"@type\":\"ReadAction\",\"target\":[\"https:\/\/www.pierrejohnson.eu\/en\/bioeconomy\/\"]}]},{\"@type\":\"BreadcrumbList\",\"@id\":\"https:\/\/www.pierrejohnson.eu\/en\/bioeconomy\/#breadcrumb\",\"itemListElement\":[{\"@type\":\"ListItem\",\"position\":1,\"name\":\"Accueil\",\"item\":\"https:\/\/www.pierrejohnson.eu\/en\/\"},{\"@type\":\"ListItem\",\"position\":2,\"name\":\"Bioeconomy\"}]},{\"@type\":\"WebSite\",\"@id\":\"https:\/\/www.pierrejohnson.eu\/en\/#website\",\"url\":\"https:\/\/www.pierrejohnson.eu\/en\/\",\"name\":\"Pierre W. Johnson\",\"description\":\"Transition &amp; Cooperation\",\"potentialAction\":[{\"@type\":\"SearchAction\",\"target\":{\"@type\":\"EntryPoint\",\"urlTemplate\":\"https:\/\/www.pierrejohnson.eu\/en\/?s={search_term_string}\"},\"query-input\":{\"@type\":\"PropertyValueSpecification\",\"valueRequired\":true,\"valueName\":\"search_term_string\"}}],\"inLanguage\":\"en-US\"}]}<\/script>\n<!-- \/ Yoast SEO plugin. -->","yoast_head_json":{"title":"Bioeconomy, an approach centered on the principles and cycles of life","description":"Bioeconomy is a conceptual and practical approach allowing to reconciliate economic activities with the principles of life","robots":{"index":"index","follow":"follow","max-snippet":"max-snippet:-1","max-image-preview":"max-image-preview:large","max-video-preview":"max-video-preview:-1"},"canonical":"https:\/\/www.pierrejohnson.eu\/en\/bioeconomy\/","og_locale":"en_US","og_type":"article","og_title":"Bioeconomy, an approach centered on the principles and cycles of life","og_description":"Bioeconomy is a conceptual and practical approach allowing to reconciliate economic activities with the principles of life","og_url":"https:\/\/www.pierrejohnson.eu\/en\/bioeconomy\/","og_site_name":"Pierre W. Johnson","article_modified_time":"2017-12-19T12:33:11+00:00","twitter_card":"summary_large_image","twitter_misc":{"Est. reading time":"5 minutes"},"schema":{"@context":"https:\/\/schema.org","@graph":[{"@type":"WebPage","@id":"https:\/\/www.pierrejohnson.eu\/en\/bioeconomy\/","url":"https:\/\/www.pierrejohnson.eu\/en\/bioeconomy\/","name":"Bioeconomy, an approach centered on the principles and cycles of life","isPartOf":{"@id":"https:\/\/www.pierrejohnson.eu\/en\/#website"},"datePublished":"2017-08-26T17:38:51+00:00","dateModified":"2017-12-19T12:33:11+00:00","description":"Bioeconomy is a conceptual and practical approach allowing to reconciliate economic activities with the principles of life","breadcrumb":{"@id":"https:\/\/www.pierrejohnson.eu\/en\/bioeconomy\/#breadcrumb"},"inLanguage":"en-US","potentialAction":[{"@type":"ReadAction","target":["https:\/\/www.pierrejohnson.eu\/en\/bioeconomy\/"]}]},{"@type":"BreadcrumbList","@id":"https:\/\/www.pierrejohnson.eu\/en\/bioeconomy\/#breadcrumb","itemListElement":[{"@type":"ListItem","position":1,"name":"Accueil","item":"https:\/\/www.pierrejohnson.eu\/en\/"},{"@type":"ListItem","position":2,"name":"Bioeconomy"}]},{"@type":"WebSite","@id":"https:\/\/www.pierrejohnson.eu\/en\/#website","url":"https:\/\/www.pierrejohnson.eu\/en\/","name":"Pierre W. Johnson","description":"Transition &amp; Cooperation","potentialAction":[{"@type":"SearchAction","target":{"@type":"EntryPoint","urlTemplate":"https:\/\/www.pierrejohnson.eu\/en\/?s={search_term_string}"},"query-input":{"@type":"PropertyValueSpecification","valueRequired":true,"valueName":"search_term_string"}}],"inLanguage":"en-US"}]}},"jetpack_shortlink":"https:\/\/wp.me\/P938H5-1zR","jetpack-related-posts":[],"jetpack_sharing_enabled":true,"_links":{"self":[{"href":"https:\/\/www.pierrejohnson.eu\/en\/wp-json\/wp\/v2\/pages\/6067","targetHints":{"allow":["GET"]}}],"collection":[{"href":"https:\/\/www.pierrejohnson.eu\/en\/wp-json\/wp\/v2\/pages"}],"about":[{"href":"https:\/\/www.pierrejohnson.eu\/en\/wp-json\/wp\/v2\/types\/page"}],"author":[{"embeddable":true,"href":"https:\/\/www.pierrejohnson.eu\/en\/wp-json\/wp\/v2\/users\/2"}],"replies":[{"embeddable":true,"href":"https:\/\/www.pierrejohnson.eu\/en\/wp-json\/wp\/v2\/comments?post=6067"}],"version-history":[{"count":10,"href":"https:\/\/www.pierrejohnson.eu\/en\/wp-json\/wp\/v2\/pages\/6067\/revisions"}],"predecessor-version":[{"id":6379,"href":"https:\/\/www.pierrejohnson.eu\/en\/wp-json\/wp\/v2\/pages\/6067\/revisions\/6379"}],"wp:attachment":[{"href":"https:\/\/www.pierrejohnson.eu\/en\/wp-json\/wp\/v2\/media?parent=6067"}],"curies":[{"name":"wp","href":"https:\/\/api.w.org\/{rel}","templated":true}]}}