{"id":5577,"date":"2017-06-24T11:19:26","date_gmt":"2017-06-24T09:19:26","guid":{"rendered":"http:\/\/www.pierrejohnson.eu\/who\/conferences\/"},"modified":"2017-08-07T10:23:47","modified_gmt":"2017-08-07T08:23:47","slug":"conferences","status":"publish","type":"page","link":"https:\/\/www.pierrejohnson.eu\/en\/who\/conferences\/","title":{"rendered":"Conferences"},"content":{"rendered":"<p>[et_pb_section bb_built=&#8221;1&#8243; fullwidth=&#8221;off&#8221; specialty=&#8221;on&#8221; template_type=&#8221;&#8221;][et_pb_column type=&#8221;3_4&#8243; specialty_columns=&#8221;3&#8243;][et_pb_row_inner admin_label=&#8221;Ligne&#8221;][et_pb_column_inner type=&#8221;4_4&#8243; saved_specialty_column_type=&#8221;3_4&#8243;][et_pb_text admin_label=&#8221;Title&#8221; _builder_version=&#8221;3.0.66&#8243; background_layout=&#8221;light&#8221; text_orientation=&#8221;left&#8221; border_style=&#8221;solid&#8221;]<\/p>\n<h1>Conferences<\/h1>\n<p>[\/et_pb_text][et_pb_text]<\/p>\n<p><strong>2016-2017<\/strong><\/p>\n<ul>\n<li><strong>European sustainability and organic standards and markets:\u00a0 a challenge for the Chinese tea sector<\/strong>, Emeishan Tea Expo, Sichuan, China, July 2017<\/li>\n<li><strong><span id=\"result_box\" class=\"\" lang=\"en\">Understanding Organic Agriculture in Europe and Support Systems in France<\/span><\/strong><span id=\"result_box\" class=\"\" lang=\"en\"> (Paris), June 2017<\/span><\/li>\n<li><strong><span id=\"result_box\" class=\"\" lang=\"en\"><span class=\"\">Organic farming and challenges for the tea sector in China,<\/span><\/span><\/strong><span id=\"result_box\" class=\"\" lang=\"en\"><span class=\"\"> Anji, Zhejian (China), March 2017<\/span><\/span><strong><span id=\"result_box\" class=\"\" lang=\"en\"><br \/>\n<span class=\"\">Biodiversity and alternatives to biopiracy<\/span><\/span><\/strong><span id=\"result_box\" class=\"\" lang=\"en\"><span class=\"\">, projection of &#8220;The War of the Seeds&#8221;, MJC Portes-l\u00e8s-Valences (France), November 2016<\/span><\/span><\/li>\n<\/ul>\n<p><strong>2013-2015<\/strong><\/p>\n<ul>\n<li><strong>Fair Trade in Latin America<\/strong>, Paris La Sorbonne, December 9th, 2015<\/li>\n<li><strong>The COP21 and Climate Change,<\/strong> Rendez-vous Citoyens de Montgeron, November 13th, 2015<\/li>\n<li><strong>Biopiracy,\u00a0<\/strong>La 25e heure du Mans, October 10th,\u00a02015<\/li>\n<li><strong>MECE Congress<\/strong> : \u201cRaising up the environmental dialogue at the level of the social dialogue\u201d (June 6th, 2013)<\/li>\n<\/ul>\n<p><strong>2011-2012<\/strong><\/p>\n<ul>\n<li><strong>Round-table on bio-economy at the\u00a0<a title=\"Assises du Vivant\" href=\"http:\/\/www.unesco.org\/new\/fr\/unesco\/events\/all-events\/?tx_browser_pi1%5BshowUid%5D=9075&amp;cHash=8d21ad7525\" target=\"_blank\" rel=\"noopener\">Assises du Vivant<\/a>, moderated by Herv\u00e9 Kempf (November 30th, 2012).<\/strong><\/li>\n<li>Virtual conference for Agrion, on \u201c<strong>De la Biopiraterie au Bio-partage<\/strong>\u201d for CSR managers (November 15th, 2012)<\/li>\n<li><strong>Salone del Gusto \u2013 Terra Madre<\/strong>\u00a0in Torino (Italy) on analog forestry and its certification. Event organized by the\u00a0<a title=\"Slow Food\" href=\"http:\/\/slowfood.com\/\" target=\"_blank\" rel=\"noopener\">Slow Food<\/a>\u00a0movement (October 25-29,\u00a02012)<\/li>\n<li><strong><a href=\"http:\/\/y20rio.org\/Niort\/\">Rio, 20 ans apr\u00e8s<\/a><\/strong>, organized by the Edgar Morin Center,\u00a0Institut International de Recherche pour une Politique de Civilisation (<a title=\"Institut International de Recherche pour une Politique de Civilisation\" href=\"http:\/\/www.iirpc.org\">IIRPC<\/a>),September 27-28, 2012 in Niort (France).<\/li>\n<li><a title=\"Global Conference\" href=\"http:\/\/www.planetworkshops.org\/en\/65\/global-conference\/\" target=\"_blank\" rel=\"noopener\"><strong>Earth Workshops \u2013 Global Conference<\/strong>\u00a0<\/a>in Evian (France)- Restitution of the workgroup \u201c<strong>biodiversity resources and fair sharing<\/strong>\u201d (September 24-26,\u00a02012)<\/li>\n<li>&#8220;<strong>From Biopiracy to the creation of Shared Value<\/strong>&#8220;, Centifolia Congress 2011, october 19-21, 2011 :<\/li>\n<\/ul>\n<p style=\"text-align: center;\"><iframe loading=\"lazy\" src=\"http:\/\/www.youtube.com\/embed\/_7vhO25ekF8\" width=\"560\" height=\"315\" frameborder=\"0\" allowfullscreen=\"allowfullscreen\"><\/iframe><br \/>\n<em>Derni\u00e8re mise \u00e0 jour : 26 juin 2013<\/em><\/p>\n<p>[\/et_pb_text][\/et_pb_column_inner][\/et_pb_row_inner][\/et_pb_column][et_pb_column type=&#8221;1_4&#8243;][et_pb_sidebar _builder_version=&#8221;3.0.66&#8243; area=&#8221;sidebar-1&#8243; orientation=&#8221;left&#8221; background_layout=&#8221;light&#8221; \/][\/et_pb_column][\/et_pb_section]<\/p>\n","protected":false},"excerpt":{"rendered":"<p>Conferences <div class=\"et_pb_module et_pb_text et_pb_text_0  et_pb_text_align_left et_pb_bg_layout_light\">\n\t\t\t\t\n\t\t\t\t\n\t\t\t\t\n\t\t\t\t\n\t\t\t\t\n\t\t\t<\/div> 2016-2017 European sustainability and organic standards and markets:\u00a0 a challenge for the Chinese tea sector, Emeishan Tea Expo, Sichuan, China, July 2017 Understanding Organic Agriculture in Europe and Support Systems in France (Paris), June 2017 Organic farming and challenges for the tea sector in China, Anji, Zhejian (China), March 2017 Biodiversity and alternatives [&hellip;]<\/p>\n","protected":false},"author":2,"featured_media":0,"parent":5540,"menu_order":3,"comment_status":"closed","ping_status":"closed","template":"","meta":{"_et_pb_use_builder":"on","_et_pb_old_content":"<p><strong>2016-2017<\/strong><\/p><ul><li><strong>Normes et march\u00e9s europ\u00e9ens li\u00e9s au d\u00e9veloppement durable :\u00a0 un d\u00e9fi pour le secteur du th\u00e9 en Chine<\/strong>, Emeishan Tea Expo, Sichuan, Chine, juillet 2017<\/li><li><strong>Comprendre l'agriculture biologique en Europe et les syst\u00e8mes d'appui en France<\/strong> (Paris), juin 2017<\/li><li><strong>Agriculture biologique et enjeux du th\u00e9 de Chine<\/strong>, Anji, Zhejian (Chine), mars 2017<\/li><li><strong>Biodiversit\u00e9 et alternatives \u00e0 la biopiraterie<\/strong>, projection de \"La Guerre des Graines\", MJC Portes-l\u00e8s-Valences (France), novembre 2016<\/li><\/ul><p><strong>2013-2015<\/strong><\/p><ul><li><strong>Commerce \u00e9quitable en Am\u00e9rique Latine<\/strong>, Paris La Sorbonne, 9 d\u00e9cembre 2015<\/li><li><strong>Les enjeux de la COP21 face au d\u00e9r\u00e8glement climatique<\/strong>, Rendez-vous Citoyens de Montgeron, 13 novembre 2015<\/li><li><strong>Biopiraterie,\u00a0<\/strong>La 25e heure du Mans, 10 octobre 2015<\/li><li>\"<strong>Elever le dialogue environnemental\u00a0au niveau du dialogue social<\/strong>\",\u00a0Congr\u00e8s du MECE, 6 juin 2013<\/li><\/ul><p><strong>2011-2012<\/strong><\/p><ul><li>Table-ronde sur la <strong>bio-\u00e9conomie<\/strong> aux\u00a0<a title=\"Assises du Vivant\" href=\"http:\/\/www.unesco.org\/new\/fr\/unesco\/events\/all-events\/?tx_browser_pi1%5BshowUid%5D=9075&cHash=8d21ad7525\" target=\"_blank\" rel=\"noopener noreferrer\">Assises du Vivant<\/a>, anim\u00e9e par Herv\u00e9 Kempf, 30 novembre 2012.<\/li><li>Conf\u00e9rence virtuelle Agrion, sur \"<strong>De la Biopiraterie au Bio-partage<\/strong>\" \u00e0 destination des managers et responsables RSE, 15 novembre 2012.<\/li><li>Participation au\u00a0Salone del Gusto - Terra Madre\u00a0\u00e0 Turin (Italie) sur la foresterie analogue et sa certification. Ev\u00e9nement organis\u00e9 par le mouvement\u00a0<a title=\"Slow Food\" href=\"http:\/\/slowfood.com\/\" target=\"_blank\" rel=\"noopener noreferrer\">Slow Food<\/a>, 25-29 octobre 2012.<\/li><li><strong><a href=\"http:\/\/y20rio.org\/Niort\/\">Rio, 20 ans apr\u00e8s<\/a><\/strong>, organis\u00e9 par l'Institut International de Recherche pour une Politique de Civilisation (<a title=\"Institut International de Recherche pour une Politique de Civilisation\" href=\"http:\/\/www.iirpc.org\">IIRPC<\/a>), fond\u00e9 par Edgar Morin,\u00a027 au 28 septembre 2012 \u00e0 Niort (France).<\/li><li>Restitution de la commission de travail \"<strong>Regards crois\u00e9s sur les ressources de la biodiversit\u00e9 et son partage \u00e9quitable<\/strong>\",\u00a0<a title=\"Ateliers de la Terre\" href=\"http:\/\/www.planetworkshops.org\/fr\/249\/edition-2012\/\" target=\"_blank\" rel=\"noopener noreferrer\">Ateliers de la Terre - Global Conference<\/a>\u00a0\u00e0 Evian (France), 24-26 septembre 2012<\/li><li>\"<strong>From Biopiracy to the creation of Shared Value<\/strong>\",\u00a0Congr\u00e8s Centifolia 2011, 19-21 octobre 2011 :<\/li><\/ul><p style=\"text-align: center;\"><iframe src=\"http:\/\/www.youtube.com\/embed\/_7vhO25ekF8\" width=\"560\" height=\"315\" frameborder=\"0\" allowfullscreen=\"allowfullscreen\"><\/iframe><br \/> <em>Derni\u00e8re mise \u00e0 jour : 26 juin 2013<\/em><\/p>","_et_gb_content_width":"","jetpack_post_was_ever_published":false,"footnotes":""},"class_list":["post-5577","page","type-page","status-publish","hentry"],"yoast_head":"<!-- This site is optimized with the Yoast SEO plugin v26.9 - https:\/\/yoast.com\/product\/yoast-seo-wordpress\/ -->\n<title>Conferences - Pierre W. Johnson<\/title>\n<meta name=\"robots\" content=\"index, follow, max-snippet:-1, max-image-preview:large, max-video-preview:-1\" \/>\n<link rel=\"canonical\" href=\"https:\/\/www.pierrejohnson.eu\/en\/who\/conferences\/\" \/>\n<meta property=\"og:locale\" content=\"en_US\" \/>\n<meta property=\"og:type\" content=\"article\" \/>\n<meta property=\"og:title\" content=\"Conferences - Pierre W. Johnson\" \/>\n<meta property=\"og:description\" content=\"Conferences 2016-2017 European sustainability and organic standards and markets:\u00a0 a challenge for the Chinese tea sector, Emeishan Tea Expo, Sichuan, China, July 2017 Understanding Organic Agriculture in Europe and Support Systems in France (Paris), June 2017 Organic farming and challenges for the tea sector in China, Anji, Zhejian (China), March 2017 Biodiversity and alternatives [&hellip;]\" \/>\n<meta property=\"og:url\" content=\"https:\/\/www.pierrejohnson.eu\/en\/who\/conferences\/\" \/>\n<meta property=\"og:site_name\" content=\"Pierre W. Johnson\" \/>\n<meta property=\"article:modified_time\" content=\"2017-08-07T08:23:47+00:00\" \/>\n<meta name=\"twitter:card\" content=\"summary_large_image\" \/>\n<meta name=\"twitter:label1\" content=\"Est. reading time\" \/>\n\t<meta name=\"twitter:data1\" content=\"2 minutes\" \/>\n<script type=\"application\/ld+json\" class=\"yoast-schema-graph\">{\"@context\":\"https:\/\/schema.org\",\"@graph\":[{\"@type\":\"WebPage\",\"@id\":\"https:\/\/www.pierrejohnson.eu\/en\/who\/conferences\/\",\"url\":\"https:\/\/www.pierrejohnson.eu\/en\/who\/conferences\/\",\"name\":\"Conferences - Pierre W. Johnson\",\"isPartOf\":{\"@id\":\"https:\/\/www.pierrejohnson.eu\/en\/#website\"},\"datePublished\":\"2017-06-24T09:19:26+00:00\",\"dateModified\":\"2017-08-07T08:23:47+00:00\",\"breadcrumb\":{\"@id\":\"https:\/\/www.pierrejohnson.eu\/en\/who\/conferences\/#breadcrumb\"},\"inLanguage\":\"en-US\",\"potentialAction\":[{\"@type\":\"ReadAction\",\"target\":[\"https:\/\/www.pierrejohnson.eu\/en\/who\/conferences\/\"]}]},{\"@type\":\"BreadcrumbList\",\"@id\":\"https:\/\/www.pierrejohnson.eu\/en\/who\/conferences\/#breadcrumb\",\"itemListElement\":[{\"@type\":\"ListItem\",\"position\":1,\"name\":\"Accueil\",\"item\":\"https:\/\/www.pierrejohnson.eu\/en\/\"},{\"@type\":\"ListItem\",\"position\":2,\"name\":\"Who?\",\"item\":\"https:\/\/www.pierrejohnson.eu\/en\/who\/\"},{\"@type\":\"ListItem\",\"position\":3,\"name\":\"Conferences\"}]},{\"@type\":\"WebSite\",\"@id\":\"https:\/\/www.pierrejohnson.eu\/en\/#website\",\"url\":\"https:\/\/www.pierrejohnson.eu\/en\/\",\"name\":\"Pierre W. Johnson\",\"description\":\"Transition &amp; Cooperation\",\"potentialAction\":[{\"@type\":\"SearchAction\",\"target\":{\"@type\":\"EntryPoint\",\"urlTemplate\":\"https:\/\/www.pierrejohnson.eu\/en\/?s={search_term_string}\"},\"query-input\":{\"@type\":\"PropertyValueSpecification\",\"valueRequired\":true,\"valueName\":\"search_term_string\"}}],\"inLanguage\":\"en-US\"}]}<\/script>\n<!-- \/ Yoast SEO plugin. -->","yoast_head_json":{"title":"Conferences - Pierre W. Johnson","robots":{"index":"index","follow":"follow","max-snippet":"max-snippet:-1","max-image-preview":"max-image-preview:large","max-video-preview":"max-video-preview:-1"},"canonical":"https:\/\/www.pierrejohnson.eu\/en\/who\/conferences\/","og_locale":"en_US","og_type":"article","og_title":"Conferences - Pierre W. Johnson","og_description":"Conferences 2016-2017 European sustainability and organic standards and markets:\u00a0 a challenge for the Chinese tea sector, Emeishan Tea Expo, Sichuan, China, July 2017 Understanding Organic Agriculture in Europe and Support Systems in France (Paris), June 2017 Organic farming and challenges for the tea sector in China, Anji, Zhejian (China), March 2017 Biodiversity and alternatives [&hellip;]","og_url":"https:\/\/www.pierrejohnson.eu\/en\/who\/conferences\/","og_site_name":"Pierre W. Johnson","article_modified_time":"2017-08-07T08:23:47+00:00","twitter_card":"summary_large_image","twitter_misc":{"Est. reading time":"2 minutes"},"schema":{"@context":"https:\/\/schema.org","@graph":[{"@type":"WebPage","@id":"https:\/\/www.pierrejohnson.eu\/en\/who\/conferences\/","url":"https:\/\/www.pierrejohnson.eu\/en\/who\/conferences\/","name":"Conferences - Pierre W. Johnson","isPartOf":{"@id":"https:\/\/www.pierrejohnson.eu\/en\/#website"},"datePublished":"2017-06-24T09:19:26+00:00","dateModified":"2017-08-07T08:23:47+00:00","breadcrumb":{"@id":"https:\/\/www.pierrejohnson.eu\/en\/who\/conferences\/#breadcrumb"},"inLanguage":"en-US","potentialAction":[{"@type":"ReadAction","target":["https:\/\/www.pierrejohnson.eu\/en\/who\/conferences\/"]}]},{"@type":"BreadcrumbList","@id":"https:\/\/www.pierrejohnson.eu\/en\/who\/conferences\/#breadcrumb","itemListElement":[{"@type":"ListItem","position":1,"name":"Accueil","item":"https:\/\/www.pierrejohnson.eu\/en\/"},{"@type":"ListItem","position":2,"name":"Who?","item":"https:\/\/www.pierrejohnson.eu\/en\/who\/"},{"@type":"ListItem","position":3,"name":"Conferences"}]},{"@type":"WebSite","@id":"https:\/\/www.pierrejohnson.eu\/en\/#website","url":"https:\/\/www.pierrejohnson.eu\/en\/","name":"Pierre W. Johnson","description":"Transition &amp; Cooperation","potentialAction":[{"@type":"SearchAction","target":{"@type":"EntryPoint","urlTemplate":"https:\/\/www.pierrejohnson.eu\/en\/?s={search_term_string}"},"query-input":{"@type":"PropertyValueSpecification","valueRequired":true,"valueName":"search_term_string"}}],"inLanguage":"en-US"}]}},"jetpack_shortlink":"https:\/\/wp.me\/P938H5-1rX","jetpack-related-posts":[],"jetpack_sharing_enabled":true,"_links":{"self":[{"href":"https:\/\/www.pierrejohnson.eu\/en\/wp-json\/wp\/v2\/pages\/5577","targetHints":{"allow":["GET"]}}],"collection":[{"href":"https:\/\/www.pierrejohnson.eu\/en\/wp-json\/wp\/v2\/pages"}],"about":[{"href":"https:\/\/www.pierrejohnson.eu\/en\/wp-json\/wp\/v2\/types\/page"}],"author":[{"embeddable":true,"href":"https:\/\/www.pierrejohnson.eu\/en\/wp-json\/wp\/v2\/users\/2"}],"replies":[{"embeddable":true,"href":"https:\/\/www.pierrejohnson.eu\/en\/wp-json\/wp\/v2\/comments?post=5577"}],"version-history":[{"count":3,"href":"https:\/\/www.pierrejohnson.eu\/en\/wp-json\/wp\/v2\/pages\/5577\/revisions"}],"predecessor-version":[{"id":5805,"href":"https:\/\/www.pierrejohnson.eu\/en\/wp-json\/wp\/v2\/pages\/5577\/revisions\/5805"}],"up":[{"embeddable":true,"href":"https:\/\/www.pierrejohnson.eu\/en\/wp-json\/wp\/v2\/pages\/5540"}],"wp:attachment":[{"href":"https:\/\/www.pierrejohnson.eu\/en\/wp-json\/wp\/v2\/media?parent=5577"}],"curies":[{"name":"wp","href":"https:\/\/api.w.org\/{rel}","templated":true}]}}