{"id":5540,"date":"2017-06-22T16:42:09","date_gmt":"2017-06-22T14:42:09","guid":{"rendered":"http:\/\/www.pierrejohnson.eu\/qui-sommes-nous\/"},"modified":"2020-03-04T11:21:02","modified_gmt":"2020-03-04T10:21:02","slug":"who","status":"publish","type":"page","link":"https:\/\/www.pierrejohnson.eu\/en\/who\/","title":{"rendered":"Who?"},"content":{"rendered":"<p>[et_pb_section fb_built=&#8221;1&#8243; specialty=&#8221;on&#8221; admin_label=&#8221;section&#8221; _builder_version=&#8221;3.22&#8243;][et_pb_column type=&#8221;3_4&#8243; specialty_columns=&#8221;3&#8243; _builder_version=&#8221;3.25&#8243; custom_padding=&#8221;|||&#8221; custom_padding__hover=&#8221;|||&#8221;][et_pb_row_inner _builder_version=&#8221;3.25&#8243;][et_pb_column_inner saved_specialty_column_type=&#8221;3_4&#8243; _builder_version=&#8221;3.25&#8243; custom_padding=&#8221;|||&#8221; custom_padding__hover=&#8221;|||&#8221;][et_pb_text _builder_version=&#8221;3.27.4&#8243; border_style=&#8221;solid&#8221;]<\/p>\n<h1>Pierre W. Johnson<\/h1>\n<h3>Founder, Transition &amp; Coop\u00e9ration<\/h3>\n<p>[\/et_pb_text][et_pb_text admin_label=&#8221;Text&#8221; _builder_version=&#8221;4.3.4&#8243; hover_enabled=&#8221;0&#8243; border_style=&#8221;solid&#8221;]<\/p>\n<blockquote>\n<p><span style=\"font-size: 13px;\"><em>&#8220;<span id=\"result_box\" class=\"\" lang=\"en\"><span class=\"\">Every man is divided between two needs: the need for the Canoe, that is, the journey, the wrenching from oneself, and the need for the Tree, that is to remain,<\/span> <span class=\"\">The roots of identity, and men constantly wander between these two needs, sometimes at one and at another, until they realize that it is from the Tree that one makes the Canoe<\/span> <\/span>&#8220;<\/em><\/span><br \/><span style=\"font-size: 13px;\"><span id=\"result_box\" class=\"short_text\" lang=\"en\"><span class=\"\">Melanesian myth of the island of Vanuatu<\/span><\/span><\/span><\/p>\n<\/blockquote>\n<p><img loading=\"lazy\" decoding=\"async\" class=\"alignleft wp-image-7599\" src=\"https:\/\/www.pierrejohnson.eu\/wp-content\/uploads\/2020\/03\/PierreWP-150x150.jpeg\" alt=\"\" width=\"163\" height=\"180\" \/><br \/>Pierre William Johnson is an expert on issues pertaining to the transformation of the current-state economy to a resilient and sustainable economy. A member of the International Value Links Association, he is a senior international consultant on value chain chains studies and developement of natural products, high value products and products of origin. He is also an expert on Access to Genetic Resources and Benefit Sharing.<\/p>\n<p>A researcher and author, with a systemic perspective, he gives keynote speeches in English, French and Spanish on topics related to transition, cooperation and bioeconomy.<\/p>\n<p><em><span id=\"result_box\" class=\"\" lang=\"en\"><span title=\"Titulaire de Masters en Am\u00e9nagement Appliqu\u00e9 aux Pays en Voie de D\u00e9veloppement (1994) et en \u00c9conomie \u00e9cologique et Ing\u00e9nierie du D\u00e9veloppement Durable (2010), Pierre Johnson a 20 ans d'exp\u00e9rience de la coordination de projets de d\u00e9veloppement international, et de l'appui\">Training<\/span><\/span><\/em><\/p>\n<p><span id=\"result_box\" class=\"\" lang=\"en\"><span title=\"Titulaire de Masters en Am\u00e9nagement Appliqu\u00e9 aux Pays en Voie de D\u00e9veloppement (1994) et en \u00c9conomie \u00e9cologique et Ing\u00e9nierie du D\u00e9veloppement Durable (2010), Pierre Johnson a 20 ans d'exp\u00e9rience de la coordination de projets de d\u00e9veloppement international, et de l'appui\">Pierre W. Johnson holds two Master&#8217;s Degree, the first in Applied Development in Developing Countries (1994), the second in Ecological Economics and Sustainable Development Engineering (2010). He has since completed complementary pratical trainings in Botanics, Agroecology and Permaculture.<br \/><\/span><\/span><\/p>\n<p><em>Experience<\/em><\/p>\n<p><span id=\"result_box\" class=\"\" lang=\"en\"><span title=\"Titulaire de Masters en Am\u00e9nagement Appliqu\u00e9 aux Pays en Voie de D\u00e9veloppement (1994) et en \u00c9conomie \u00e9cologique et Ing\u00e9nierie du D\u00e9veloppement Durable (2010), Pierre Johnson a 20 ans d'exp\u00e9rience de la coordination de projets de d\u00e9veloppement international, et de l'appui\">P. W. Johnson has 23 years of experience in coordinating international development projects in Latin America (Mexico, Guatemala and Brasil), and support <span title=\"au d\u00e9veloppement de fili\u00e8res responsables et \u00e9quitables en France, en Am\u00e9rique latine (Br\u00e9sil, Mexique, Guatemala, P\u00e9rou), en Afrique (B\u00e9nin, Burkina Faso, Burundi, C\u00f4te d'Ivoire, Ghana, Kenya, Madagascar, Maroc, S\u00e9n\u00e9gal, Tanzanie)\">to the development of sustainable value chains<\/span> in <span title=\"au d\u00e9veloppement de fili\u00e8res responsables et \u00e9quitables en France, en Am\u00e9rique latine (Br\u00e9sil, Mexique, Guatemala, P\u00e9rou), en Afrique (B\u00e9nin, Burkina Faso, Burundi, C\u00f4te d'Ivoire, Ghana, Kenya, Madagascar, Maroc, S\u00e9n\u00e9gal, Tanzanie)\">France, in<\/span> Africa <\/span><span title=\"au d\u00e9veloppement de fili\u00e8res responsables et \u00e9quitables en France, en Am\u00e9rique latine (Br\u00e9sil, Mexique, Guatemala, P\u00e9rou), en Afrique (B\u00e9nin, Burkina Faso, Burundi, C\u00f4te d'Ivoire, Ghana, Kenya, Madagascar, Maroc, S\u00e9n\u00e9gal, Tanzanie)\">(Benin, Burkina Faso, Burundi, C\u00f4te d&#8217;Ivoire, Ghana, Ghana, Kenya, Madagascar, Morocco, Senegal, Tanzania) and in <span title=\"Titulaire de Masters en Am\u00e9nagement Appliqu\u00e9 aux Pays en Voie de D\u00e9veloppement (1994) et en \u00c9conomie \u00e9cologique et Ing\u00e9nierie du D\u00e9veloppement Durable (2010), Pierre Johnson a 20 ans d'exp\u00e9rience de la coordination de projets de d\u00e9veloppement international, et de l'appui\"><span title=\"et en Asie (Chine, Inde, Tha\u00eflande, Vietnam).&lt;br \/&gt;&lt;br \/&gt;\">Asia (China, India, Indonesia, Thailand, Vietnam)<\/span><\/span>.<\/span><\/span><\/p>\n<p><span id=\"result_box\" class=\"\" lang=\"en\"><span title=\"Avec une exp\u00e9rience approfondie des questions li\u00e9es \u00e0 la valorisation des produits locaux, il appuie le d\u00e9veloppement des fili\u00e8res de produits naturels et artisanaux, et r\u00e9alise des audits sociaux et environnementaux ainsi que des \u00e9valuations multi-crit\u00e8res.\">With in-depth experience of issues related to the valorisation of local products, he supports the development of natural products, and carries out social and environmental audits as well as multi-criteria evaluations.<\/span><\/span><\/p>\n<p><span id=\"result_box\" class=\"\" lang=\"en\"><span title=\"Il exerce \u00e9galement comme m\u00e9diateur entre parties prenantes et animateur de r\u00e9seaux d'acteurs de la transition \u00e9cologique.\">He has also acted as a mediator between stakeholders and as a facilitator of networks of actors in fair trade and social economy, and provided <\/span><span title=\"Enfin, il assure des formations sur la transition \u00e9cologique, le d\u00e9veloppement durable, le commerce \u00e9quitable et la responsabilit\u00e9 sociale des organisations.\">training on organic agriculture, sustainable development, fair trade and corporate social responsibility.<\/span><\/span><\/p>\n<p><a href=\"http:\/\/www.pierrejohnson.eu\/en\/contact\/\">Contact-us<\/a> f<span id=\"result_box\" class=\"\" lang=\"en\"><span class=\"\">or any request for study, training, conference, interview or article.<\/span><br \/><span class=\"\">We work in French, English, Spanish and Portuguese.<\/span><\/span><\/p>\n<p><span style=\"border-radius: 2px; text-indent: 20px; width: auto; padding: 0px 4px 0px 0px; text-align: center; font: bold 11px\/20px 'Helvetica Neue',Helvetica,sans-serif; color: #ffffff; background: #bd081c no-repeat scroll 3px 50% \/ 14px 14px; position: absolute; opacity: 1; z-index: 8675309; display: none; cursor: pointer; top: 183px; left: 40px;\">Enregistrer<\/span><\/p>\n<p><span style=\"border-radius: 2px; text-indent: 20px; width: auto; padding: 0px 4px 0px 0px; text-align: center; font: bold 11px\/20px 'Helvetica Neue',Helvetica,sans-serif; color: #ffffff; background: #bd081c no-repeat scroll 3px 50% \/ 14px 14px; position: absolute; opacity: 1; z-index: 8675309; display: none; cursor: pointer;\">Enregistrer<\/span><\/p>\n<p><span style=\"border-radius: 2px; text-indent: 20px; width: auto; padding: 0px 4px 0px 0px; text-align: center; font: bold 11px\/20px 'Helvetica Neue',Helvetica,sans-serif; color: #ffffff; background: #bd081c no-repeat scroll 3px 50% \/ 14px 14px; position: absolute; opacity: 1; z-index: 8675309; display: none; cursor: pointer; top: 183px; left: 40px;\">Enregistrer<\/span><\/p>\n<p><span style=\"border-radius: 2px; text-indent: 20px; width: auto; padding: 0px 4px 0px 0px; text-align: center; font: bold 11px\/20px 'Helvetica Neue',Helvetica,sans-serif; color: #ffffff; background: #bd081c no-repeat scroll 3px 50% \/ 14px 14px; position: absolute; opacity: 1; z-index: 8675309; display: none; cursor: pointer; top: 183px; left: 40px;\">Enregistrer<\/span><\/p>\n<p><span style=\"border-radius: 2px; text-indent: 20px; width: auto; padding: 0px 4px 0px 0px; text-align: center; font: bold 11px\/20px 'Helvetica Neue',Helvetica,sans-serif; color: #ffffff; background: #bd081c no-repeat scroll 3px 50% \/ 14px 14px; position: absolute; opacity: 1; z-index: 8675309; display: none; cursor: pointer;\">Enregistrer<\/span><\/p>\n<p><span style=\"border-radius: 2px; text-indent: 20px; width: auto; padding: 0px 4px 0px 0px; text-align: center; font: bold 11px\/20px 'Helvetica Neue',Helvetica,sans-serif; color: #ffffff; background: #bd081c no-repeat scroll 3px 50% \/ 14px 14px; position: absolute; opacity: 1; z-index: 8675309; display: none; cursor: pointer;\">Enregistrer<\/span><\/p>\n<p><span style=\"border-radius: 2px; text-indent: 20px; width: auto; padding: 0px 4px 0px 0px; text-align: center; font: bold 11px\/20px 'Helvetica Neue',Helvetica,sans-serif; color: #ffffff; background: #bd081c no-repeat scroll 3px 50% \/ 14px 14px; position: absolute; opacity: 1; z-index: 8675309; display: none; cursor: pointer; top: 183px; left: 40px;\">Enregistrer<\/span><\/p>\n<p>[\/et_pb_text][\/et_pb_column_inner][\/et_pb_row_inner][et_pb_row_inner admin_label=&#8221;Ligne&#8221; _builder_version=&#8221;3.25&#8243; column_structure=&#8221;1_3,1_3,1_3&#8243;][et_pb_column_inner type=&#8221;1_3&#8243; saved_specialty_column_type=&#8221;3_4&#8243; _builder_version=&#8221;3.25&#8243; custom_padding=&#8221;|||&#8221; custom_padding__hover=&#8221;|||&#8221;][et_pb_accordion open_toggle_background_color=&#8221;#ffffff&#8221; _builder_version=&#8221;3.0.87&#8243; border_style=&#8221;solid&#8221;][et_pb_accordion_item title=&#8221;Conferences&#8221; _builder_version=&#8221;3.0.47&#8243; open=&#8221;on&#8221;]My conferences in French, English and Spanish, on fair trade and on alternatives to biopiracy.[\/et_pb_accordion_item][\/et_pb_accordion][\/et_pb_column_inner][et_pb_column_inner type=&#8221;1_3&#8243; saved_specialty_column_type=&#8221;3_4&#8243; _builder_version=&#8221;3.25&#8243; custom_padding=&#8221;|||&#8221; custom_padding__hover=&#8221;|||&#8221;][et_pb_accordion open_toggle_background_color=&#8221;#ffffff&#8221; _builder_version=&#8221;3.0.87&#8243; border_style=&#8221;solid&#8221;][et_pb_accordion_item title=&#8221;Books&#8221; _builder_version=&#8221;3.0.47&#8243; open=&#8221;on&#8221;]<\/p>\n<div id=\"gt-res-content\">\n<div id=\"gt-res-dir-ctr\" class=\"trans-verified-button-small\" dir=\"ltr\"><span id=\"result_box\" class=\"\" lang=\"en\"><span class=\"\">Author of three books and numerous articles on fair trade and alternatives to biopiracy.<\/span><\/span><\/div>\n<\/div>\n<p>[\/et_pb_accordion_item][\/et_pb_accordion][\/et_pb_column_inner][et_pb_column_inner type=&#8221;1_3&#8243; saved_specialty_column_type=&#8221;3_4&#8243; _builder_version=&#8221;3.25&#8243; custom_padding=&#8221;|||&#8221; custom_padding__hover=&#8221;|||&#8221;][et_pb_accordion _builder_version=&#8221;3.0.87&#8243; border_style=&#8221;solid&#8221;][et_pb_accordion_item title=&#8221;References&#8221; _builder_version=&#8221;3.0.47&#8243; open=&#8221;on&#8221;]See my references.[\/et_pb_accordion_item][\/et_pb_accordion][\/et_pb_column_inner][\/et_pb_row_inner][\/et_pb_column][et_pb_column type=&#8221;1_4&#8243; _builder_version=&#8221;3.25&#8243; custom_padding=&#8221;|||&#8221; custom_padding__hover=&#8221;|||&#8221;][et_pb_sidebar area=&#8221;sidebar-1&#8243; _builder_version=&#8221;3.0.74&#8243;][\/et_pb_sidebar][\/et_pb_column][\/et_pb_section]<\/p>\n","protected":false},"excerpt":{"rendered":"<p>Pierre W. Johnson Founder, Transition &amp; Coop\u00e9ration &#8220;Every man is divided between two needs: the need for the Canoe, that is, the journey, the wrenching from oneself, and the need for the Tree, that is to remain, The roots of identity, and men constantly wander between these two needs, sometimes at one and at another, [&hellip;]<\/p>\n","protected":false},"author":2,"featured_media":0,"parent":0,"menu_order":0,"comment_status":"closed","ping_status":"closed","template":"","meta":{"_et_pb_use_builder":"on","_et_pb_old_content":"","_et_gb_content_width":"","jetpack_post_was_ever_published":false,"footnotes":""},"class_list":["post-5540","page","type-page","status-publish","hentry"],"yoast_head":"<!-- This site is optimized with the Yoast SEO plugin v26.9 - https:\/\/yoast.com\/product\/yoast-seo-wordpress\/ -->\n<title>Who? - Pierre W. Johnson<\/title>\n<meta name=\"robots\" content=\"index, follow, max-snippet:-1, max-image-preview:large, max-video-preview:-1\" \/>\n<link rel=\"canonical\" href=\"https:\/\/www.pierrejohnson.eu\/en\/who\/\" \/>\n<meta property=\"og:locale\" content=\"en_US\" \/>\n<meta property=\"og:type\" content=\"article\" \/>\n<meta property=\"og:title\" content=\"Who? - Pierre W. Johnson\" \/>\n<meta property=\"og:description\" content=\"Pierre W. Johnson Founder, Transition &amp; Coop\u00e9ration &quot;Every man is divided between two needs: the need for the Canoe, that is, the journey, the wrenching from oneself, and the need for the Tree, that is to remain, The roots of identity, and men constantly wander between these two needs, sometimes at one and at another, [&hellip;]\" \/>\n<meta property=\"og:url\" content=\"https:\/\/www.pierrejohnson.eu\/en\/who\/\" \/>\n<meta property=\"og:site_name\" content=\"Pierre W. Johnson\" \/>\n<meta property=\"article:modified_time\" content=\"2020-03-04T10:21:02+00:00\" \/>\n<meta property=\"og:image\" content=\"https:\/\/www.pierrejohnson.eu\/wp-content\/uploads\/2020\/03\/PierreWP-150x150.jpeg\" \/>\n<meta name=\"twitter:card\" content=\"summary_large_image\" \/>\n<meta name=\"twitter:label1\" content=\"Est. reading time\" \/>\n\t<meta name=\"twitter:data1\" content=\"3 minutes\" \/>\n<script type=\"application\/ld+json\" class=\"yoast-schema-graph\">{\"@context\":\"https:\/\/schema.org\",\"@graph\":[{\"@type\":\"WebPage\",\"@id\":\"https:\/\/www.pierrejohnson.eu\/en\/who\/\",\"url\":\"https:\/\/www.pierrejohnson.eu\/en\/who\/\",\"name\":\"Who? - Pierre W. Johnson\",\"isPartOf\":{\"@id\":\"https:\/\/www.pierrejohnson.eu\/en\/#website\"},\"primaryImageOfPage\":{\"@id\":\"https:\/\/www.pierrejohnson.eu\/en\/who\/#primaryimage\"},\"image\":{\"@id\":\"https:\/\/www.pierrejohnson.eu\/en\/who\/#primaryimage\"},\"thumbnailUrl\":\"https:\/\/www.pierrejohnson.eu\/wp-content\/uploads\/2020\/03\/PierreWP-150x150.jpeg\",\"datePublished\":\"2017-06-22T14:42:09+00:00\",\"dateModified\":\"2020-03-04T10:21:02+00:00\",\"breadcrumb\":{\"@id\":\"https:\/\/www.pierrejohnson.eu\/en\/who\/#breadcrumb\"},\"inLanguage\":\"en-US\",\"potentialAction\":[{\"@type\":\"ReadAction\",\"target\":[\"https:\/\/www.pierrejohnson.eu\/en\/who\/\"]}]},{\"@type\":\"ImageObject\",\"inLanguage\":\"en-US\",\"@id\":\"https:\/\/www.pierrejohnson.eu\/en\/who\/#primaryimage\",\"url\":\"https:\/\/www.pierrejohnson.eu\/wp-content\/uploads\/2020\/03\/PierreWP-150x150.jpeg\",\"contentUrl\":\"https:\/\/www.pierrejohnson.eu\/wp-content\/uploads\/2020\/03\/PierreWP-150x150.jpeg\"},{\"@type\":\"BreadcrumbList\",\"@id\":\"https:\/\/www.pierrejohnson.eu\/en\/who\/#breadcrumb\",\"itemListElement\":[{\"@type\":\"ListItem\",\"position\":1,\"name\":\"Accueil\",\"item\":\"https:\/\/www.pierrejohnson.eu\/en\/\"},{\"@type\":\"ListItem\",\"position\":2,\"name\":\"Who?\"}]},{\"@type\":\"WebSite\",\"@id\":\"https:\/\/www.pierrejohnson.eu\/en\/#website\",\"url\":\"https:\/\/www.pierrejohnson.eu\/en\/\",\"name\":\"Pierre W. Johnson\",\"description\":\"Transition &amp; Cooperation\",\"potentialAction\":[{\"@type\":\"SearchAction\",\"target\":{\"@type\":\"EntryPoint\",\"urlTemplate\":\"https:\/\/www.pierrejohnson.eu\/en\/?s={search_term_string}\"},\"query-input\":{\"@type\":\"PropertyValueSpecification\",\"valueRequired\":true,\"valueName\":\"search_term_string\"}}],\"inLanguage\":\"en-US\"}]}<\/script>\n<!-- \/ Yoast SEO plugin. -->","yoast_head_json":{"title":"Who? - Pierre W. Johnson","robots":{"index":"index","follow":"follow","max-snippet":"max-snippet:-1","max-image-preview":"max-image-preview:large","max-video-preview":"max-video-preview:-1"},"canonical":"https:\/\/www.pierrejohnson.eu\/en\/who\/","og_locale":"en_US","og_type":"article","og_title":"Who? - Pierre W. Johnson","og_description":"Pierre W. Johnson Founder, Transition &amp; Coop\u00e9ration \"Every man is divided between two needs: the need for the Canoe, that is, the journey, the wrenching from oneself, and the need for the Tree, that is to remain, The roots of identity, and men constantly wander between these two needs, sometimes at one and at another, [&hellip;]","og_url":"https:\/\/www.pierrejohnson.eu\/en\/who\/","og_site_name":"Pierre W. Johnson","article_modified_time":"2020-03-04T10:21:02+00:00","og_image":[{"url":"https:\/\/www.pierrejohnson.eu\/wp-content\/uploads\/2020\/03\/PierreWP-150x150.jpeg","type":"","width":"","height":""}],"twitter_card":"summary_large_image","twitter_misc":{"Est. reading time":"3 minutes"},"schema":{"@context":"https:\/\/schema.org","@graph":[{"@type":"WebPage","@id":"https:\/\/www.pierrejohnson.eu\/en\/who\/","url":"https:\/\/www.pierrejohnson.eu\/en\/who\/","name":"Who? - Pierre W. Johnson","isPartOf":{"@id":"https:\/\/www.pierrejohnson.eu\/en\/#website"},"primaryImageOfPage":{"@id":"https:\/\/www.pierrejohnson.eu\/en\/who\/#primaryimage"},"image":{"@id":"https:\/\/www.pierrejohnson.eu\/en\/who\/#primaryimage"},"thumbnailUrl":"https:\/\/www.pierrejohnson.eu\/wp-content\/uploads\/2020\/03\/PierreWP-150x150.jpeg","datePublished":"2017-06-22T14:42:09+00:00","dateModified":"2020-03-04T10:21:02+00:00","breadcrumb":{"@id":"https:\/\/www.pierrejohnson.eu\/en\/who\/#breadcrumb"},"inLanguage":"en-US","potentialAction":[{"@type":"ReadAction","target":["https:\/\/www.pierrejohnson.eu\/en\/who\/"]}]},{"@type":"ImageObject","inLanguage":"en-US","@id":"https:\/\/www.pierrejohnson.eu\/en\/who\/#primaryimage","url":"https:\/\/www.pierrejohnson.eu\/wp-content\/uploads\/2020\/03\/PierreWP-150x150.jpeg","contentUrl":"https:\/\/www.pierrejohnson.eu\/wp-content\/uploads\/2020\/03\/PierreWP-150x150.jpeg"},{"@type":"BreadcrumbList","@id":"https:\/\/www.pierrejohnson.eu\/en\/who\/#breadcrumb","itemListElement":[{"@type":"ListItem","position":1,"name":"Accueil","item":"https:\/\/www.pierrejohnson.eu\/en\/"},{"@type":"ListItem","position":2,"name":"Who?"}]},{"@type":"WebSite","@id":"https:\/\/www.pierrejohnson.eu\/en\/#website","url":"https:\/\/www.pierrejohnson.eu\/en\/","name":"Pierre W. Johnson","description":"Transition &amp; Cooperation","potentialAction":[{"@type":"SearchAction","target":{"@type":"EntryPoint","urlTemplate":"https:\/\/www.pierrejohnson.eu\/en\/?s={search_term_string}"},"query-input":{"@type":"PropertyValueSpecification","valueRequired":true,"valueName":"search_term_string"}}],"inLanguage":"en-US"}]}},"jetpack_shortlink":"https:\/\/wp.me\/P938H5-1rm","jetpack-related-posts":[],"jetpack_sharing_enabled":true,"_links":{"self":[{"href":"https:\/\/www.pierrejohnson.eu\/en\/wp-json\/wp\/v2\/pages\/5540","targetHints":{"allow":["GET"]}}],"collection":[{"href":"https:\/\/www.pierrejohnson.eu\/en\/wp-json\/wp\/v2\/pages"}],"about":[{"href":"https:\/\/www.pierrejohnson.eu\/en\/wp-json\/wp\/v2\/types\/page"}],"author":[{"embeddable":true,"href":"https:\/\/www.pierrejohnson.eu\/en\/wp-json\/wp\/v2\/users\/2"}],"replies":[{"embeddable":true,"href":"https:\/\/www.pierrejohnson.eu\/en\/wp-json\/wp\/v2\/comments?post=5540"}],"version-history":[{"count":8,"href":"https:\/\/www.pierrejohnson.eu\/en\/wp-json\/wp\/v2\/pages\/5540\/revisions"}],"predecessor-version":[{"id":7604,"href":"https:\/\/www.pierrejohnson.eu\/en\/wp-json\/wp\/v2\/pages\/5540\/revisions\/7604"}],"wp:attachment":[{"href":"https:\/\/www.pierrejohnson.eu\/en\/wp-json\/wp\/v2\/media?parent=5540"}],"curies":[{"name":"wp","href":"https:\/\/api.w.org\/{rel}","templated":true}]}}