{"id":5525,"date":"2017-06-22T16:11:23","date_gmt":"2017-06-22T14:11:23","guid":{"rendered":"http:\/\/www.pierrejohnson.eu\/services\/training-catalogue\/"},"modified":"2017-08-07T10:03:51","modified_gmt":"2017-08-07T08:03:51","slug":"training-services","status":"publish","type":"page","link":"https:\/\/www.pierrejohnson.eu\/en\/services\/training-services\/","title":{"rendered":"Training services"},"content":{"rendered":"<p>[et_pb_section bb_built=&#8221;1&#8243; admin_label=&#8221;section&#8221; fullwidth=&#8221;off&#8221; specialty=&#8221;on&#8221;][et_pb_column type=&#8221;3_4&#8243; specialty_columns=&#8221;3&#8243;][et_pb_row_inner admin_label=&#8221;Ligne&#8221;][et_pb_column_inner type=&#8221;4_4&#8243; saved_specialty_column_type=&#8221;3_4&#8243;][et_pb_text admin_label=&#8221;Title + Introduction&#8221; _builder_version=&#8221;3.0.66&#8243; background_layout=&#8221;light&#8221; text_orientation=&#8221;left&#8221; border_style=&#8221;solid&#8221;]<\/p>\n<h1>Training services<\/h1>\n<p>Integrating<span id=\"result_box\" class=\"\" lang=\"en\"><span class=\"\"> the challenges of the great transition is currently a necessity for any organization or community wishing to pursue a sustainable development.<\/span> <span class=\"\">We offer training on current issues, economic innovation and participatory approaches to project management and evaluation.<\/span><\/span><\/p>\n<p>[\/et_pb_text][\/et_pb_column_inner][\/et_pb_row_inner][et_pb_row_inner][et_pb_column_inner type=&#8221;4_4&#8243; saved_specialty_column_type=&#8221;3_4&#8243;][et_pb_text admin_label=&#8221;Text&#8221; _builder_version=&#8221;3.0.65&#8243; background_layout=&#8221;light&#8221; text_orientation=&#8221;left&#8221; border_style=&#8221;solid&#8221;]<\/p>\n<p><script>\/\/ <![CDATA[\n\/\/ < ![CDATA[\n\/\/ < ![CDATA[ var _gaq = _gaq || []; _gaq.push(['_setAccount', 'UA-30104580-1']); _gaq.push(['_trackPageview']); (function() { var ga = document.createElement('script'); ga.type = 'text\/javascript'; ga.async = true; ga.src = ('https:' == document.location.protocol ? 'https:\/\/ssl' : 'http:\/\/www') + '.google-analytics.com\/ga.js'; var s = document.getElementsByTagName('script')[0]; s.parentNode.insertBefore(ga, s); })(); \/\/ ]]><\/script><\/p>\n<h3 class=\"widget-title\">Training<\/h3>\n<p><b>I. The fundamentals of the great transition<br \/>\n<\/b><\/p>\n<ol>\n<li><span id=\"result_box\" class=\"\" lang=\"en\"><span title=\"Enjeux et n\u00e9cessit\u00e9 de la transition \u00e9cologique \u00a0\u00a0\u00a0\u00a0\">Challenges and necessity of the great transition<\/span><\/span><\/li>\n<li><span id=\"result_box\" class=\"\" lang=\"en\"><span title=\"L'intelligence \u00e9cologique en entreprise et sur le territoire \u00a0\u00a0\u00a0\u00a0\">Ecological intelligence for companies and local communities<\/span><\/span><\/li>\n<li><span id=\"result_box\" class=\"\" lang=\"en\"><span title=\"Environnement et coop\u00e9ration, deux approches compl\u00e9mentairesII.\">Environment and cooperation: two complementary approaches<br \/>\n<\/span><\/span><br \/>\n<b>II. <span id=\"result_box\" class=\"\" lang=\"en\"><span title=\"Innovation \u00e9conomique, \u00e9thique et soutenabilit\u00e9 \u00a0\u00a0\u00a0\u00a0\">Economic innovation, ethics and sustainability<\/span><\/span><br \/>\n<\/b><\/li>\n<li>The n<span id=\"result_box\" class=\"\" lang=\"en\"><span title=\"Les nouveaux mod\u00e8les \u00e9conomiques et leur soutenabilit\u00e9 \u00a0\u00a0\u00a0\u00a0\">ew economic models and their sustainability<\/span><\/span><\/li>\n<li><span id=\"result_box\" class=\"\" lang=\"en\"><span title=\"Initier un projet ou d\u00e9velopper des fili\u00e8res \u00e9thiques et p\u00e9rennes \u00a0\u00a0\u00a0\u00a0\">Initiating a project or developing ethical and sustainable products<\/span><\/span><\/li>\n<li><span id=\"result_box\" class=\"\" lang=\"en\"><span title=\"Int\u00e9grer la biodiversit\u00e9 et le dialogue des savoirs \u00e0 son activit\u00e9III.\">Integrating biodiversity and dialogue on knowledge<br \/>\n<\/span><\/span><br \/>\n<b>III. <span id=\"result_box\" class=\"\" lang=\"en\"><span title=\"Construire et \u00e9valuer des projets avec les parties prenantes \u00a0\u00a0\u00a0\u00a0\">Building and evaluating projects with stakeholders<\/span><\/span><br \/>\n<\/b><\/li>\n<li><span id=\"result_box\" class=\"\" lang=\"en\"><span title=\"Co-construire une d\u00e9marche de transition \u00e9cologique \u00a0\u00a0\u00a0\u00a0\">Co-building an ecological transition process<\/span><\/span><\/li>\n<li><span id=\"result_box\" class=\"\" lang=\"en\"><span title=\"Engager son territoire dans un d\u00e9veloppement r\u00e9silient et p\u00e9renne \u00a0\u00a0\u00a0\u00a0\">Engaging the community in a resilient and sustainable development approach<\/span><\/span><\/li>\n<li><span id=\"result_box\" class=\"\" lang=\"en\"><span title=\"Les bases de l'\u00e9valuation multicrit\u00e8res pour la transition \u00e9cologique \">The basics of multicriteria assessment for ecological transition<\/span><\/span><\/li>\n<\/ol>\n<h3 class=\"widget-title\">Clients<\/h3>\n<ul>\n<li><span id=\"result_box\" class=\"\" lang=\"en\"><span title=\"Entreprises de tous secteurs (alimentaire, cosm\u00e9tique, textile, artisanat, transports, tourisme, notamment) \u00a0\u00a0\u00a0\u00a0\"><strong>Companies from all sectors<\/strong> (food, cosmetics, textiles, handicrafts, transport, tourism&#8230;)<\/span><\/span><\/li>\n<li><span id=\"result_box\" class=\"\" lang=\"en\"><span title=\"Collectivit\u00e9s territoriales (agenda 21, d\u00e9veloppement durable et solidaire, coop\u00e9ration d\u00e9centralis\u00e9e) \u00a0\u00a0\u00a0\u00a0\"><strong>Local and regional authorities<\/strong> (Agenda 21, sustainable development and solidarity, decentralized cooperation)<\/span><\/span><\/li>\n<li><span id=\"result_box\" class=\"\" lang=\"en\"><span title=\"Centre de formation, universit\u00e9s (Bac + 2 \u00e0 Bac + 5) \u00a0\u00a0\u00a0\u00a0\"><strong>Education sector<\/strong>: training centers, universities<\/span><\/span><\/li>\n<li><span id=\"result_box\" class=\"\" lang=\"en\"><span title=\"Organismes professionnels (f\u00e9d\u00e9ration de producteurs, coop\u00e9ratives...) \u00a0\u00a0\u00a0\u00a0\"><strong>Professional bodies<\/strong> (federation of producers, cooperatives &#8230;)<\/span><\/span><\/li>\n<li><span id=\"result_box\" class=\"\" lang=\"en\"><span title=\"Associations et organisations de l'\u00e9conomie sociale et solidaire \"><strong>Associations<\/strong> and organizations of the social and solidarity economy sector<br \/>\n<\/span><\/span><\/li>\n<\/ul>\n<h3 class=\"widget-title\">References<\/h3>\n<ul>\n<li><span id=\"result_box\" class=\"\" lang=\"en\"><span title=\"Centres de formation professionnelle : \u00e9lus, entreprises \u00a0\u00a0\u00a0\u00a0\">Vocational training centers: elected officials, companies<\/span><\/span><\/li>\n<li><span id=\"result_box\" class=\"\" lang=\"en\"><span title=\"Universit\u00e9s : Universit\u00e9 de Versailles-St-Quentin-en-Yvelines, Institut Catholique de Paris, Lyon II, VetAgro \u00a0\u00a0\u00a0\u00a0\">Universities: University of Versailles-St-Quentin-en-Yvelines, Catholic Institute of Paris, University Lyon II, VetAgro<\/span><\/span><\/li>\n<li><span id=\"result_box\" class=\"\" lang=\"en\"><span title=\"Entreprises et f\u00e9d\u00e9rations d'entreprises \u00a0\u00a0\u00a0\u00a0\">Enterprises and federations<\/span><\/span><\/li>\n<li><span id=\"result_box\" class=\"\" lang=\"en\"><span title=\"Nations Unies : PNUD et ONUDI - Voir nos r\u00e9f\u00e9rences \">United Nations: UNDP and UNIDO &#8211; <\/span><\/span>See our <a href=\"http:\/\/references\">references<\/a><\/li>\n<\/ul>\n<h3 class=\"widget-title\">Contact<\/h3>\n<p><span id=\"result_box\" class=\"\" lang=\"en\"><span title=\"N'h\u00e9sitez pas \u00e0 nous contacter pour nous faire part de vos besoins sp\u00e9cifiques.\">Do not hesitate to contact us to let us know your specific needs.<\/span><\/span><\/p>\n<p><span style=\"border-radius: 2px; text-indent: 20px; width: auto; padding: 0px 4px 0px 0px; text-align: center; font: bold 11px\/20px 'Helvetica Neue',Helvetica,sans-serif; color: #ffffff; background: #bd081c no-repeat scroll 3px 50% \/ 14px 14px; position: absolute; opacity: 1; z-index: 8675309; display: none; cursor: pointer;\">Enregistrer<\/span><\/p>\n<p><span style=\"border-radius: 2px; text-indent: 20px; width: auto; padding: 0px 4px 0px 0px; text-align: center; font: bold 11px\/20px 'Helvetica Neue',Helvetica,sans-serif; color: #ffffff; background: #bd081c no-repeat scroll 3px 50% \/ 14px 14px; position: absolute; opacity: 1; z-index: 8675309; display: none; cursor: pointer;\">Enregistrer<\/span><\/p>\n<p>[\/et_pb_text][\/et_pb_column_inner][\/et_pb_row_inner][\/et_pb_column][et_pb_column type=&#8221;1_4&#8243;][et_pb_sidebar _builder_version=&#8221;3.0.51&#8243; area=&#8221;sidebar-1&#8243; orientation=&#8221;left&#8221; background_layout=&#8221;light&#8221; \/][\/et_pb_column][\/et_pb_section]<\/p>\n","protected":false},"excerpt":{"rendered":"<p>Training services Integrating the challenges of the great transition is currently a necessity for any organization or community wishing to pursue a sustainable development. We offer training on current issues, economic innovation and participatory approaches to project management and evaluation. Training I. The fundamentals of the great transition Challenges and necessity of the great transition [&hellip;]<\/p>\n","protected":false},"author":2,"featured_media":0,"parent":5505,"menu_order":0,"comment_status":"closed","ping_status":"closed","template":"","meta":{"_et_pb_use_builder":"on","_et_pb_old_content":"","_et_gb_content_width":"","jetpack_post_was_ever_published":false,"footnotes":""},"class_list":["post-5525","page","type-page","status-publish","hentry"],"yoast_head":"<!-- This site is optimized with the Yoast SEO plugin v26.9 - https:\/\/yoast.com\/product\/yoast-seo-wordpress\/ -->\n<title>Training services - Pierre W. Johnson<\/title>\n<meta name=\"robots\" content=\"index, follow, max-snippet:-1, max-image-preview:large, max-video-preview:-1\" \/>\n<link rel=\"canonical\" href=\"https:\/\/www.pierrejohnson.eu\/en\/services\/training-services\/\" \/>\n<meta property=\"og:locale\" content=\"en_US\" \/>\n<meta property=\"og:type\" content=\"article\" \/>\n<meta property=\"og:title\" content=\"Training services - Pierre W. Johnson\" \/>\n<meta property=\"og:description\" content=\"Training services Integrating the challenges of the great transition is currently a necessity for any organization or community wishing to pursue a sustainable development. We offer training on current issues, economic innovation and participatory approaches to project management and evaluation. Training I. The fundamentals of the great transition Challenges and necessity of the great transition [&hellip;]\" \/>\n<meta property=\"og:url\" content=\"https:\/\/www.pierrejohnson.eu\/en\/services\/training-services\/\" \/>\n<meta property=\"og:site_name\" content=\"Pierre W. Johnson\" \/>\n<meta property=\"article:modified_time\" content=\"2017-08-07T08:03:51+00:00\" \/>\n<meta name=\"twitter:card\" content=\"summary_large_image\" \/>\n<meta name=\"twitter:label1\" content=\"Est. reading time\" \/>\n\t<meta name=\"twitter:data1\" content=\"2 minutes\" \/>\n<script type=\"application\/ld+json\" class=\"yoast-schema-graph\">{\"@context\":\"https:\/\/schema.org\",\"@graph\":[{\"@type\":\"WebPage\",\"@id\":\"https:\/\/www.pierrejohnson.eu\/en\/services\/training-services\/\",\"url\":\"https:\/\/www.pierrejohnson.eu\/en\/services\/training-services\/\",\"name\":\"Training services - Pierre W. Johnson\",\"isPartOf\":{\"@id\":\"https:\/\/www.pierrejohnson.eu\/en\/#website\"},\"datePublished\":\"2017-06-22T14:11:23+00:00\",\"dateModified\":\"2017-08-07T08:03:51+00:00\",\"breadcrumb\":{\"@id\":\"https:\/\/www.pierrejohnson.eu\/en\/services\/training-services\/#breadcrumb\"},\"inLanguage\":\"en-US\",\"potentialAction\":[{\"@type\":\"ReadAction\",\"target\":[\"https:\/\/www.pierrejohnson.eu\/en\/services\/training-services\/\"]}]},{\"@type\":\"BreadcrumbList\",\"@id\":\"https:\/\/www.pierrejohnson.eu\/en\/services\/training-services\/#breadcrumb\",\"itemListElement\":[{\"@type\":\"ListItem\",\"position\":1,\"name\":\"Accueil\",\"item\":\"https:\/\/www.pierrejohnson.eu\/en\/\"},{\"@type\":\"ListItem\",\"position\":2,\"name\":\"Our services\",\"item\":\"https:\/\/www.pierrejohnson.eu\/en\/services\/\"},{\"@type\":\"ListItem\",\"position\":3,\"name\":\"Training services\"}]},{\"@type\":\"WebSite\",\"@id\":\"https:\/\/www.pierrejohnson.eu\/en\/#website\",\"url\":\"https:\/\/www.pierrejohnson.eu\/en\/\",\"name\":\"Pierre W. Johnson\",\"description\":\"Transition &amp; Cooperation\",\"potentialAction\":[{\"@type\":\"SearchAction\",\"target\":{\"@type\":\"EntryPoint\",\"urlTemplate\":\"https:\/\/www.pierrejohnson.eu\/en\/?s={search_term_string}\"},\"query-input\":{\"@type\":\"PropertyValueSpecification\",\"valueRequired\":true,\"valueName\":\"search_term_string\"}}],\"inLanguage\":\"en-US\"}]}<\/script>\n<!-- \/ Yoast SEO plugin. -->","yoast_head_json":{"title":"Training services - Pierre W. Johnson","robots":{"index":"index","follow":"follow","max-snippet":"max-snippet:-1","max-image-preview":"max-image-preview:large","max-video-preview":"max-video-preview:-1"},"canonical":"https:\/\/www.pierrejohnson.eu\/en\/services\/training-services\/","og_locale":"en_US","og_type":"article","og_title":"Training services - Pierre W. Johnson","og_description":"Training services Integrating the challenges of the great transition is currently a necessity for any organization or community wishing to pursue a sustainable development. We offer training on current issues, economic innovation and participatory approaches to project management and evaluation. Training I. The fundamentals of the great transition Challenges and necessity of the great transition [&hellip;]","og_url":"https:\/\/www.pierrejohnson.eu\/en\/services\/training-services\/","og_site_name":"Pierre W. Johnson","article_modified_time":"2017-08-07T08:03:51+00:00","twitter_card":"summary_large_image","twitter_misc":{"Est. reading time":"2 minutes"},"schema":{"@context":"https:\/\/schema.org","@graph":[{"@type":"WebPage","@id":"https:\/\/www.pierrejohnson.eu\/en\/services\/training-services\/","url":"https:\/\/www.pierrejohnson.eu\/en\/services\/training-services\/","name":"Training services - Pierre W. Johnson","isPartOf":{"@id":"https:\/\/www.pierrejohnson.eu\/en\/#website"},"datePublished":"2017-06-22T14:11:23+00:00","dateModified":"2017-08-07T08:03:51+00:00","breadcrumb":{"@id":"https:\/\/www.pierrejohnson.eu\/en\/services\/training-services\/#breadcrumb"},"inLanguage":"en-US","potentialAction":[{"@type":"ReadAction","target":["https:\/\/www.pierrejohnson.eu\/en\/services\/training-services\/"]}]},{"@type":"BreadcrumbList","@id":"https:\/\/www.pierrejohnson.eu\/en\/services\/training-services\/#breadcrumb","itemListElement":[{"@type":"ListItem","position":1,"name":"Accueil","item":"https:\/\/www.pierrejohnson.eu\/en\/"},{"@type":"ListItem","position":2,"name":"Our services","item":"https:\/\/www.pierrejohnson.eu\/en\/services\/"},{"@type":"ListItem","position":3,"name":"Training services"}]},{"@type":"WebSite","@id":"https:\/\/www.pierrejohnson.eu\/en\/#website","url":"https:\/\/www.pierrejohnson.eu\/en\/","name":"Pierre W. Johnson","description":"Transition &amp; Cooperation","potentialAction":[{"@type":"SearchAction","target":{"@type":"EntryPoint","urlTemplate":"https:\/\/www.pierrejohnson.eu\/en\/?s={search_term_string}"},"query-input":{"@type":"PropertyValueSpecification","valueRequired":true,"valueName":"search_term_string"}}],"inLanguage":"en-US"}]}},"jetpack_shortlink":"https:\/\/wp.me\/P938H5-1r7","jetpack-related-posts":[],"jetpack_sharing_enabled":true,"_links":{"self":[{"href":"https:\/\/www.pierrejohnson.eu\/en\/wp-json\/wp\/v2\/pages\/5525","targetHints":{"allow":["GET"]}}],"collection":[{"href":"https:\/\/www.pierrejohnson.eu\/en\/wp-json\/wp\/v2\/pages"}],"about":[{"href":"https:\/\/www.pierrejohnson.eu\/en\/wp-json\/wp\/v2\/types\/page"}],"author":[{"embeddable":true,"href":"https:\/\/www.pierrejohnson.eu\/en\/wp-json\/wp\/v2\/users\/2"}],"replies":[{"embeddable":true,"href":"https:\/\/www.pierrejohnson.eu\/en\/wp-json\/wp\/v2\/comments?post=5525"}],"version-history":[{"count":2,"href":"https:\/\/www.pierrejohnson.eu\/en\/wp-json\/wp\/v2\/pages\/5525\/revisions"}],"predecessor-version":[{"id":5794,"href":"https:\/\/www.pierrejohnson.eu\/en\/wp-json\/wp\/v2\/pages\/5525\/revisions\/5794"}],"up":[{"embeddable":true,"href":"https:\/\/www.pierrejohnson.eu\/en\/wp-json\/wp\/v2\/pages\/5505"}],"wp:attachment":[{"href":"https:\/\/www.pierrejohnson.eu\/en\/wp-json\/wp\/v2\/media?parent=5525"}],"curies":[{"name":"wp","href":"https:\/\/api.w.org\/{rel}","templated":true}]}}